{"id":7968,"date":"2025-08-07T13:38:35","date_gmt":"2025-08-07T11:38:35","guid":{"rendered":"https:\/\/damyel.co.il\/?post_type=product&#038;p=7968"},"modified":"2026-04-27T17:42:43","modified_gmt":"2026-04-27T15:42:43","slug":"bloc-brun","status":"publish","type":"product","link":"https:\/\/damyel.co.il\/fr\/product\/bloc-brun\/","title":{"rendered":"Bloc Brun"},"content":{"rendered":"<p>D\u00e9couvrez notre version de la barre c\u00e9r\u00e9ale du go\u00fbter dans une cr\u00e9ation tr\u00e8s peu sucr\u00e9e parsem\u00e9e de noisettes du Piemont. S\u00e9lectionn\u00e9es avec rigueur comme toujours nos amandes de Sicile associ\u00e9es sont associ\u00e9es \u00e0 notre chocolat brun ( version lait vegan) .<\/p>\n<p>Une gourmandise \u00e0 partager sans moderation.<\/p>\n","protected":false},"excerpt":{"rendered":"<p>D\u00e9couvrez notre version de la barre c\u00e9r\u00e9ale du go\u00fbter dans une cr\u00e9ation tr\u00e8s peu sucr\u00e9e parsem\u00e9e de noisettes du Piemont. S\u00e9lectionn\u00e9es avec rigueur comme toujours nos amandes de Sicile associ\u00e9es sont associ\u00e9es \u00e0 notre chocolat brun ( version lait vegan) . Une gourmandise \u00e0 partager sans moderation.<\/p>\n","protected":false},"featured_media":7971,"comment_status":"open","ping_status":"closed","template":"","meta":{"_acf_changed":false},"product_brand":[],"product_cat":[71],"product_tag":[],"class_list":{"0":"post-7968","1":"product","2":"type-product","3":"status-publish","4":"has-post-thumbnail","6":"product_cat-specialites","8":"first","9":"instock","10":"taxable","11":"shipping-taxable","12":"purchasable","13":"product-type-simple"},"acf":[],"_links":{"self":[{"href":"https:\/\/damyel.co.il\/fr\/wp-json\/wp\/v2\/product\/7968","targetHints":{"allow":["GET"]}}],"collection":[{"href":"https:\/\/damyel.co.il\/fr\/wp-json\/wp\/v2\/product"}],"about":[{"href":"https:\/\/damyel.co.il\/fr\/wp-json\/wp\/v2\/types\/product"}],"replies":[{"embeddable":true,"href":"https:\/\/damyel.co.il\/fr\/wp-json\/wp\/v2\/comments?post=7968"}],"wp:featuredmedia":[{"embeddable":true,"href":"https:\/\/damyel.co.il\/fr\/wp-json\/wp\/v2\/media\/7971"}],"wp:attachment":[{"href":"https:\/\/damyel.co.il\/fr\/wp-json\/wp\/v2\/media?parent=7968"}],"wp:term":[{"taxonomy":"product_brand","embeddable":true,"href":"https:\/\/damyel.co.il\/fr\/wp-json\/wp\/v2\/product_brand?post=7968"},{"taxonomy":"product_cat","embeddable":true,"href":"https:\/\/damyel.co.il\/fr\/wp-json\/wp\/v2\/product_cat?post=7968"},{"taxonomy":"product_tag","embeddable":true,"href":"https:\/\/damyel.co.il\/fr\/wp-json\/wp\/v2\/product_tag?post=7968"}],"curies":[{"name":"wp","href":"https:\/\/api.w.org\/{rel}","templated":true}]}}