{"id":6628,"date":"2025-08-07T14:26:50","date_gmt":"2025-08-07T12:26:50","guid":{"rendered":"https:\/\/damyel.co.il\/?post_type=product&#038;p=6628"},"modified":"2026-04-27T17:42:03","modified_gmt":"2026-04-27T15:42:03","slug":"utopia-noir-noisettes","status":"publish","type":"product","link":"https:\/\/damyel.co.il\/fr\/product\/utopia-noir-noisettes\/","title":{"rendered":"UTOPIA NOIR NOISETTES"},"content":{"rendered":"<p>Au commencement c\u2019est avant tout un chocolat, un chocolat maison \u00ab\u00a0Utopia\u00a0\u00bb 75% de cacao. Il est le r\u00e9sultat de l\u2019assemblage d\u2019une f\u00e8ve de Venezuela et du Vietnam. Ce chocolat a \u00e9t\u00e9 pens\u00e9 pour \u00eatre tr\u00e8s fruit\u00e9 et ainsi naturellement s\u2019associer avec des fruits sec.<\/p>\n<p>D\u00e9couvrez le ici associ\u00e9 \u00e0 la noisette du pi\u00e9mont IGP l\u00e9g\u00e8rement caram\u00e9lis\u00e9e.<\/p>\n","protected":false},"excerpt":{"rendered":"<p>Au commencement c\u2019est avant tout un chocolat, un chocolat maison \u00ab\u00a0Utopia\u00a0\u00bb 75% de cacao. Il est le r\u00e9sultat de l\u2019assemblage d\u2019une f\u00e8ve de Venezuela et du Vietnam. Ce chocolat a \u00e9t\u00e9 pens\u00e9 pour \u00eatre tr\u00e8s fruit\u00e9 et ainsi naturellement s\u2019associer avec des fruits sec. D\u00e9couvrez le ici associ\u00e9 \u00e0 la noisette du pi\u00e9mont IGP l\u00e9g\u00e8rement caram\u00e9lis\u00e9e.<\/p>\n","protected":false},"featured_media":6631,"comment_status":"open","ping_status":"closed","template":"","meta":{"_acf_changed":false},"product_brand":[],"product_cat":[70],"product_tag":[],"class_list":{"0":"post-6628","1":"product","2":"type-product","3":"status-publish","4":"has-post-thumbnail","6":"product_cat-tablettes","8":"first","9":"instock","10":"taxable","11":"shipping-taxable","12":"purchasable","13":"product-type-simple"},"acf":[],"_links":{"self":[{"href":"https:\/\/damyel.co.il\/fr\/wp-json\/wp\/v2\/product\/6628","targetHints":{"allow":["GET"]}}],"collection":[{"href":"https:\/\/damyel.co.il\/fr\/wp-json\/wp\/v2\/product"}],"about":[{"href":"https:\/\/damyel.co.il\/fr\/wp-json\/wp\/v2\/types\/product"}],"replies":[{"embeddable":true,"href":"https:\/\/damyel.co.il\/fr\/wp-json\/wp\/v2\/comments?post=6628"}],"wp:featuredmedia":[{"embeddable":true,"href":"https:\/\/damyel.co.il\/fr\/wp-json\/wp\/v2\/media\/6631"}],"wp:attachment":[{"href":"https:\/\/damyel.co.il\/fr\/wp-json\/wp\/v2\/media?parent=6628"}],"wp:term":[{"taxonomy":"product_brand","embeddable":true,"href":"https:\/\/damyel.co.il\/fr\/wp-json\/wp\/v2\/product_brand?post=6628"},{"taxonomy":"product_cat","embeddable":true,"href":"https:\/\/damyel.co.il\/fr\/wp-json\/wp\/v2\/product_cat?post=6628"},{"taxonomy":"product_tag","embeddable":true,"href":"https:\/\/damyel.co.il\/fr\/wp-json\/wp\/v2\/product_tag?post=6628"}],"curies":[{"name":"wp","href":"https:\/\/api.w.org\/{rel}","templated":true}]}}