{"id":5867,"date":"2020-04-10T10:21:58","date_gmt":"2020-04-10T08:21:58","guid":{"rendered":"https:\/\/damyel.co.il\/?post_type=product&#038;p=5867"},"modified":"2026-04-27T17:45:51","modified_gmt":"2026-04-27T15:45:51","slug":"coffret-totem-4","status":"publish","type":"product","link":"https:\/\/damyel.co.il\/fr\/product\/coffret-totem-4\/","title":{"rendered":"COFFRET TOTEM 4"},"content":{"rendered":"<p>Pour les f\u00eates 2025, l\u2019\u00e9t\u00e9 joue les prolongations chez Damyel\u2026<\/p>\n<p>Nos coffrets Totem se parent d\u2019un coucher de soleil, aux nuances dor\u00e9es et r\u00e9confortantes, comme une \u00e9treinte chaleureuse au seuil d\u2019une nouvelle ann\u00e9e\u2026<\/p>\n<p>\u00c0 l\u2019int\u00e9rieur, de nouvelles cr\u00e9ations gourmandes, pens\u00e9es pour enchanter vos instants, et des packagings repens\u00e9s comme de v\u00e9ritables objets de f\u00eate.<\/p>\n<p>Un rituel \u00e0 la fois \u00e9l\u00e9gant et r\u00e9confortant, pour d\u00e9marrer la saison avec \u00e9clat.<\/p>\n<p>Retrouvez tout le savoir faire et les sp\u00e9cialit\u00e9s de la maison concentr\u00e9s et r\u00e9unis dans un \u00e9crin prestigieux o\u00f9 le chocolat s\u2019allie \u00e0 l\u2019objet d\u2019art.<\/p>\n<p>Notre Totem se d\u00e9cline en 2 versions pour le plaisir des yeux et des papilles.<\/p>\n<p>Il contient les produits suivants : 1 cadre pomme, 1 melange ourson et marrons glac\u00e9s , Florentin et Nishnoush,\u00a0 1 Bloc brun,\u00a0 1 nougat, 1 p\u00e2te d&rsquo;amande et 1 ganache et pralin\u00e9 T1.<\/p>\n","protected":false},"excerpt":{"rendered":"<p>Pour les f\u00eates 2025, l\u2019\u00e9t\u00e9 joue les prolongations chez Damyel\u2026 Nos coffrets Totem se parent d\u2019un coucher de soleil, aux nuances dor\u00e9es et r\u00e9confortantes, comme une \u00e9treinte chaleureuse au seuil d\u2019une nouvelle ann\u00e9e\u2026 \u00c0 l\u2019int\u00e9rieur, de nouvelles cr\u00e9ations gourmandes, pens\u00e9es pour enchanter vos instants, et des packagings repens\u00e9s comme de v\u00e9ritables objets de f\u00eate. Un rituel \u00e0 la fois \u00e9l\u00e9gant et r\u00e9confortant, pour d\u00e9marrer la saison avec \u00e9clat. Retrouvez tout le savoir faire et les sp\u00e9cialit\u00e9s de la maison concentr\u00e9s et r\u00e9unis dans un \u00e9crin prestigieux o\u00f9 le chocolat s\u2019allie \u00e0 l\u2019objet d\u2019art. Notre Totem se d\u00e9cline en 2 versions pour le plaisir des yeux et des papilles. Il contient les produits suivants : 1 cadre pomme, 1 melange ourson et marrons glac\u00e9s , Florentin et Nishnoush,\u00a0 1 Bloc brun,\u00a0 1 nougat, 1 p\u00e2te d&rsquo;amande et 1 ganache et pralin\u00e9 T1.<\/p>\n","protected":false},"featured_media":6568,"comment_status":"open","ping_status":"closed","template":"","meta":{"_acf_changed":false},"product_brand":[],"product_cat":[67],"product_tag":[],"class_list":{"0":"post-5867","1":"product","2":"type-product","3":"status-publish","4":"has-post-thumbnail","6":"product_cat-coffrets","8":"first","9":"instock","10":"taxable","11":"shipping-taxable","12":"purchasable","13":"product-type-simple"},"acf":[],"_links":{"self":[{"href":"https:\/\/damyel.co.il\/fr\/wp-json\/wp\/v2\/product\/5867","targetHints":{"allow":["GET"]}}],"collection":[{"href":"https:\/\/damyel.co.il\/fr\/wp-json\/wp\/v2\/product"}],"about":[{"href":"https:\/\/damyel.co.il\/fr\/wp-json\/wp\/v2\/types\/product"}],"replies":[{"embeddable":true,"href":"https:\/\/damyel.co.il\/fr\/wp-json\/wp\/v2\/comments?post=5867"}],"wp:featuredmedia":[{"embeddable":true,"href":"https:\/\/damyel.co.il\/fr\/wp-json\/wp\/v2\/media\/6568"}],"wp:attachment":[{"href":"https:\/\/damyel.co.il\/fr\/wp-json\/wp\/v2\/media?parent=5867"}],"wp:term":[{"taxonomy":"product_brand","embeddable":true,"href":"https:\/\/damyel.co.il\/fr\/wp-json\/wp\/v2\/product_brand?post=5867"},{"taxonomy":"product_cat","embeddable":true,"href":"https:\/\/damyel.co.il\/fr\/wp-json\/wp\/v2\/product_cat?post=5867"},{"taxonomy":"product_tag","embeddable":true,"href":"https:\/\/damyel.co.il\/fr\/wp-json\/wp\/v2\/product_tag?post=5867"}],"curies":[{"name":"wp","href":"https:\/\/api.w.org\/{rel}","templated":true}]}}