{"id":5088,"date":"2022-04-10T09:24:13","date_gmt":"2022-04-10T07:24:13","guid":{"rendered":"https:\/\/damyel.co.il\/?post_type=product&#038;p=5088"},"modified":"2026-04-27T17:45:50","modified_gmt":"2026-04-27T15:45:50","slug":"box-maison-5","status":"publish","type":"product","link":"https:\/\/damyel.co.il\/fr\/product\/box-maison-5\/","title":{"rendered":"BOX MAISON 5"},"content":{"rendered":"<p>Coffret embl\u00e9matique qui r\u00e9unit tout le savoir faire de maison dans une bo\u00eete aux lignes et \u00e9pur\u00e9e.<\/p>\n<p>Format maxi ou mini, les \u00e9l\u00e9ments se modulent au gr\u00e8s de vos envies et peuvent ainsi se conserver au frais s\u00e9par\u00e9ment.<\/p>\n<p>N\u2019h\u00e9sitez plus : offrez une exp\u00e9rience culinaire et visuelle savoureuse.<\/p>\n","protected":false},"excerpt":{"rendered":"<p>Coffret embl\u00e9matique qui r\u00e9unit tout le savoir faire de maison dans une bo\u00eete aux lignes et \u00e9pur\u00e9e. Format maxi ou mini, les \u00e9l\u00e9ments se modulent au gr\u00e8s de vos envies et peuvent ainsi se conserver au frais s\u00e9par\u00e9ment. N\u2019h\u00e9sitez plus : offrez une exp\u00e9rience culinaire et visuelle savoureuse.<\/p>\n","protected":false},"featured_media":6855,"comment_status":"open","ping_status":"closed","template":"","meta":{"_acf_changed":false},"product_brand":[],"product_cat":[67],"product_tag":[],"class_list":{"0":"post-5088","1":"product","2":"type-product","3":"status-publish","4":"has-post-thumbnail","6":"product_cat-coffrets","8":"first","9":"instock","10":"taxable","11":"shipping-taxable","12":"purchasable","13":"product-type-simple"},"acf":[],"yoast_head":"<!-- This site is optimized with the Yoast SEO plugin v27.5 - https:\/\/yoast.com\/product\/yoast-seo-wordpress\/ -->\n<title>BOX MAISON 5 - \u05d3\u05de\u05d9\u05d0\u05dc<\/title>\n<meta name=\"robots\" content=\"index, follow, max-snippet:-1, max-image-preview:large, max-video-preview:-1\" \/>\n<link rel=\"canonical\" href=\"https:\/\/damyel.co.il\/fr\/product\/box-maison-5\/\" \/>\n<meta property=\"og:locale\" content=\"fr_FR\" \/>\n<meta property=\"og:type\" content=\"article\" \/>\n<meta property=\"og:title\" content=\"BOX MAISON 5 - \u05d3\u05de\u05d9\u05d0\u05dc\" \/>\n<meta property=\"og:description\" content=\"Coffret embl\u00e9matique qui r\u00e9unit tout le savoir faire de maison dans une bo\u00eete aux lignes et \u00e9pur\u00e9e. Format maxi ou mini, les \u00e9l\u00e9ments se modulent au gr\u00e8s de vos envies et peuvent ainsi se conserver au frais s\u00e9par\u00e9ment. N\u2019h\u00e9sitez plus : offrez une exp\u00e9rience culinaire et visuelle savoureuse.\" \/>\n<meta property=\"og:url\" content=\"https:\/\/damyel.co.il\/fr\/product\/box-maison-5\/\" \/>\n<meta property=\"og:site_name\" content=\"\u05d3\u05de\u05d9\u05d0\u05dc\" \/>\n<meta property=\"article:publisher\" content=\"https:\/\/www.facebook.com\/damyelparis\" \/>\n<meta property=\"article:modified_time\" content=\"2026-04-27T15:45:50+00:00\" \/>\n<meta property=\"og:image\" content=\"https:\/\/damyel.co.il\/wp-content\/uploads\/2026\/01\/Damyel-web-13.jpg\" \/>\n\t<meta property=\"og:image:width\" content=\"1354\" \/>\n\t<meta property=\"og:image:height\" content=\"1418\" \/>\n\t<meta property=\"og:image:type\" content=\"image\/jpeg\" \/>\n<meta name=\"twitter:card\" content=\"summary_large_image\" \/>\n<script type=\"application\/ld+json\" class=\"yoast-schema-graph\">{\"@context\":\"https:\\\/\\\/schema.org\",\"@graph\":[{\"@type\":\"WebPage\",\"@id\":\"https:\\\/\\\/damyel.co.il\\\/fr\\\/product\\\/box-maison-5\\\/\",\"url\":\"https:\\\/\\\/damyel.co.il\\\/fr\\\/product\\\/box-maison-5\\\/\",\"name\":\"BOX MAISON 5 - \u05d3\u05de\u05d9\u05d0\u05dc\",\"isPartOf\":{\"@id\":\"https:\\\/\\\/damyel.co.il\\\/#website\"},\"primaryImageOfPage\":{\"@id\":\"https:\\\/\\\/damyel.co.il\\\/fr\\\/product\\\/box-maison-5\\\/#primaryimage\"},\"image\":{\"@id\":\"https:\\\/\\\/damyel.co.il\\\/fr\\\/product\\\/box-maison-5\\\/#primaryimage\"},\"thumbnailUrl\":\"https:\\\/\\\/damyel.co.il\\\/wp-content\\\/uploads\\\/2026\\\/01\\\/Damyel-web-13.jpg\",\"datePublished\":\"2022-04-10T07:24:13+00:00\",\"dateModified\":\"2026-04-27T15:45:50+00:00\",\"breadcrumb\":{\"@id\":\"https:\\\/\\\/damyel.co.il\\\/fr\\\/product\\\/box-maison-5\\\/#breadcrumb\"},\"inLanguage\":\"fr-FR\",\"potentialAction\":[{\"@type\":\"ReadAction\",\"target\":[\"https:\\\/\\\/damyel.co.il\\\/fr\\\/product\\\/box-maison-5\\\/\"]}]},{\"@type\":\"ImageObject\",\"inLanguage\":\"fr-FR\",\"@id\":\"https:\\\/\\\/damyel.co.il\\\/fr\\\/product\\\/box-maison-5\\\/#primaryimage\",\"url\":\"https:\\\/\\\/damyel.co.il\\\/wp-content\\\/uploads\\\/2026\\\/01\\\/Damyel-web-13.jpg\",\"contentUrl\":\"https:\\\/\\\/damyel.co.il\\\/wp-content\\\/uploads\\\/2026\\\/01\\\/Damyel-web-13.jpg\",\"width\":1354,\"height\":1418},{\"@type\":\"BreadcrumbList\",\"@id\":\"https:\\\/\\\/damyel.co.il\\\/fr\\\/product\\\/box-maison-5\\\/#breadcrumb\",\"itemListElement\":[{\"@type\":\"ListItem\",\"position\":1,\"name\":\"Home\",\"item\":\"https:\\\/\\\/damyel.co.il\\\/fr\\\/\"},{\"@type\":\"ListItem\",\"position\":2,\"name\":\"Products\",\"item\":\"https:\\\/\\\/damyel.co.il\\\/en\\\/shop\\\/\"},{\"@type\":\"ListItem\",\"position\":3,\"name\":\"BOX MAISON 5\"}]},{\"@type\":\"WebSite\",\"@id\":\"https:\\\/\\\/damyel.co.il\\\/#website\",\"url\":\"https:\\\/\\\/damyel.co.il\\\/\",\"name\":\"\u05d3\u05de\u05d9\u05d0\u05dc\",\"description\":\"\",\"publisher\":{\"@id\":\"https:\\\/\\\/damyel.co.il\\\/#organization\"},\"potentialAction\":[{\"@type\":\"SearchAction\",\"target\":{\"@type\":\"EntryPoint\",\"urlTemplate\":\"https:\\\/\\\/damyel.co.il\\\/?s={search_term_string}\"},\"query-input\":{\"@type\":\"PropertyValueSpecification\",\"valueRequired\":true,\"valueName\":\"search_term_string\"}}],\"inLanguage\":\"fr-FR\"},{\"@type\":\"Organization\",\"@id\":\"https:\\\/\\\/damyel.co.il\\\/#organization\",\"name\":\"\u05d3\u05de\u05d9\u05d0\u05dc\",\"url\":\"https:\\\/\\\/damyel.co.il\\\/\",\"logo\":{\"@type\":\"ImageObject\",\"inLanguage\":\"fr-FR\",\"@id\":\"https:\\\/\\\/damyel.co.il\\\/#\\\/schema\\\/logo\\\/image\\\/\",\"url\":\"https:\\\/\\\/damyel.co.il\\\/wp-content\\\/uploads\\\/2025\\\/07\\\/logo-1655683224.jpg.png\",\"contentUrl\":\"https:\\\/\\\/damyel.co.il\\\/wp-content\\\/uploads\\\/2025\\\/07\\\/logo-1655683224.jpg.png\",\"width\":476,\"height\":70,\"caption\":\"\u05d3\u05de\u05d9\u05d0\u05dc\"},\"image\":{\"@id\":\"https:\\\/\\\/damyel.co.il\\\/#\\\/schema\\\/logo\\\/image\\\/\"},\"sameAs\":[\"https:\\\/\\\/www.facebook.com\\\/damyelparis\",\"https:\\\/\\\/www.instagram.com\\\/damyel_paris\"]}]}<\/script>\n<!-- \/ Yoast SEO plugin. -->","yoast_head_json":{"title":"BOX MAISON 5 - \u05d3\u05de\u05d9\u05d0\u05dc","robots":{"index":"index","follow":"follow","max-snippet":"max-snippet:-1","max-image-preview":"max-image-preview:large","max-video-preview":"max-video-preview:-1"},"canonical":"https:\/\/damyel.co.il\/fr\/product\/box-maison-5\/","og_locale":"fr_FR","og_type":"article","og_title":"BOX MAISON 5 - \u05d3\u05de\u05d9\u05d0\u05dc","og_description":"Coffret embl\u00e9matique qui r\u00e9unit tout le savoir faire de maison dans une bo\u00eete aux lignes et \u00e9pur\u00e9e. Format maxi ou mini, les \u00e9l\u00e9ments se modulent au gr\u00e8s de vos envies et peuvent ainsi se conserver au frais s\u00e9par\u00e9ment. N\u2019h\u00e9sitez plus : offrez une exp\u00e9rience culinaire et visuelle savoureuse.","og_url":"https:\/\/damyel.co.il\/fr\/product\/box-maison-5\/","og_site_name":"\u05d3\u05de\u05d9\u05d0\u05dc","article_publisher":"https:\/\/www.facebook.com\/damyelparis","article_modified_time":"2026-04-27T15:45:50+00:00","og_image":[{"width":1354,"height":1418,"url":"https:\/\/damyel.co.il\/wp-content\/uploads\/2026\/01\/Damyel-web-13.jpg","type":"image\/jpeg"}],"twitter_card":"summary_large_image","schema":{"@context":"https:\/\/schema.org","@graph":[{"@type":"WebPage","@id":"https:\/\/damyel.co.il\/fr\/product\/box-maison-5\/","url":"https:\/\/damyel.co.il\/fr\/product\/box-maison-5\/","name":"BOX MAISON 5 - \u05d3\u05de\u05d9\u05d0\u05dc","isPartOf":{"@id":"https:\/\/damyel.co.il\/#website"},"primaryImageOfPage":{"@id":"https:\/\/damyel.co.il\/fr\/product\/box-maison-5\/#primaryimage"},"image":{"@id":"https:\/\/damyel.co.il\/fr\/product\/box-maison-5\/#primaryimage"},"thumbnailUrl":"https:\/\/damyel.co.il\/wp-content\/uploads\/2026\/01\/Damyel-web-13.jpg","datePublished":"2022-04-10T07:24:13+00:00","dateModified":"2026-04-27T15:45:50+00:00","breadcrumb":{"@id":"https:\/\/damyel.co.il\/fr\/product\/box-maison-5\/#breadcrumb"},"inLanguage":"fr-FR","potentialAction":[{"@type":"ReadAction","target":["https:\/\/damyel.co.il\/fr\/product\/box-maison-5\/"]}]},{"@type":"ImageObject","inLanguage":"fr-FR","@id":"https:\/\/damyel.co.il\/fr\/product\/box-maison-5\/#primaryimage","url":"https:\/\/damyel.co.il\/wp-content\/uploads\/2026\/01\/Damyel-web-13.jpg","contentUrl":"https:\/\/damyel.co.il\/wp-content\/uploads\/2026\/01\/Damyel-web-13.jpg","width":1354,"height":1418},{"@type":"BreadcrumbList","@id":"https:\/\/damyel.co.il\/fr\/product\/box-maison-5\/#breadcrumb","itemListElement":[{"@type":"ListItem","position":1,"name":"Home","item":"https:\/\/damyel.co.il\/fr\/"},{"@type":"ListItem","position":2,"name":"Products","item":"https:\/\/damyel.co.il\/en\/shop\/"},{"@type":"ListItem","position":3,"name":"BOX MAISON 5"}]},{"@type":"WebSite","@id":"https:\/\/damyel.co.il\/#website","url":"https:\/\/damyel.co.il\/","name":"\u05d3\u05de\u05d9\u05d0\u05dc","description":"","publisher":{"@id":"https:\/\/damyel.co.il\/#organization"},"potentialAction":[{"@type":"SearchAction","target":{"@type":"EntryPoint","urlTemplate":"https:\/\/damyel.co.il\/?s={search_term_string}"},"query-input":{"@type":"PropertyValueSpecification","valueRequired":true,"valueName":"search_term_string"}}],"inLanguage":"fr-FR"},{"@type":"Organization","@id":"https:\/\/damyel.co.il\/#organization","name":"\u05d3\u05de\u05d9\u05d0\u05dc","url":"https:\/\/damyel.co.il\/","logo":{"@type":"ImageObject","inLanguage":"fr-FR","@id":"https:\/\/damyel.co.il\/#\/schema\/logo\/image\/","url":"https:\/\/damyel.co.il\/wp-content\/uploads\/2025\/07\/logo-1655683224.jpg.png","contentUrl":"https:\/\/damyel.co.il\/wp-content\/uploads\/2025\/07\/logo-1655683224.jpg.png","width":476,"height":70,"caption":"\u05d3\u05de\u05d9\u05d0\u05dc"},"image":{"@id":"https:\/\/damyel.co.il\/#\/schema\/logo\/image\/"},"sameAs":["https:\/\/www.facebook.com\/damyelparis","https:\/\/www.instagram.com\/damyel_paris"]}]}},"_links":{"self":[{"href":"https:\/\/damyel.co.il\/fr\/wp-json\/wp\/v2\/product\/5088","targetHints":{"allow":["GET"]}}],"collection":[{"href":"https:\/\/damyel.co.il\/fr\/wp-json\/wp\/v2\/product"}],"about":[{"href":"https:\/\/damyel.co.il\/fr\/wp-json\/wp\/v2\/types\/product"}],"replies":[{"embeddable":true,"href":"https:\/\/damyel.co.il\/fr\/wp-json\/wp\/v2\/comments?post=5088"}],"wp:featuredmedia":[{"embeddable":true,"href":"https:\/\/damyel.co.il\/fr\/wp-json\/wp\/v2\/media\/6855"}],"wp:attachment":[{"href":"https:\/\/damyel.co.il\/fr\/wp-json\/wp\/v2\/media?parent=5088"}],"wp:term":[{"taxonomy":"product_brand","embeddable":true,"href":"https:\/\/damyel.co.il\/fr\/wp-json\/wp\/v2\/product_brand?post=5088"},{"taxonomy":"product_cat","embeddable":true,"href":"https:\/\/damyel.co.il\/fr\/wp-json\/wp\/v2\/product_cat?post=5088"},{"taxonomy":"product_tag","embeddable":true,"href":"https:\/\/damyel.co.il\/fr\/wp-json\/wp\/v2\/product_tag?post=5088"}],"curies":[{"name":"wp","href":"https:\/\/api.w.org\/{rel}","templated":true}]}}