{"id":2228,"date":"2026-04-10T09:29:11","date_gmt":"2026-04-10T07:29:11","guid":{"rendered":"https:\/\/damyel.co.il\/?post_type=product&#038;p=2228"},"modified":"2026-04-27T17:42:02","modified_gmt":"2026-04-27T15:42:02","slug":"republique-dominicaine-75","status":"publish","type":"product","link":"https:\/\/damyel.co.il\/fr\/product\/republique-dominicaine-75\/","title":{"rendered":"REPUBLIQUE DOMINICAINE 75%"},"content":{"rendered":"<div id=\"product-description-short-112\" class=\"product-description\">\n<p>A la d\u00e9gustation, l&rsquo;attaque en bouche est ronde et douce, suivi d&rsquo;une acidit\u00e9 subtile, donnant \u00e0 ce chocolat des notes fruit\u00e9es et acidul\u00e9es.<br \/>\nLe milieu de bouche porte sur des notes plus chaudes de vanille et de r\u00e9glisse. Enfin la fin de bouche laisse sur une grande longueur, soutenue par des notes cacao<\/p>\n<\/div>\n","protected":false},"excerpt":{"rendered":"<p>A la d\u00e9gustation, l&rsquo;attaque en bouche est ronde et douce, suivi d&rsquo;une acidit\u00e9 subtile, donnant \u00e0 ce chocolat des notes fruit\u00e9es et acidul\u00e9es. Le milieu de bouche porte sur des notes plus chaudes de vanille et de r\u00e9glisse. Enfin la fin de bouche laisse sur une grande longueur, soutenue par des notes cacao<\/p>\n","protected":false},"featured_media":1998,"comment_status":"open","ping_status":"closed","template":"","meta":{"_acf_changed":false},"product_brand":[],"product_cat":[70],"product_tag":[],"class_list":{"0":"post-2228","1":"product","2":"type-product","3":"status-publish","4":"has-post-thumbnail","6":"product_cat-tablettes","8":"first","9":"instock","10":"taxable","11":"shipping-taxable","12":"purchasable","13":"product-type-simple"},"acf":[],"yoast_head":"<!-- This site is optimized with the Yoast SEO plugin v27.5 - https:\/\/yoast.com\/product\/yoast-seo-wordpress\/ -->\n<title>REPUBLIQUE DOMINICAINE 75% - \u05d3\u05de\u05d9\u05d0\u05dc<\/title>\n<meta name=\"robots\" content=\"index, follow, max-snippet:-1, max-image-preview:large, max-video-preview:-1\" \/>\n<link rel=\"canonical\" href=\"https:\/\/damyel.co.il\/fr\/product\/republique-dominicaine-75\/\" \/>\n<meta property=\"og:locale\" content=\"fr_FR\" \/>\n<meta property=\"og:type\" content=\"article\" \/>\n<meta property=\"og:title\" content=\"REPUBLIQUE DOMINICAINE 75% - \u05d3\u05de\u05d9\u05d0\u05dc\" \/>\n<meta property=\"og:description\" content=\"A la d\u00e9gustation, l&rsquo;attaque en bouche est ronde et douce, suivi d&rsquo;une acidit\u00e9 subtile, donnant \u00e0 ce chocolat des notes fruit\u00e9es et acidul\u00e9es. Le milieu de bouche porte sur des notes plus chaudes de vanille et de r\u00e9glisse. Enfin la fin de bouche laisse sur une grande longueur, soutenue par des notes cacao\" \/>\n<meta property=\"og:url\" content=\"https:\/\/damyel.co.il\/fr\/product\/republique-dominicaine-75\/\" \/>\n<meta property=\"og:site_name\" content=\"\u05d3\u05de\u05d9\u05d0\u05dc\" \/>\n<meta property=\"article:publisher\" content=\"https:\/\/www.facebook.com\/damyelparis\" \/>\n<meta property=\"article:modified_time\" content=\"2026-04-27T15:42:02+00:00\" \/>\n<meta property=\"og:image\" content=\"https:\/\/damyel.co.il\/wp-content\/uploads\/2025\/08\/tablette-chocolat-70-75.png\" \/>\n\t<meta property=\"og:image:width\" content=\"677\" \/>\n\t<meta property=\"og:image:height\" content=\"709\" \/>\n\t<meta property=\"og:image:type\" content=\"image\/png\" \/>\n<meta name=\"twitter:card\" content=\"summary_large_image\" \/>\n<script type=\"application\/ld+json\" class=\"yoast-schema-graph\">{\"@context\":\"https:\\\/\\\/schema.org\",\"@graph\":[{\"@type\":\"WebPage\",\"@id\":\"https:\\\/\\\/damyel.co.il\\\/fr\\\/product\\\/republique-dominicaine-75\\\/\",\"url\":\"https:\\\/\\\/damyel.co.il\\\/fr\\\/product\\\/republique-dominicaine-75\\\/\",\"name\":\"REPUBLIQUE DOMINICAINE 75% - \u05d3\u05de\u05d9\u05d0\u05dc\",\"isPartOf\":{\"@id\":\"https:\\\/\\\/damyel.co.il\\\/#website\"},\"primaryImageOfPage\":{\"@id\":\"https:\\\/\\\/damyel.co.il\\\/fr\\\/product\\\/republique-dominicaine-75\\\/#primaryimage\"},\"image\":{\"@id\":\"https:\\\/\\\/damyel.co.il\\\/fr\\\/product\\\/republique-dominicaine-75\\\/#primaryimage\"},\"thumbnailUrl\":\"https:\\\/\\\/damyel.co.il\\\/wp-content\\\/uploads\\\/2025\\\/08\\\/tablette-chocolat-70-75.png\",\"datePublished\":\"2026-04-10T07:29:11+00:00\",\"dateModified\":\"2026-04-27T15:42:02+00:00\",\"breadcrumb\":{\"@id\":\"https:\\\/\\\/damyel.co.il\\\/fr\\\/product\\\/republique-dominicaine-75\\\/#breadcrumb\"},\"inLanguage\":\"fr-FR\",\"potentialAction\":[{\"@type\":\"ReadAction\",\"target\":[\"https:\\\/\\\/damyel.co.il\\\/fr\\\/product\\\/republique-dominicaine-75\\\/\"]}]},{\"@type\":\"ImageObject\",\"inLanguage\":\"fr-FR\",\"@id\":\"https:\\\/\\\/damyel.co.il\\\/fr\\\/product\\\/republique-dominicaine-75\\\/#primaryimage\",\"url\":\"https:\\\/\\\/damyel.co.il\\\/wp-content\\\/uploads\\\/2025\\\/08\\\/tablette-chocolat-70-75.png\",\"contentUrl\":\"https:\\\/\\\/damyel.co.il\\\/wp-content\\\/uploads\\\/2025\\\/08\\\/tablette-chocolat-70-75.png\",\"width\":677,\"height\":709},{\"@type\":\"BreadcrumbList\",\"@id\":\"https:\\\/\\\/damyel.co.il\\\/fr\\\/product\\\/republique-dominicaine-75\\\/#breadcrumb\",\"itemListElement\":[{\"@type\":\"ListItem\",\"position\":1,\"name\":\"Home\",\"item\":\"https:\\\/\\\/damyel.co.il\\\/fr\\\/\"},{\"@type\":\"ListItem\",\"position\":2,\"name\":\"Products\",\"item\":\"https:\\\/\\\/damyel.co.il\\\/en\\\/shop\\\/\"},{\"@type\":\"ListItem\",\"position\":3,\"name\":\"REPUBLIQUE DOMINICAINE 75%\"}]},{\"@type\":\"WebSite\",\"@id\":\"https:\\\/\\\/damyel.co.il\\\/#website\",\"url\":\"https:\\\/\\\/damyel.co.il\\\/\",\"name\":\"\u05d3\u05de\u05d9\u05d0\u05dc\",\"description\":\"\",\"publisher\":{\"@id\":\"https:\\\/\\\/damyel.co.il\\\/#organization\"},\"potentialAction\":[{\"@type\":\"SearchAction\",\"target\":{\"@type\":\"EntryPoint\",\"urlTemplate\":\"https:\\\/\\\/damyel.co.il\\\/?s={search_term_string}\"},\"query-input\":{\"@type\":\"PropertyValueSpecification\",\"valueRequired\":true,\"valueName\":\"search_term_string\"}}],\"inLanguage\":\"fr-FR\"},{\"@type\":\"Organization\",\"@id\":\"https:\\\/\\\/damyel.co.il\\\/#organization\",\"name\":\"\u05d3\u05de\u05d9\u05d0\u05dc\",\"url\":\"https:\\\/\\\/damyel.co.il\\\/\",\"logo\":{\"@type\":\"ImageObject\",\"inLanguage\":\"fr-FR\",\"@id\":\"https:\\\/\\\/damyel.co.il\\\/#\\\/schema\\\/logo\\\/image\\\/\",\"url\":\"https:\\\/\\\/damyel.co.il\\\/wp-content\\\/uploads\\\/2025\\\/07\\\/logo-1655683224.jpg.png\",\"contentUrl\":\"https:\\\/\\\/damyel.co.il\\\/wp-content\\\/uploads\\\/2025\\\/07\\\/logo-1655683224.jpg.png\",\"width\":476,\"height\":70,\"caption\":\"\u05d3\u05de\u05d9\u05d0\u05dc\"},\"image\":{\"@id\":\"https:\\\/\\\/damyel.co.il\\\/#\\\/schema\\\/logo\\\/image\\\/\"},\"sameAs\":[\"https:\\\/\\\/www.facebook.com\\\/damyelparis\",\"https:\\\/\\\/www.instagram.com\\\/damyel_paris\"]}]}<\/script>\n<!-- \/ Yoast SEO plugin. -->","yoast_head_json":{"title":"REPUBLIQUE DOMINICAINE 75% - \u05d3\u05de\u05d9\u05d0\u05dc","robots":{"index":"index","follow":"follow","max-snippet":"max-snippet:-1","max-image-preview":"max-image-preview:large","max-video-preview":"max-video-preview:-1"},"canonical":"https:\/\/damyel.co.il\/fr\/product\/republique-dominicaine-75\/","og_locale":"fr_FR","og_type":"article","og_title":"REPUBLIQUE DOMINICAINE 75% - \u05d3\u05de\u05d9\u05d0\u05dc","og_description":"A la d\u00e9gustation, l&rsquo;attaque en bouche est ronde et douce, suivi d&rsquo;une acidit\u00e9 subtile, donnant \u00e0 ce chocolat des notes fruit\u00e9es et acidul\u00e9es. Le milieu de bouche porte sur des notes plus chaudes de vanille et de r\u00e9glisse. Enfin la fin de bouche laisse sur une grande longueur, soutenue par des notes cacao","og_url":"https:\/\/damyel.co.il\/fr\/product\/republique-dominicaine-75\/","og_site_name":"\u05d3\u05de\u05d9\u05d0\u05dc","article_publisher":"https:\/\/www.facebook.com\/damyelparis","article_modified_time":"2026-04-27T15:42:02+00:00","og_image":[{"width":677,"height":709,"url":"https:\/\/damyel.co.il\/wp-content\/uploads\/2025\/08\/tablette-chocolat-70-75.png","type":"image\/png"}],"twitter_card":"summary_large_image","schema":{"@context":"https:\/\/schema.org","@graph":[{"@type":"WebPage","@id":"https:\/\/damyel.co.il\/fr\/product\/republique-dominicaine-75\/","url":"https:\/\/damyel.co.il\/fr\/product\/republique-dominicaine-75\/","name":"REPUBLIQUE DOMINICAINE 75% - \u05d3\u05de\u05d9\u05d0\u05dc","isPartOf":{"@id":"https:\/\/damyel.co.il\/#website"},"primaryImageOfPage":{"@id":"https:\/\/damyel.co.il\/fr\/product\/republique-dominicaine-75\/#primaryimage"},"image":{"@id":"https:\/\/damyel.co.il\/fr\/product\/republique-dominicaine-75\/#primaryimage"},"thumbnailUrl":"https:\/\/damyel.co.il\/wp-content\/uploads\/2025\/08\/tablette-chocolat-70-75.png","datePublished":"2026-04-10T07:29:11+00:00","dateModified":"2026-04-27T15:42:02+00:00","breadcrumb":{"@id":"https:\/\/damyel.co.il\/fr\/product\/republique-dominicaine-75\/#breadcrumb"},"inLanguage":"fr-FR","potentialAction":[{"@type":"ReadAction","target":["https:\/\/damyel.co.il\/fr\/product\/republique-dominicaine-75\/"]}]},{"@type":"ImageObject","inLanguage":"fr-FR","@id":"https:\/\/damyel.co.il\/fr\/product\/republique-dominicaine-75\/#primaryimage","url":"https:\/\/damyel.co.il\/wp-content\/uploads\/2025\/08\/tablette-chocolat-70-75.png","contentUrl":"https:\/\/damyel.co.il\/wp-content\/uploads\/2025\/08\/tablette-chocolat-70-75.png","width":677,"height":709},{"@type":"BreadcrumbList","@id":"https:\/\/damyel.co.il\/fr\/product\/republique-dominicaine-75\/#breadcrumb","itemListElement":[{"@type":"ListItem","position":1,"name":"Home","item":"https:\/\/damyel.co.il\/fr\/"},{"@type":"ListItem","position":2,"name":"Products","item":"https:\/\/damyel.co.il\/en\/shop\/"},{"@type":"ListItem","position":3,"name":"REPUBLIQUE DOMINICAINE 75%"}]},{"@type":"WebSite","@id":"https:\/\/damyel.co.il\/#website","url":"https:\/\/damyel.co.il\/","name":"\u05d3\u05de\u05d9\u05d0\u05dc","description":"","publisher":{"@id":"https:\/\/damyel.co.il\/#organization"},"potentialAction":[{"@type":"SearchAction","target":{"@type":"EntryPoint","urlTemplate":"https:\/\/damyel.co.il\/?s={search_term_string}"},"query-input":{"@type":"PropertyValueSpecification","valueRequired":true,"valueName":"search_term_string"}}],"inLanguage":"fr-FR"},{"@type":"Organization","@id":"https:\/\/damyel.co.il\/#organization","name":"\u05d3\u05de\u05d9\u05d0\u05dc","url":"https:\/\/damyel.co.il\/","logo":{"@type":"ImageObject","inLanguage":"fr-FR","@id":"https:\/\/damyel.co.il\/#\/schema\/logo\/image\/","url":"https:\/\/damyel.co.il\/wp-content\/uploads\/2025\/07\/logo-1655683224.jpg.png","contentUrl":"https:\/\/damyel.co.il\/wp-content\/uploads\/2025\/07\/logo-1655683224.jpg.png","width":476,"height":70,"caption":"\u05d3\u05de\u05d9\u05d0\u05dc"},"image":{"@id":"https:\/\/damyel.co.il\/#\/schema\/logo\/image\/"},"sameAs":["https:\/\/www.facebook.com\/damyelparis","https:\/\/www.instagram.com\/damyel_paris"]}]}},"_links":{"self":[{"href":"https:\/\/damyel.co.il\/fr\/wp-json\/wp\/v2\/product\/2228","targetHints":{"allow":["GET"]}}],"collection":[{"href":"https:\/\/damyel.co.il\/fr\/wp-json\/wp\/v2\/product"}],"about":[{"href":"https:\/\/damyel.co.il\/fr\/wp-json\/wp\/v2\/types\/product"}],"replies":[{"embeddable":true,"href":"https:\/\/damyel.co.il\/fr\/wp-json\/wp\/v2\/comments?post=2228"}],"wp:featuredmedia":[{"embeddable":true,"href":"https:\/\/damyel.co.il\/fr\/wp-json\/wp\/v2\/media\/1998"}],"wp:attachment":[{"href":"https:\/\/damyel.co.il\/fr\/wp-json\/wp\/v2\/media?parent=2228"}],"wp:term":[{"taxonomy":"product_brand","embeddable":true,"href":"https:\/\/damyel.co.il\/fr\/wp-json\/wp\/v2\/product_brand?post=2228"},{"taxonomy":"product_cat","embeddable":true,"href":"https:\/\/damyel.co.il\/fr\/wp-json\/wp\/v2\/product_cat?post=2228"},{"taxonomy":"product_tag","embeddable":true,"href":"https:\/\/damyel.co.il\/fr\/wp-json\/wp\/v2\/product_tag?post=2228"}],"curies":[{"name":"wp","href":"https:\/\/api.w.org\/{rel}","templated":true}]}}