{"id":2224,"date":"2026-04-10T09:29:12","date_gmt":"2026-04-10T07:29:12","guid":{"rendered":"https:\/\/damyel.co.il\/?post_type=product&#038;p=2224"},"modified":"2026-04-10T09:29:12","modified_gmt":"2026-04-10T07:29:12","slug":"madagascar-100","status":"publish","type":"product","link":"https:\/\/damyel.co.il\/fr\/product\/madagascar-100\/","title":{"rendered":"MADAGASCAR 100%"},"content":{"rendered":"<p>Pour cette tablette brute, puissante, sans sucre, nous avons s\u00e9lectionn\u00e9 un cacao doux, fruit\u00e9, avec peu d\u2019amertume. L\u2019origine est une f\u00e8ve de cacao de profil criollo et de type Sambirano. \u00a0Madagascar poss\u00e8de une longue tradition de culture du cacao suivant des m\u00e9thodes artisanales. Les cacaoyers de grande qualit\u00e9 sont, depuis toujours, pr\u00e9sents dans le Nord Ouest de l\u2019\u00eele.<\/p>\n","protected":false},"excerpt":{"rendered":"<p>Pour cette tablette brute, puissante, sans sucre, nous avons s\u00e9lectionn\u00e9 un cacao doux, fruit\u00e9, avec peu d\u2019amertume. L\u2019origine est une f\u00e8ve de cacao de profil criollo et de type Sambirano. \u00a0Madagascar poss\u00e8de une longue tradition de culture du cacao suivant des m\u00e9thodes artisanales. Les cacaoyers de grande qualit\u00e9 sont, depuis toujours, pr\u00e9sents dans le Nord Ouest de l\u2019\u00eele.<\/p>\n","protected":false},"featured_media":1994,"comment_status":"open","ping_status":"closed","template":"","meta":{"_acf_changed":false},"product_brand":[],"product_cat":[70],"product_tag":[],"class_list":{"0":"post-2224","1":"product","2":"type-product","3":"status-publish","4":"has-post-thumbnail","6":"product_cat-tablettes","8":"first","9":"instock","10":"taxable","11":"shipping-taxable","12":"purchasable","13":"product-type-simple"},"acf":[],"yoast_head":"<!-- This site is optimized with the Yoast SEO plugin v27.5 - https:\/\/yoast.com\/product\/yoast-seo-wordpress\/ -->\n<title>MADAGASCAR 100% - \u05d3\u05de\u05d9\u05d0\u05dc<\/title>\n<meta name=\"robots\" content=\"index, follow, max-snippet:-1, max-image-preview:large, max-video-preview:-1\" \/>\n<link rel=\"canonical\" href=\"https:\/\/damyel.co.il\/fr\/product\/madagascar-100\/\" \/>\n<meta property=\"og:locale\" content=\"fr_FR\" \/>\n<meta property=\"og:type\" content=\"article\" \/>\n<meta property=\"og:title\" content=\"MADAGASCAR 100% - \u05d3\u05de\u05d9\u05d0\u05dc\" \/>\n<meta property=\"og:description\" content=\"Pour cette tablette brute, puissante, sans sucre, nous avons s\u00e9lectionn\u00e9 un cacao doux, fruit\u00e9, avec peu d\u2019amertume. L\u2019origine est une f\u00e8ve de cacao de profil criollo et de type Sambirano. \u00a0Madagascar poss\u00e8de une longue tradition de culture du cacao suivant des m\u00e9thodes artisanales. Les cacaoyers de grande qualit\u00e9 sont, depuis toujours, pr\u00e9sents dans le Nord Ouest de l\u2019\u00eele.\" \/>\n<meta property=\"og:url\" content=\"https:\/\/damyel.co.il\/fr\/product\/madagascar-100\/\" \/>\n<meta property=\"og:site_name\" content=\"\u05d3\u05de\u05d9\u05d0\u05dc\" \/>\n<meta property=\"article:publisher\" content=\"https:\/\/www.facebook.com\/damyelparis\" \/>\n<meta property=\"og:image\" content=\"https:\/\/damyel.co.il\/wp-content\/uploads\/2025\/08\/tablette-chocolat-70-71.png\" \/>\n\t<meta property=\"og:image:width\" content=\"695\" \/>\n\t<meta property=\"og:image:height\" content=\"789\" \/>\n\t<meta property=\"og:image:type\" content=\"image\/png\" \/>\n<meta name=\"twitter:card\" content=\"summary_large_image\" \/>\n<script type=\"application\/ld+json\" class=\"yoast-schema-graph\">{\"@context\":\"https:\\\/\\\/schema.org\",\"@graph\":[{\"@type\":\"WebPage\",\"@id\":\"https:\\\/\\\/damyel.co.il\\\/fr\\\/product\\\/madagascar-100\\\/\",\"url\":\"https:\\\/\\\/damyel.co.il\\\/fr\\\/product\\\/madagascar-100\\\/\",\"name\":\"MADAGASCAR 100% - \u05d3\u05de\u05d9\u05d0\u05dc\",\"isPartOf\":{\"@id\":\"https:\\\/\\\/damyel.co.il\\\/#website\"},\"primaryImageOfPage\":{\"@id\":\"https:\\\/\\\/damyel.co.il\\\/fr\\\/product\\\/madagascar-100\\\/#primaryimage\"},\"image\":{\"@id\":\"https:\\\/\\\/damyel.co.il\\\/fr\\\/product\\\/madagascar-100\\\/#primaryimage\"},\"thumbnailUrl\":\"https:\\\/\\\/damyel.co.il\\\/wp-content\\\/uploads\\\/2025\\\/08\\\/tablette-chocolat-70-71.png\",\"datePublished\":\"2026-04-10T07:29:12+00:00\",\"breadcrumb\":{\"@id\":\"https:\\\/\\\/damyel.co.il\\\/fr\\\/product\\\/madagascar-100\\\/#breadcrumb\"},\"inLanguage\":\"fr-FR\",\"potentialAction\":[{\"@type\":\"ReadAction\",\"target\":[\"https:\\\/\\\/damyel.co.il\\\/fr\\\/product\\\/madagascar-100\\\/\"]}]},{\"@type\":\"ImageObject\",\"inLanguage\":\"fr-FR\",\"@id\":\"https:\\\/\\\/damyel.co.il\\\/fr\\\/product\\\/madagascar-100\\\/#primaryimage\",\"url\":\"https:\\\/\\\/damyel.co.il\\\/wp-content\\\/uploads\\\/2025\\\/08\\\/tablette-chocolat-70-71.png\",\"contentUrl\":\"https:\\\/\\\/damyel.co.il\\\/wp-content\\\/uploads\\\/2025\\\/08\\\/tablette-chocolat-70-71.png\",\"width\":695,\"height\":789},{\"@type\":\"BreadcrumbList\",\"@id\":\"https:\\\/\\\/damyel.co.il\\\/fr\\\/product\\\/madagascar-100\\\/#breadcrumb\",\"itemListElement\":[{\"@type\":\"ListItem\",\"position\":1,\"name\":\"Home\",\"item\":\"https:\\\/\\\/damyel.co.il\\\/fr\\\/\"},{\"@type\":\"ListItem\",\"position\":2,\"name\":\"Products\",\"item\":\"https:\\\/\\\/damyel.co.il\\\/en\\\/shop\\\/\"},{\"@type\":\"ListItem\",\"position\":3,\"name\":\"MADAGASCAR 100%\"}]},{\"@type\":\"WebSite\",\"@id\":\"https:\\\/\\\/damyel.co.il\\\/#website\",\"url\":\"https:\\\/\\\/damyel.co.il\\\/\",\"name\":\"\u05d3\u05de\u05d9\u05d0\u05dc\",\"description\":\"\",\"publisher\":{\"@id\":\"https:\\\/\\\/damyel.co.il\\\/#organization\"},\"potentialAction\":[{\"@type\":\"SearchAction\",\"target\":{\"@type\":\"EntryPoint\",\"urlTemplate\":\"https:\\\/\\\/damyel.co.il\\\/?s={search_term_string}\"},\"query-input\":{\"@type\":\"PropertyValueSpecification\",\"valueRequired\":true,\"valueName\":\"search_term_string\"}}],\"inLanguage\":\"fr-FR\"},{\"@type\":\"Organization\",\"@id\":\"https:\\\/\\\/damyel.co.il\\\/#organization\",\"name\":\"\u05d3\u05de\u05d9\u05d0\u05dc\",\"url\":\"https:\\\/\\\/damyel.co.il\\\/\",\"logo\":{\"@type\":\"ImageObject\",\"inLanguage\":\"fr-FR\",\"@id\":\"https:\\\/\\\/damyel.co.il\\\/#\\\/schema\\\/logo\\\/image\\\/\",\"url\":\"https:\\\/\\\/damyel.co.il\\\/wp-content\\\/uploads\\\/2025\\\/07\\\/logo-1655683224.jpg.png\",\"contentUrl\":\"https:\\\/\\\/damyel.co.il\\\/wp-content\\\/uploads\\\/2025\\\/07\\\/logo-1655683224.jpg.png\",\"width\":476,\"height\":70,\"caption\":\"\u05d3\u05de\u05d9\u05d0\u05dc\"},\"image\":{\"@id\":\"https:\\\/\\\/damyel.co.il\\\/#\\\/schema\\\/logo\\\/image\\\/\"},\"sameAs\":[\"https:\\\/\\\/www.facebook.com\\\/damyelparis\",\"https:\\\/\\\/www.instagram.com\\\/damyel_paris\"]}]}<\/script>\n<!-- \/ Yoast SEO plugin. -->","yoast_head_json":{"title":"MADAGASCAR 100% - \u05d3\u05de\u05d9\u05d0\u05dc","robots":{"index":"index","follow":"follow","max-snippet":"max-snippet:-1","max-image-preview":"max-image-preview:large","max-video-preview":"max-video-preview:-1"},"canonical":"https:\/\/damyel.co.il\/fr\/product\/madagascar-100\/","og_locale":"fr_FR","og_type":"article","og_title":"MADAGASCAR 100% - \u05d3\u05de\u05d9\u05d0\u05dc","og_description":"Pour cette tablette brute, puissante, sans sucre, nous avons s\u00e9lectionn\u00e9 un cacao doux, fruit\u00e9, avec peu d\u2019amertume. L\u2019origine est une f\u00e8ve de cacao de profil criollo et de type Sambirano. \u00a0Madagascar poss\u00e8de une longue tradition de culture du cacao suivant des m\u00e9thodes artisanales. Les cacaoyers de grande qualit\u00e9 sont, depuis toujours, pr\u00e9sents dans le Nord Ouest de l\u2019\u00eele.","og_url":"https:\/\/damyel.co.il\/fr\/product\/madagascar-100\/","og_site_name":"\u05d3\u05de\u05d9\u05d0\u05dc","article_publisher":"https:\/\/www.facebook.com\/damyelparis","og_image":[{"width":695,"height":789,"url":"https:\/\/damyel.co.il\/wp-content\/uploads\/2025\/08\/tablette-chocolat-70-71.png","type":"image\/png"}],"twitter_card":"summary_large_image","schema":{"@context":"https:\/\/schema.org","@graph":[{"@type":"WebPage","@id":"https:\/\/damyel.co.il\/fr\/product\/madagascar-100\/","url":"https:\/\/damyel.co.il\/fr\/product\/madagascar-100\/","name":"MADAGASCAR 100% - \u05d3\u05de\u05d9\u05d0\u05dc","isPartOf":{"@id":"https:\/\/damyel.co.il\/#website"},"primaryImageOfPage":{"@id":"https:\/\/damyel.co.il\/fr\/product\/madagascar-100\/#primaryimage"},"image":{"@id":"https:\/\/damyel.co.il\/fr\/product\/madagascar-100\/#primaryimage"},"thumbnailUrl":"https:\/\/damyel.co.il\/wp-content\/uploads\/2025\/08\/tablette-chocolat-70-71.png","datePublished":"2026-04-10T07:29:12+00:00","breadcrumb":{"@id":"https:\/\/damyel.co.il\/fr\/product\/madagascar-100\/#breadcrumb"},"inLanguage":"fr-FR","potentialAction":[{"@type":"ReadAction","target":["https:\/\/damyel.co.il\/fr\/product\/madagascar-100\/"]}]},{"@type":"ImageObject","inLanguage":"fr-FR","@id":"https:\/\/damyel.co.il\/fr\/product\/madagascar-100\/#primaryimage","url":"https:\/\/damyel.co.il\/wp-content\/uploads\/2025\/08\/tablette-chocolat-70-71.png","contentUrl":"https:\/\/damyel.co.il\/wp-content\/uploads\/2025\/08\/tablette-chocolat-70-71.png","width":695,"height":789},{"@type":"BreadcrumbList","@id":"https:\/\/damyel.co.il\/fr\/product\/madagascar-100\/#breadcrumb","itemListElement":[{"@type":"ListItem","position":1,"name":"Home","item":"https:\/\/damyel.co.il\/fr\/"},{"@type":"ListItem","position":2,"name":"Products","item":"https:\/\/damyel.co.il\/en\/shop\/"},{"@type":"ListItem","position":3,"name":"MADAGASCAR 100%"}]},{"@type":"WebSite","@id":"https:\/\/damyel.co.il\/#website","url":"https:\/\/damyel.co.il\/","name":"\u05d3\u05de\u05d9\u05d0\u05dc","description":"","publisher":{"@id":"https:\/\/damyel.co.il\/#organization"},"potentialAction":[{"@type":"SearchAction","target":{"@type":"EntryPoint","urlTemplate":"https:\/\/damyel.co.il\/?s={search_term_string}"},"query-input":{"@type":"PropertyValueSpecification","valueRequired":true,"valueName":"search_term_string"}}],"inLanguage":"fr-FR"},{"@type":"Organization","@id":"https:\/\/damyel.co.il\/#organization","name":"\u05d3\u05de\u05d9\u05d0\u05dc","url":"https:\/\/damyel.co.il\/","logo":{"@type":"ImageObject","inLanguage":"fr-FR","@id":"https:\/\/damyel.co.il\/#\/schema\/logo\/image\/","url":"https:\/\/damyel.co.il\/wp-content\/uploads\/2025\/07\/logo-1655683224.jpg.png","contentUrl":"https:\/\/damyel.co.il\/wp-content\/uploads\/2025\/07\/logo-1655683224.jpg.png","width":476,"height":70,"caption":"\u05d3\u05de\u05d9\u05d0\u05dc"},"image":{"@id":"https:\/\/damyel.co.il\/#\/schema\/logo\/image\/"},"sameAs":["https:\/\/www.facebook.com\/damyelparis","https:\/\/www.instagram.com\/damyel_paris"]}]}},"_links":{"self":[{"href":"https:\/\/damyel.co.il\/fr\/wp-json\/wp\/v2\/product\/2224","targetHints":{"allow":["GET"]}}],"collection":[{"href":"https:\/\/damyel.co.il\/fr\/wp-json\/wp\/v2\/product"}],"about":[{"href":"https:\/\/damyel.co.il\/fr\/wp-json\/wp\/v2\/types\/product"}],"replies":[{"embeddable":true,"href":"https:\/\/damyel.co.il\/fr\/wp-json\/wp\/v2\/comments?post=2224"}],"wp:featuredmedia":[{"embeddable":true,"href":"https:\/\/damyel.co.il\/fr\/wp-json\/wp\/v2\/media\/1994"}],"wp:attachment":[{"href":"https:\/\/damyel.co.il\/fr\/wp-json\/wp\/v2\/media?parent=2224"}],"wp:term":[{"taxonomy":"product_brand","embeddable":true,"href":"https:\/\/damyel.co.il\/fr\/wp-json\/wp\/v2\/product_brand?post=2224"},{"taxonomy":"product_cat","embeddable":true,"href":"https:\/\/damyel.co.il\/fr\/wp-json\/wp\/v2\/product_cat?post=2224"},{"taxonomy":"product_tag","embeddable":true,"href":"https:\/\/damyel.co.il\/fr\/wp-json\/wp\/v2\/product_tag?post=2224"}],"curies":[{"name":"wp","href":"https:\/\/api.w.org\/{rel}","templated":true}]}}