{"id":2220,"date":"2025-08-07T19:54:14","date_gmt":"2025-08-07T17:54:14","guid":{"rendered":"https:\/\/damyel.co.il\/?post_type=product&#038;p=2220"},"modified":"2026-04-10T09:29:43","modified_gmt":"2026-04-10T07:29:43","slug":"noir-62","status":"publish","type":"product","link":"https:\/\/damyel.co.il\/fr\/product\/noir-62\/","title":{"rendered":"NOIR 62%"},"content":{"rendered":"<p>La tablette \u00ab Noir 62% \u00bb est un assemblage de f\u00e8ves de cacao r\u00e9put\u00e9es pour leur ar\u00f4me intense.<br \/>\nRetrouvez le go\u00fbt unique et embl\u00e9matique aux notes fortes en cacao et au fondant incomparable.<br \/>\nVivement recommand\u00e9 pour vos desserts gourmands : \u00ab Noir 62% \u00bb sera le partenaire id\u00e9al pour apporter fondant et puissance aromatique \u00e0 vos entremets et p\u00e2tisseries fines.<\/p>\n","protected":false},"excerpt":{"rendered":"<p>La tablette \u00ab Noir 62% \u00bb est un assemblage de f\u00e8ves de cacao r\u00e9put\u00e9es pour leur ar\u00f4me intense. Retrouvez le go\u00fbt unique et embl\u00e9matique aux notes fortes en cacao et au fondant incomparable. Vivement recommand\u00e9 pour vos desserts gourmands : \u00ab Noir 62% \u00bb sera le partenaire id\u00e9al pour apporter fondant et puissance aromatique \u00e0 vos entremets et p\u00e2tisseries fines.<\/p>\n","protected":false},"featured_media":1999,"comment_status":"open","ping_status":"closed","template":"","meta":{"_acf_changed":false},"product_brand":[],"product_cat":[70],"product_tag":[],"class_list":{"0":"post-2220","1":"product","2":"type-product","3":"status-publish","4":"has-post-thumbnail","6":"product_cat-tablettes","8":"first","9":"outofstock","10":"taxable","11":"shipping-taxable","12":"purchasable","13":"product-type-simple"},"acf":[],"_links":{"self":[{"href":"https:\/\/damyel.co.il\/fr\/wp-json\/wp\/v2\/product\/2220","targetHints":{"allow":["GET"]}}],"collection":[{"href":"https:\/\/damyel.co.il\/fr\/wp-json\/wp\/v2\/product"}],"about":[{"href":"https:\/\/damyel.co.il\/fr\/wp-json\/wp\/v2\/types\/product"}],"replies":[{"embeddable":true,"href":"https:\/\/damyel.co.il\/fr\/wp-json\/wp\/v2\/comments?post=2220"}],"wp:featuredmedia":[{"embeddable":true,"href":"https:\/\/damyel.co.il\/fr\/wp-json\/wp\/v2\/media\/1999"}],"wp:attachment":[{"href":"https:\/\/damyel.co.il\/fr\/wp-json\/wp\/v2\/media?parent=2220"}],"wp:term":[{"taxonomy":"product_brand","embeddable":true,"href":"https:\/\/damyel.co.il\/fr\/wp-json\/wp\/v2\/product_brand?post=2220"},{"taxonomy":"product_cat","embeddable":true,"href":"https:\/\/damyel.co.il\/fr\/wp-json\/wp\/v2\/product_cat?post=2220"},{"taxonomy":"product_tag","embeddable":true,"href":"https:\/\/damyel.co.il\/fr\/wp-json\/wp\/v2\/product_tag?post=2220"}],"curies":[{"name":"wp","href":"https:\/\/api.w.org\/{rel}","templated":true}]}}