{"id":2214,"date":"2025-08-07T14:03:57","date_gmt":"2025-08-07T12:03:57","guid":{"rendered":"https:\/\/damyel.co.il\/?post_type=product&#038;p=2214"},"modified":"2026-04-10T09:30:40","modified_gmt":"2026-04-10T07:30:40","slug":"pate-a-tartiner","status":"publish","type":"product","link":"https:\/\/damyel.co.il\/fr\/product\/pate-a-tartiner\/","title":{"rendered":"P\u00e2te \u00e0 Tartiner"},"content":{"rendered":"<p>Oserez vous gouter \u00e0 la meilleure p\u00e2te \u00e0 tartiner de tous les temps ?<\/p>\n<p>Ne pensez que mani\u00e8res premi\u00e8res nobles : noisettes du pi\u00e9mont IGP, cacao et gousses de vanille de madagsacar, et juste ce qu\u2019il faut de sucre pour rendre cette p\u00e2te \u00e0 tartiner ultra gourmande.<\/p>\n<p>Avec le parti pris de n\u2019utiliser aucune huile de palme, ni huile ajout\u00e9e,, sans additif ni conservateur, la texture de notre p\u00e2te \u00e0 tartiner peut \u00e9voluer dans le temps. Pour retrouver toute son onctuosit\u00e9, il vous suffit de la r\u00e9chauffer l\u00e9g\u00e8rement, de bien la m\u00e9langer et le tour est jou\u00e9. Il ne vous reste plus qu&rsquo;a tartiner avec l\u00e9g\u00e8ret\u00e9 !<\/p>\n","protected":false},"excerpt":{"rendered":"<p>Oserez vous gouter \u00e0 la meilleure p\u00e2te \u00e0 tartiner de tous les temps ? Ne pensez que mani\u00e8res premi\u00e8res nobles : noisettes du pi\u00e9mont IGP, cacao et gousses de vanille de madagsacar, et juste ce qu\u2019il faut de sucre pour rendre cette p\u00e2te \u00e0 tartiner ultra gourmande. Avec le parti pris de n\u2019utiliser aucune huile de palme, ni huile ajout\u00e9e,, sans additif ni conservateur, la texture de notre p\u00e2te \u00e0 tartiner peut \u00e9voluer dans le temps. Pour retrouver toute son onctuosit\u00e9, il vous suffit de la r\u00e9chauffer l\u00e9g\u00e8rement, de bien la m\u00e9langer et le tour est jou\u00e9. Il ne vous reste plus qu&rsquo;a tartiner avec l\u00e9g\u00e8ret\u00e9 !<\/p>\n","protected":false},"featured_media":6900,"comment_status":"open","ping_status":"closed","template":"","meta":{"_acf_changed":false},"product_brand":[],"product_cat":[71],"product_tag":[],"class_list":{"0":"post-2214","1":"product","2":"type-product","3":"status-publish","4":"has-post-thumbnail","6":"product_cat-specialites","8":"first","9":"instock","10":"taxable","11":"shipping-taxable","12":"purchasable","13":"product-type-simple"},"acf":[],"_links":{"self":[{"href":"https:\/\/damyel.co.il\/fr\/wp-json\/wp\/v2\/product\/2214","targetHints":{"allow":["GET"]}}],"collection":[{"href":"https:\/\/damyel.co.il\/fr\/wp-json\/wp\/v2\/product"}],"about":[{"href":"https:\/\/damyel.co.il\/fr\/wp-json\/wp\/v2\/types\/product"}],"replies":[{"embeddable":true,"href":"https:\/\/damyel.co.il\/fr\/wp-json\/wp\/v2\/comments?post=2214"}],"wp:featuredmedia":[{"embeddable":true,"href":"https:\/\/damyel.co.il\/fr\/wp-json\/wp\/v2\/media\/6900"}],"wp:attachment":[{"href":"https:\/\/damyel.co.il\/fr\/wp-json\/wp\/v2\/media?parent=2214"}],"wp:term":[{"taxonomy":"product_brand","embeddable":true,"href":"https:\/\/damyel.co.il\/fr\/wp-json\/wp\/v2\/product_brand?post=2214"},{"taxonomy":"product_cat","embeddable":true,"href":"https:\/\/damyel.co.il\/fr\/wp-json\/wp\/v2\/product_cat?post=2214"},{"taxonomy":"product_tag","embeddable":true,"href":"https:\/\/damyel.co.il\/fr\/wp-json\/wp\/v2\/product_tag?post=2214"}],"curies":[{"name":"wp","href":"https:\/\/api.w.org\/{rel}","templated":true}]}}