{"id":2213,"date":"2025-08-07T14:02:39","date_gmt":"2025-08-07T12:02:39","guid":{"rendered":"https:\/\/damyel.co.il\/?post_type=product&#038;p=2213"},"modified":"2026-04-27T17:42:03","modified_gmt":"2026-04-27T15:42:03","slug":"praline-noisettes","status":"publish","type":"product","link":"https:\/\/damyel.co.il\/fr\/product\/praline-noisettes\/","title":{"rendered":"Pralin\u00e9 Noisettes"},"content":{"rendered":"<p>Notre pralin\u00e9, saveur f\u00e9tiche de la maison est le r\u00e9sultat d\u2019un savoir faire de plus de 30 ans. Son go\u00fbt unique vient en partie des fantastiques noisettes qui le composent. En effet nos noisettes sont originaires d\u2019Italie et labellis\u00e9es noisette pi\u00e9mont IGP.<\/p>\n<p>Le pralin\u00e9 longuement broy\u00e9 pour lui donner sa texture soyeuse sera le partenaire id\u00e9al pour vos pr\u00e9parations p\u00e2tissi\u00e8res.<\/p>\n","protected":false},"excerpt":{"rendered":"<p>Notre pralin\u00e9, saveur f\u00e9tiche de la maison est le r\u00e9sultat d\u2019un savoir faire de plus de 30 ans. Son go\u00fbt unique vient en partie des fantastiques noisettes qui le composent. En effet nos noisettes sont originaires d\u2019Italie et labellis\u00e9es noisette pi\u00e9mont IGP. Le pralin\u00e9 longuement broy\u00e9 pour lui donner sa texture soyeuse sera le partenaire id\u00e9al pour vos pr\u00e9parations p\u00e2tissi\u00e8res.<\/p>\n","protected":false},"featured_media":6903,"comment_status":"open","ping_status":"closed","template":"","meta":{"_acf_changed":false},"product_brand":[],"product_cat":[71],"product_tag":[],"class_list":{"0":"post-2213","1":"product","2":"type-product","3":"status-publish","4":"has-post-thumbnail","6":"product_cat-specialites","8":"first","9":"instock","10":"taxable","11":"shipping-taxable","12":"purchasable","13":"product-type-simple"},"acf":[],"_links":{"self":[{"href":"https:\/\/damyel.co.il\/fr\/wp-json\/wp\/v2\/product\/2213","targetHints":{"allow":["GET"]}}],"collection":[{"href":"https:\/\/damyel.co.il\/fr\/wp-json\/wp\/v2\/product"}],"about":[{"href":"https:\/\/damyel.co.il\/fr\/wp-json\/wp\/v2\/types\/product"}],"replies":[{"embeddable":true,"href":"https:\/\/damyel.co.il\/fr\/wp-json\/wp\/v2\/comments?post=2213"}],"wp:featuredmedia":[{"embeddable":true,"href":"https:\/\/damyel.co.il\/fr\/wp-json\/wp\/v2\/media\/6903"}],"wp:attachment":[{"href":"https:\/\/damyel.co.il\/fr\/wp-json\/wp\/v2\/media?parent=2213"}],"wp:term":[{"taxonomy":"product_brand","embeddable":true,"href":"https:\/\/damyel.co.il\/fr\/wp-json\/wp\/v2\/product_brand?post=2213"},{"taxonomy":"product_cat","embeddable":true,"href":"https:\/\/damyel.co.il\/fr\/wp-json\/wp\/v2\/product_cat?post=2213"},{"taxonomy":"product_tag","embeddable":true,"href":"https:\/\/damyel.co.il\/fr\/wp-json\/wp\/v2\/product_tag?post=2213"}],"curies":[{"name":"wp","href":"https:\/\/api.w.org\/{rel}","templated":true}]}}