{"id":2206,"date":"2025-04-10T09:31:59","date_gmt":"2025-04-10T07:31:59","guid":{"rendered":"https:\/\/damyel.co.il\/?post_type=product&#038;p=2206"},"modified":"2026-04-10T10:02:17","modified_gmt":"2026-04-10T08:02:17","slug":"marrons-glaces-6","status":"publish","type":"product","link":"https:\/\/damyel.co.il\/fr\/product\/marrons-glaces-6\/","title":{"rendered":"Marrons Glac\u00e9s 6"},"content":{"rendered":"<p>C&rsquo;est dans la plus pure tradition fran\u00e7aise que nous perp\u00e9tuons la fabrication de nos marrons glac\u00e9s.<\/p>\n<p>Fuit confit par excellence le marron a toujours \u00e9t\u00e9 synonyme de gourmandise. D\u2019origine napolitaine nos marrons sont d\u00e9licatement parfum\u00e9s \u00e0 la vanille de Madagascar et n\u2019attendent qu\u2019a \u00eatre d\u00e9gust\u00e9s.<\/p>\n","protected":false},"excerpt":{"rendered":"<p>C&rsquo;est dans la plus pure tradition fran\u00e7aise que nous perp\u00e9tuons la fabrication de nos marrons glac\u00e9s. Fuit confit par excellence le marron a toujours \u00e9t\u00e9 synonyme de gourmandise. D\u2019origine napolitaine nos marrons sont d\u00e9licatement parfum\u00e9s \u00e0 la vanille de Madagascar et n\u2019attendent qu\u2019a \u00eatre d\u00e9gust\u00e9s.<\/p>\n","protected":false},"featured_media":1748,"comment_status":"open","ping_status":"closed","template":"","meta":{"_acf_changed":false},"product_brand":[],"product_cat":[71],"product_tag":[],"class_list":{"0":"post-2206","1":"product","2":"type-product","3":"status-publish","4":"has-post-thumbnail","6":"product_cat-specialites","8":"first","9":"instock","10":"taxable","11":"shipping-taxable","12":"purchasable","13":"product-type-simple"},"acf":[],"yoast_head":"<!-- This site is optimized with the Yoast SEO plugin v27.5 - https:\/\/yoast.com\/product\/yoast-seo-wordpress\/ -->\n<title>Marrons Glac\u00e9s 6 - \u05d3\u05de\u05d9\u05d0\u05dc<\/title>\n<meta name=\"robots\" content=\"noindex, follow, max-snippet:-1, max-image-preview:large, max-video-preview:-1\" \/>\n<meta property=\"og:locale\" content=\"fr_FR\" \/>\n<meta property=\"og:type\" content=\"article\" \/>\n<meta property=\"og:title\" content=\"Marrons Glac\u00e9s 6 - \u05d3\u05de\u05d9\u05d0\u05dc\" \/>\n<meta property=\"og:description\" content=\"C&rsquo;est dans la plus pure tradition fran\u00e7aise que nous perp\u00e9tuons la fabrication de nos marrons glac\u00e9s. Fuit confit par excellence le marron a toujours \u00e9t\u00e9 synonyme de gourmandise. D\u2019origine napolitaine nos marrons sont d\u00e9licatement parfum\u00e9s \u00e0 la vanille de Madagascar et n\u2019attendent qu\u2019a \u00eatre d\u00e9gust\u00e9s.\" \/>\n<meta property=\"og:url\" content=\"https:\/\/damyel.co.il\/fr\/product\/marrons-glaces-6\/\" \/>\n<meta property=\"og:site_name\" content=\"\u05d3\u05de\u05d9\u05d0\u05dc\" \/>\n<meta property=\"article:modified_time\" content=\"2026-04-10T08:02:17+00:00\" \/>\n<meta property=\"og:image\" content=\"https:\/\/damyel.co.il\/wp-content\/uploads\/2025\/08\/marrons-glaces-damyel-chocolat-vegan.png\" \/>\n\t<meta property=\"og:image:width\" content=\"695\" \/>\n\t<meta property=\"og:image:height\" content=\"789\" \/>\n\t<meta property=\"og:image:type\" content=\"image\/png\" \/>\n<meta name=\"twitter:card\" content=\"summary_large_image\" \/>\n<script type=\"application\/ld+json\" class=\"yoast-schema-graph\">{\"@context\":\"https:\\\/\\\/schema.org\",\"@graph\":[{\"@type\":\"WebPage\",\"@id\":\"https:\\\/\\\/damyel.co.il\\\/fr\\\/product\\\/marrons-glaces-6\\\/\",\"url\":\"https:\\\/\\\/damyel.co.il\\\/fr\\\/product\\\/marrons-glaces-6\\\/\",\"name\":\"Marrons Glac\u00e9s 6 - \u05d3\u05de\u05d9\u05d0\u05dc\",\"isPartOf\":{\"@id\":\"https:\\\/\\\/damyel.co.il\\\/en\\\/#website\"},\"primaryImageOfPage\":{\"@id\":\"https:\\\/\\\/damyel.co.il\\\/fr\\\/product\\\/marrons-glaces-6\\\/#primaryimage\"},\"image\":{\"@id\":\"https:\\\/\\\/damyel.co.il\\\/fr\\\/product\\\/marrons-glaces-6\\\/#primaryimage\"},\"thumbnailUrl\":\"https:\\\/\\\/damyel.co.il\\\/wp-content\\\/uploads\\\/2025\\\/08\\\/marrons-glaces-damyel-chocolat-vegan.png\",\"datePublished\":\"2025-04-10T07:31:59+00:00\",\"dateModified\":\"2026-04-10T08:02:17+00:00\",\"breadcrumb\":{\"@id\":\"https:\\\/\\\/damyel.co.il\\\/fr\\\/product\\\/marrons-glaces-6\\\/#breadcrumb\"},\"inLanguage\":\"fr-FR\",\"potentialAction\":[{\"@type\":\"ReadAction\",\"target\":[\"https:\\\/\\\/damyel.co.il\\\/fr\\\/product\\\/marrons-glaces-6\\\/\"]}]},{\"@type\":\"ImageObject\",\"inLanguage\":\"fr-FR\",\"@id\":\"https:\\\/\\\/damyel.co.il\\\/fr\\\/product\\\/marrons-glaces-6\\\/#primaryimage\",\"url\":\"https:\\\/\\\/damyel.co.il\\\/wp-content\\\/uploads\\\/2025\\\/08\\\/marrons-glaces-damyel-chocolat-vegan.png\",\"contentUrl\":\"https:\\\/\\\/damyel.co.il\\\/wp-content\\\/uploads\\\/2025\\\/08\\\/marrons-glaces-damyel-chocolat-vegan.png\",\"width\":695,\"height\":789},{\"@type\":\"BreadcrumbList\",\"@id\":\"https:\\\/\\\/damyel.co.il\\\/fr\\\/product\\\/marrons-glaces-6\\\/#breadcrumb\",\"itemListElement\":[{\"@type\":\"ListItem\",\"position\":1,\"name\":\"Home\",\"item\":\"https:\\\/\\\/damyel.co.il\\\/fr\\\/\"},{\"@type\":\"ListItem\",\"position\":2,\"name\":\"Products\",\"item\":\"https:\\\/\\\/damyel.co.il\\\/en\\\/shop\\\/\"},{\"@type\":\"ListItem\",\"position\":3,\"name\":\"Marrons Glac\u00e9s 6\"}]},{\"@type\":\"WebSite\",\"@id\":\"https:\\\/\\\/damyel.co.il\\\/en\\\/#website\",\"url\":\"https:\\\/\\\/damyel.co.il\\\/en\\\/\",\"name\":\"\u05d3\u05de\u05d9\u05d0\u05dc\",\"description\":\"\",\"publisher\":{\"@id\":\"https:\\\/\\\/damyel.co.il\\\/en\\\/#organization\"},\"potentialAction\":[{\"@type\":\"SearchAction\",\"target\":{\"@type\":\"EntryPoint\",\"urlTemplate\":\"https:\\\/\\\/damyel.co.il\\\/en\\\/?s={search_term_string}\"},\"query-input\":{\"@type\":\"PropertyValueSpecification\",\"valueRequired\":true,\"valueName\":\"search_term_string\"}}],\"inLanguage\":\"fr-FR\"},{\"@type\":\"Organization\",\"@id\":\"https:\\\/\\\/damyel.co.il\\\/en\\\/#organization\",\"name\":\"\u05d3\u05de\u05d9\u05d0\u05dc\",\"url\":\"https:\\\/\\\/damyel.co.il\\\/en\\\/\",\"logo\":{\"@type\":\"ImageObject\",\"inLanguage\":\"fr-FR\",\"@id\":\"https:\\\/\\\/damyel.co.il\\\/en\\\/#\\\/schema\\\/logo\\\/image\\\/\",\"url\":\"https:\\\/\\\/damyel.co.il\\\/wp-content\\\/uploads\\\/2025\\\/07\\\/logo-1655683224.jpg.png\",\"contentUrl\":\"https:\\\/\\\/damyel.co.il\\\/wp-content\\\/uploads\\\/2025\\\/07\\\/logo-1655683224.jpg.png\",\"width\":476,\"height\":70,\"caption\":\"\u05d3\u05de\u05d9\u05d0\u05dc\"},\"image\":{\"@id\":\"https:\\\/\\\/damyel.co.il\\\/en\\\/#\\\/schema\\\/logo\\\/image\\\/\"}}]}<\/script>\n<!-- \/ Yoast SEO plugin. -->","yoast_head_json":{"title":"Marrons Glac\u00e9s 6 - \u05d3\u05de\u05d9\u05d0\u05dc","robots":{"index":"noindex","follow":"follow","max-snippet":"max-snippet:-1","max-image-preview":"max-image-preview:large","max-video-preview":"max-video-preview:-1"},"og_locale":"fr_FR","og_type":"article","og_title":"Marrons Glac\u00e9s 6 - \u05d3\u05de\u05d9\u05d0\u05dc","og_description":"C&rsquo;est dans la plus pure tradition fran\u00e7aise que nous perp\u00e9tuons la fabrication de nos marrons glac\u00e9s. Fuit confit par excellence le marron a toujours \u00e9t\u00e9 synonyme de gourmandise. D\u2019origine napolitaine nos marrons sont d\u00e9licatement parfum\u00e9s \u00e0 la vanille de Madagascar et n\u2019attendent qu\u2019a \u00eatre d\u00e9gust\u00e9s.","og_url":"https:\/\/damyel.co.il\/fr\/product\/marrons-glaces-6\/","og_site_name":"\u05d3\u05de\u05d9\u05d0\u05dc","article_modified_time":"2026-04-10T08:02:17+00:00","og_image":[{"width":695,"height":789,"url":"https:\/\/damyel.co.il\/wp-content\/uploads\/2025\/08\/marrons-glaces-damyel-chocolat-vegan.png","type":"image\/png"}],"twitter_card":"summary_large_image","schema":{"@context":"https:\/\/schema.org","@graph":[{"@type":"WebPage","@id":"https:\/\/damyel.co.il\/fr\/product\/marrons-glaces-6\/","url":"https:\/\/damyel.co.il\/fr\/product\/marrons-glaces-6\/","name":"Marrons Glac\u00e9s 6 - \u05d3\u05de\u05d9\u05d0\u05dc","isPartOf":{"@id":"https:\/\/damyel.co.il\/en\/#website"},"primaryImageOfPage":{"@id":"https:\/\/damyel.co.il\/fr\/product\/marrons-glaces-6\/#primaryimage"},"image":{"@id":"https:\/\/damyel.co.il\/fr\/product\/marrons-glaces-6\/#primaryimage"},"thumbnailUrl":"https:\/\/damyel.co.il\/wp-content\/uploads\/2025\/08\/marrons-glaces-damyel-chocolat-vegan.png","datePublished":"2025-04-10T07:31:59+00:00","dateModified":"2026-04-10T08:02:17+00:00","breadcrumb":{"@id":"https:\/\/damyel.co.il\/fr\/product\/marrons-glaces-6\/#breadcrumb"},"inLanguage":"fr-FR","potentialAction":[{"@type":"ReadAction","target":["https:\/\/damyel.co.il\/fr\/product\/marrons-glaces-6\/"]}]},{"@type":"ImageObject","inLanguage":"fr-FR","@id":"https:\/\/damyel.co.il\/fr\/product\/marrons-glaces-6\/#primaryimage","url":"https:\/\/damyel.co.il\/wp-content\/uploads\/2025\/08\/marrons-glaces-damyel-chocolat-vegan.png","contentUrl":"https:\/\/damyel.co.il\/wp-content\/uploads\/2025\/08\/marrons-glaces-damyel-chocolat-vegan.png","width":695,"height":789},{"@type":"BreadcrumbList","@id":"https:\/\/damyel.co.il\/fr\/product\/marrons-glaces-6\/#breadcrumb","itemListElement":[{"@type":"ListItem","position":1,"name":"Home","item":"https:\/\/damyel.co.il\/fr\/"},{"@type":"ListItem","position":2,"name":"Products","item":"https:\/\/damyel.co.il\/en\/shop\/"},{"@type":"ListItem","position":3,"name":"Marrons Glac\u00e9s 6"}]},{"@type":"WebSite","@id":"https:\/\/damyel.co.il\/en\/#website","url":"https:\/\/damyel.co.il\/en\/","name":"\u05d3\u05de\u05d9\u05d0\u05dc","description":"","publisher":{"@id":"https:\/\/damyel.co.il\/en\/#organization"},"potentialAction":[{"@type":"SearchAction","target":{"@type":"EntryPoint","urlTemplate":"https:\/\/damyel.co.il\/en\/?s={search_term_string}"},"query-input":{"@type":"PropertyValueSpecification","valueRequired":true,"valueName":"search_term_string"}}],"inLanguage":"fr-FR"},{"@type":"Organization","@id":"https:\/\/damyel.co.il\/en\/#organization","name":"\u05d3\u05de\u05d9\u05d0\u05dc","url":"https:\/\/damyel.co.il\/en\/","logo":{"@type":"ImageObject","inLanguage":"fr-FR","@id":"https:\/\/damyel.co.il\/en\/#\/schema\/logo\/image\/","url":"https:\/\/damyel.co.il\/wp-content\/uploads\/2025\/07\/logo-1655683224.jpg.png","contentUrl":"https:\/\/damyel.co.il\/wp-content\/uploads\/2025\/07\/logo-1655683224.jpg.png","width":476,"height":70,"caption":"\u05d3\u05de\u05d9\u05d0\u05dc"},"image":{"@id":"https:\/\/damyel.co.il\/en\/#\/schema\/logo\/image\/"}}]}},"_links":{"self":[{"href":"https:\/\/damyel.co.il\/fr\/wp-json\/wp\/v2\/product\/2206","targetHints":{"allow":["GET"]}}],"collection":[{"href":"https:\/\/damyel.co.il\/fr\/wp-json\/wp\/v2\/product"}],"about":[{"href":"https:\/\/damyel.co.il\/fr\/wp-json\/wp\/v2\/types\/product"}],"replies":[{"embeddable":true,"href":"https:\/\/damyel.co.il\/fr\/wp-json\/wp\/v2\/comments?post=2206"}],"wp:featuredmedia":[{"embeddable":true,"href":"https:\/\/damyel.co.il\/fr\/wp-json\/wp\/v2\/media\/1748"}],"wp:attachment":[{"href":"https:\/\/damyel.co.il\/fr\/wp-json\/wp\/v2\/media?parent=2206"}],"wp:term":[{"taxonomy":"product_brand","embeddable":true,"href":"https:\/\/damyel.co.il\/fr\/wp-json\/wp\/v2\/product_brand?post=2206"},{"taxonomy":"product_cat","embeddable":true,"href":"https:\/\/damyel.co.il\/fr\/wp-json\/wp\/v2\/product_cat?post=2206"},{"taxonomy":"product_tag","embeddable":true,"href":"https:\/\/damyel.co.il\/fr\/wp-json\/wp\/v2\/product_tag?post=2206"}],"curies":[{"name":"wp","href":"https:\/\/api.w.org\/{rel}","templated":true}]}}