{"id":2205,"date":"2024-04-10T09:32:00","date_gmt":"2024-04-10T07:32:00","guid":{"rendered":"https:\/\/damyel.co.il\/?post_type=product&#038;p=2205"},"modified":"2026-04-27T17:46:33","modified_gmt":"2026-04-27T15:46:33","slug":"kaori-framboise","status":"publish","type":"product","link":"https:\/\/damyel.co.il\/fr\/product\/kaori-framboise\/","title":{"rendered":"Kaori Framboise"},"content":{"rendered":"<div id=\"product-description-short-13\" class=\"product-description\">\n<p>Cr\u00e9ation originale de la maison, Kaori du japonais \u00ab\u00a0ar\u00f4me, parfum\u00a0\u00bb d\u00e9signe parfaitement cette fine baguette de chocolat noir parfum\u00e9e \u00e0 la framboise.<\/p>\n<p>Chez Damyel, nous aimons marier le chocolat aux notes acidul\u00e9es.\u00a0Il nous paraissait donc \u00e9vident d\u2019associer le temps d\u2019une gourmandise, la framboise au chocolat noir.<\/p>\n<p>&nbsp;<\/p>\n<\/div>\n<div class=\"product-actions js-product-actions\">\n<div class=\"product-variants js-product-variants\"><\/div>\n<div class=\"product-description\">\n<p>&nbsp;<\/p>\n<p>&nbsp;<\/p>\n<p>&nbsp;<\/p>\n<\/div>\n<\/div>\n","protected":false},"excerpt":{"rendered":"<p>Cr\u00e9ation originale de la maison, Kaori du japonais \u00ab\u00a0ar\u00f4me, parfum\u00a0\u00bb d\u00e9signe parfaitement cette fine baguette de chocolat noir parfum\u00e9e \u00e0 la framboise. Chez Damyel, nous aimons marier le chocolat aux notes acidul\u00e9es.\u00a0Il nous paraissait donc \u00e9vident d\u2019associer le temps d\u2019une gourmandise, la framboise au chocolat noir. &nbsp; &nbsp; &nbsp; &nbsp;<\/p>\n","protected":false},"featured_media":1737,"comment_status":"closed","ping_status":"closed","template":"","meta":{"_acf_changed":false},"product_brand":[],"product_cat":[71],"product_tag":[],"class_list":{"0":"post-2205","1":"product","2":"type-product","3":"status-publish","4":"has-post-thumbnail","6":"product_cat-specialites","8":"first","9":"instock","10":"taxable","11":"shipping-taxable","12":"purchasable","13":"product-type-simple"},"acf":[],"_links":{"self":[{"href":"https:\/\/damyel.co.il\/fr\/wp-json\/wp\/v2\/product\/2205","targetHints":{"allow":["GET"]}}],"collection":[{"href":"https:\/\/damyel.co.il\/fr\/wp-json\/wp\/v2\/product"}],"about":[{"href":"https:\/\/damyel.co.il\/fr\/wp-json\/wp\/v2\/types\/product"}],"replies":[{"embeddable":true,"href":"https:\/\/damyel.co.il\/fr\/wp-json\/wp\/v2\/comments?post=2205"}],"wp:featuredmedia":[{"embeddable":true,"href":"https:\/\/damyel.co.il\/fr\/wp-json\/wp\/v2\/media\/1737"}],"wp:attachment":[{"href":"https:\/\/damyel.co.il\/fr\/wp-json\/wp\/v2\/media?parent=2205"}],"wp:term":[{"taxonomy":"product_brand","embeddable":true,"href":"https:\/\/damyel.co.il\/fr\/wp-json\/wp\/v2\/product_brand?post=2205"},{"taxonomy":"product_cat","embeddable":true,"href":"https:\/\/damyel.co.il\/fr\/wp-json\/wp\/v2\/product_cat?post=2205"},{"taxonomy":"product_tag","embeddable":true,"href":"https:\/\/damyel.co.il\/fr\/wp-json\/wp\/v2\/product_tag?post=2205"}],"curies":[{"name":"wp","href":"https:\/\/api.w.org\/{rel}","templated":true}]}}