{"id":2195,"date":"2025-08-07T13:38:42","date_gmt":"2025-08-07T11:38:42","guid":{"rendered":"https:\/\/damyel.co.il\/?post_type=product&#038;p=2195"},"modified":"2026-04-27T17:42:04","modified_gmt":"2026-04-27T15:42:04","slug":"bloc","status":"publish","type":"product","link":"https:\/\/damyel.co.il\/fr\/product\/bloc\/","title":{"rendered":"Bloc"},"content":{"rendered":"<div class=\"product-prices js-product-prices\"><\/div>\n<div class=\"product-information\">\n<div id=\"product-description-short-17\" class=\"product-description\">\n<p>D\u00e9couvrez notre version de la barre c\u00e9r\u00e9ale du go\u00fbter dans une cr\u00e9ation tr\u00e8s peu sucr\u00e9e o\u00f9 les amandes et noisettes sont majoritaires. S\u00e9lectionn\u00e9es avec rigueur comme toujours, nos noisettes viennent du Pi\u00e9mont,\u00a0nos amandes de Sicile associ\u00e9es a un chocolat noir 62% de cacao pour la gourmandise.<\/p>\n<\/div>\n<\/div>\n","protected":false},"excerpt":{"rendered":"<p>D\u00e9couvrez notre version de la barre c\u00e9r\u00e9ale du go\u00fbter dans une cr\u00e9ation tr\u00e8s peu sucr\u00e9e o\u00f9 les amandes et noisettes sont majoritaires. S\u00e9lectionn\u00e9es avec rigueur comme toujours, nos noisettes viennent du Pi\u00e9mont,\u00a0nos amandes de Sicile associ\u00e9es a un chocolat noir 62% de cacao pour la gourmandise.<\/p>\n","protected":false},"featured_media":6888,"comment_status":"open","ping_status":"closed","template":"","meta":{"_acf_changed":false},"product_brand":[],"product_cat":[71],"product_tag":[],"class_list":{"0":"post-2195","1":"product","2":"type-product","3":"status-publish","4":"has-post-thumbnail","6":"product_cat-specialites","8":"first","9":"instock","10":"taxable","11":"shipping-taxable","12":"purchasable","13":"product-type-simple"},"acf":[],"_links":{"self":[{"href":"https:\/\/damyel.co.il\/fr\/wp-json\/wp\/v2\/product\/2195","targetHints":{"allow":["GET"]}}],"collection":[{"href":"https:\/\/damyel.co.il\/fr\/wp-json\/wp\/v2\/product"}],"about":[{"href":"https:\/\/damyel.co.il\/fr\/wp-json\/wp\/v2\/types\/product"}],"replies":[{"embeddable":true,"href":"https:\/\/damyel.co.il\/fr\/wp-json\/wp\/v2\/comments?post=2195"}],"wp:featuredmedia":[{"embeddable":true,"href":"https:\/\/damyel.co.il\/fr\/wp-json\/wp\/v2\/media\/6888"}],"wp:attachment":[{"href":"https:\/\/damyel.co.il\/fr\/wp-json\/wp\/v2\/media?parent=2195"}],"wp:term":[{"taxonomy":"product_brand","embeddable":true,"href":"https:\/\/damyel.co.il\/fr\/wp-json\/wp\/v2\/product_brand?post=2195"},{"taxonomy":"product_cat","embeddable":true,"href":"https:\/\/damyel.co.il\/fr\/wp-json\/wp\/v2\/product_cat?post=2195"},{"taxonomy":"product_tag","embeddable":true,"href":"https:\/\/damyel.co.il\/fr\/wp-json\/wp\/v2\/product_tag?post=2195"}],"curies":[{"name":"wp","href":"https:\/\/api.w.org\/{rel}","templated":true}]}}