{"id":2190,"date":"2025-04-10T09:32:33","date_gmt":"2025-04-10T07:32:33","guid":{"rendered":"https:\/\/damyel.co.il\/?post_type=product&#038;p=2190"},"modified":"2026-04-27T17:42:44","modified_gmt":"2026-04-27T15:42:44","slug":"nougatine","status":"publish","type":"product","link":"https:\/\/damyel.co.il\/fr\/product\/nougatine\/","title":{"rendered":"NOUGATINE"},"content":{"rendered":"<p>Pour cette cr\u00e9ation comme pour tous nos produits le d\u00e9fi \u00e9tait de proposer une nougatine peu sucr\u00e9e. Compos\u00e9e en majorit\u00e9 d\u2019amandes effil\u00e9es, celles ci sont ensuite caram\u00e9lis\u00e9es, \u00e9tal\u00e9es finement et enrob\u00e9es de chocolat noir.<\/p>\n<p>D\u00e9couvrez ou red\u00e9couvrez notre version \u00e9l\u00e9gante d\u2019une nougatine 100% vegan o\u00f9 l\u2019amande est \u00e0 l\u2019honneur.<\/p>\n","protected":false},"excerpt":{"rendered":"<p>Pour cette cr\u00e9ation comme pour tous nos produits le d\u00e9fi \u00e9tait de proposer une nougatine peu sucr\u00e9e. Compos\u00e9e en majorit\u00e9 d\u2019amandes effil\u00e9es, celles ci sont ensuite caram\u00e9lis\u00e9es, \u00e9tal\u00e9es finement et enrob\u00e9es de chocolat noir. D\u00e9couvrez ou red\u00e9couvrez notre version \u00e9l\u00e9gante d\u2019une nougatine 100% vegan o\u00f9 l\u2019amande est \u00e0 l\u2019honneur.<\/p>\n","protected":false},"featured_media":1704,"comment_status":"open","ping_status":"closed","template":"","meta":{"_acf_changed":false},"product_brand":[],"product_cat":[71],"product_tag":[],"class_list":{"0":"post-2190","1":"product","2":"type-product","3":"status-publish","4":"has-post-thumbnail","6":"product_cat-specialites","8":"first","9":"instock","10":"taxable","11":"shipping-taxable","12":"purchasable","13":"product-type-simple"},"acf":[],"yoast_head":"<!-- This site is optimized with the Yoast SEO plugin v27.5 - https:\/\/yoast.com\/product\/yoast-seo-wordpress\/ -->\n<title>NOUGATINE - \u05d3\u05de\u05d9\u05d0\u05dc<\/title>\n<meta name=\"robots\" content=\"index, follow, max-snippet:-1, max-image-preview:large, max-video-preview:-1\" \/>\n<link rel=\"canonical\" href=\"https:\/\/damyel.co.il\/fr\/product\/nougatine\/\" \/>\n<meta property=\"og:locale\" content=\"fr_FR\" \/>\n<meta property=\"og:type\" content=\"article\" \/>\n<meta property=\"og:title\" content=\"NOUGATINE - \u05d3\u05de\u05d9\u05d0\u05dc\" \/>\n<meta property=\"og:description\" content=\"Pour cette cr\u00e9ation comme pour tous nos produits le d\u00e9fi \u00e9tait de proposer une nougatine peu sucr\u00e9e. Compos\u00e9e en majorit\u00e9 d\u2019amandes effil\u00e9es, celles ci sont ensuite caram\u00e9lis\u00e9es, \u00e9tal\u00e9es finement et enrob\u00e9es de chocolat noir. D\u00e9couvrez ou red\u00e9couvrez notre version \u00e9l\u00e9gante d\u2019une nougatine 100% vegan o\u00f9 l\u2019amande est \u00e0 l\u2019honneur.\" \/>\n<meta property=\"og:url\" content=\"https:\/\/damyel.co.il\/fr\/product\/nougatine\/\" \/>\n<meta property=\"og:site_name\" content=\"\u05d3\u05de\u05d9\u05d0\u05dc\" \/>\n<meta property=\"article:publisher\" content=\"https:\/\/www.facebook.com\/damyelparis\" \/>\n<meta property=\"article:modified_time\" content=\"2026-04-27T15:42:44+00:00\" \/>\n<meta property=\"og:image\" content=\"https:\/\/damyel.co.il\/wp-content\/uploads\/2025\/08\/nougatine-chocolats-vegan-2.png\" \/>\n\t<meta property=\"og:image:width\" content=\"677\" \/>\n\t<meta property=\"og:image:height\" content=\"709\" \/>\n\t<meta property=\"og:image:type\" content=\"image\/png\" \/>\n<meta name=\"twitter:card\" content=\"summary_large_image\" \/>\n<script type=\"application\/ld+json\" class=\"yoast-schema-graph\">{\"@context\":\"https:\\\/\\\/schema.org\",\"@graph\":[{\"@type\":\"WebPage\",\"@id\":\"https:\\\/\\\/damyel.co.il\\\/fr\\\/product\\\/nougatine\\\/\",\"url\":\"https:\\\/\\\/damyel.co.il\\\/fr\\\/product\\\/nougatine\\\/\",\"name\":\"NOUGATINE - \u05d3\u05de\u05d9\u05d0\u05dc\",\"isPartOf\":{\"@id\":\"https:\\\/\\\/damyel.co.il\\\/#website\"},\"primaryImageOfPage\":{\"@id\":\"https:\\\/\\\/damyel.co.il\\\/fr\\\/product\\\/nougatine\\\/#primaryimage\"},\"image\":{\"@id\":\"https:\\\/\\\/damyel.co.il\\\/fr\\\/product\\\/nougatine\\\/#primaryimage\"},\"thumbnailUrl\":\"https:\\\/\\\/damyel.co.il\\\/wp-content\\\/uploads\\\/2025\\\/08\\\/nougatine-chocolats-vegan-2.png\",\"datePublished\":\"2025-04-10T07:32:33+00:00\",\"dateModified\":\"2026-04-27T15:42:44+00:00\",\"breadcrumb\":{\"@id\":\"https:\\\/\\\/damyel.co.il\\\/fr\\\/product\\\/nougatine\\\/#breadcrumb\"},\"inLanguage\":\"fr-FR\",\"potentialAction\":[{\"@type\":\"ReadAction\",\"target\":[\"https:\\\/\\\/damyel.co.il\\\/fr\\\/product\\\/nougatine\\\/\"]}]},{\"@type\":\"ImageObject\",\"inLanguage\":\"fr-FR\",\"@id\":\"https:\\\/\\\/damyel.co.il\\\/fr\\\/product\\\/nougatine\\\/#primaryimage\",\"url\":\"https:\\\/\\\/damyel.co.il\\\/wp-content\\\/uploads\\\/2025\\\/08\\\/nougatine-chocolats-vegan-2.png\",\"contentUrl\":\"https:\\\/\\\/damyel.co.il\\\/wp-content\\\/uploads\\\/2025\\\/08\\\/nougatine-chocolats-vegan-2.png\",\"width\":677,\"height\":709},{\"@type\":\"BreadcrumbList\",\"@id\":\"https:\\\/\\\/damyel.co.il\\\/fr\\\/product\\\/nougatine\\\/#breadcrumb\",\"itemListElement\":[{\"@type\":\"ListItem\",\"position\":1,\"name\":\"Home\",\"item\":\"https:\\\/\\\/damyel.co.il\\\/fr\\\/\"},{\"@type\":\"ListItem\",\"position\":2,\"name\":\"Products\",\"item\":\"https:\\\/\\\/damyel.co.il\\\/en\\\/shop\\\/\"},{\"@type\":\"ListItem\",\"position\":3,\"name\":\"NOUGATINE\"}]},{\"@type\":\"WebSite\",\"@id\":\"https:\\\/\\\/damyel.co.il\\\/#website\",\"url\":\"https:\\\/\\\/damyel.co.il\\\/\",\"name\":\"\u05d3\u05de\u05d9\u05d0\u05dc\",\"description\":\"\",\"publisher\":{\"@id\":\"https:\\\/\\\/damyel.co.il\\\/#organization\"},\"potentialAction\":[{\"@type\":\"SearchAction\",\"target\":{\"@type\":\"EntryPoint\",\"urlTemplate\":\"https:\\\/\\\/damyel.co.il\\\/?s={search_term_string}\"},\"query-input\":{\"@type\":\"PropertyValueSpecification\",\"valueRequired\":true,\"valueName\":\"search_term_string\"}}],\"inLanguage\":\"fr-FR\"},{\"@type\":\"Organization\",\"@id\":\"https:\\\/\\\/damyel.co.il\\\/#organization\",\"name\":\"\u05d3\u05de\u05d9\u05d0\u05dc\",\"url\":\"https:\\\/\\\/damyel.co.il\\\/\",\"logo\":{\"@type\":\"ImageObject\",\"inLanguage\":\"fr-FR\",\"@id\":\"https:\\\/\\\/damyel.co.il\\\/#\\\/schema\\\/logo\\\/image\\\/\",\"url\":\"https:\\\/\\\/damyel.co.il\\\/wp-content\\\/uploads\\\/2025\\\/07\\\/logo-1655683224.jpg.png\",\"contentUrl\":\"https:\\\/\\\/damyel.co.il\\\/wp-content\\\/uploads\\\/2025\\\/07\\\/logo-1655683224.jpg.png\",\"width\":476,\"height\":70,\"caption\":\"\u05d3\u05de\u05d9\u05d0\u05dc\"},\"image\":{\"@id\":\"https:\\\/\\\/damyel.co.il\\\/#\\\/schema\\\/logo\\\/image\\\/\"},\"sameAs\":[\"https:\\\/\\\/www.facebook.com\\\/damyelparis\",\"https:\\\/\\\/www.instagram.com\\\/damyel_paris\"]}]}<\/script>\n<!-- \/ Yoast SEO plugin. -->","yoast_head_json":{"title":"NOUGATINE - \u05d3\u05de\u05d9\u05d0\u05dc","robots":{"index":"index","follow":"follow","max-snippet":"max-snippet:-1","max-image-preview":"max-image-preview:large","max-video-preview":"max-video-preview:-1"},"canonical":"https:\/\/damyel.co.il\/fr\/product\/nougatine\/","og_locale":"fr_FR","og_type":"article","og_title":"NOUGATINE - \u05d3\u05de\u05d9\u05d0\u05dc","og_description":"Pour cette cr\u00e9ation comme pour tous nos produits le d\u00e9fi \u00e9tait de proposer une nougatine peu sucr\u00e9e. Compos\u00e9e en majorit\u00e9 d\u2019amandes effil\u00e9es, celles ci sont ensuite caram\u00e9lis\u00e9es, \u00e9tal\u00e9es finement et enrob\u00e9es de chocolat noir. D\u00e9couvrez ou red\u00e9couvrez notre version \u00e9l\u00e9gante d\u2019une nougatine 100% vegan o\u00f9 l\u2019amande est \u00e0 l\u2019honneur.","og_url":"https:\/\/damyel.co.il\/fr\/product\/nougatine\/","og_site_name":"\u05d3\u05de\u05d9\u05d0\u05dc","article_publisher":"https:\/\/www.facebook.com\/damyelparis","article_modified_time":"2026-04-27T15:42:44+00:00","og_image":[{"width":677,"height":709,"url":"https:\/\/damyel.co.il\/wp-content\/uploads\/2025\/08\/nougatine-chocolats-vegan-2.png","type":"image\/png"}],"twitter_card":"summary_large_image","schema":{"@context":"https:\/\/schema.org","@graph":[{"@type":"WebPage","@id":"https:\/\/damyel.co.il\/fr\/product\/nougatine\/","url":"https:\/\/damyel.co.il\/fr\/product\/nougatine\/","name":"NOUGATINE - \u05d3\u05de\u05d9\u05d0\u05dc","isPartOf":{"@id":"https:\/\/damyel.co.il\/#website"},"primaryImageOfPage":{"@id":"https:\/\/damyel.co.il\/fr\/product\/nougatine\/#primaryimage"},"image":{"@id":"https:\/\/damyel.co.il\/fr\/product\/nougatine\/#primaryimage"},"thumbnailUrl":"https:\/\/damyel.co.il\/wp-content\/uploads\/2025\/08\/nougatine-chocolats-vegan-2.png","datePublished":"2025-04-10T07:32:33+00:00","dateModified":"2026-04-27T15:42:44+00:00","breadcrumb":{"@id":"https:\/\/damyel.co.il\/fr\/product\/nougatine\/#breadcrumb"},"inLanguage":"fr-FR","potentialAction":[{"@type":"ReadAction","target":["https:\/\/damyel.co.il\/fr\/product\/nougatine\/"]}]},{"@type":"ImageObject","inLanguage":"fr-FR","@id":"https:\/\/damyel.co.il\/fr\/product\/nougatine\/#primaryimage","url":"https:\/\/damyel.co.il\/wp-content\/uploads\/2025\/08\/nougatine-chocolats-vegan-2.png","contentUrl":"https:\/\/damyel.co.il\/wp-content\/uploads\/2025\/08\/nougatine-chocolats-vegan-2.png","width":677,"height":709},{"@type":"BreadcrumbList","@id":"https:\/\/damyel.co.il\/fr\/product\/nougatine\/#breadcrumb","itemListElement":[{"@type":"ListItem","position":1,"name":"Home","item":"https:\/\/damyel.co.il\/fr\/"},{"@type":"ListItem","position":2,"name":"Products","item":"https:\/\/damyel.co.il\/en\/shop\/"},{"@type":"ListItem","position":3,"name":"NOUGATINE"}]},{"@type":"WebSite","@id":"https:\/\/damyel.co.il\/#website","url":"https:\/\/damyel.co.il\/","name":"\u05d3\u05de\u05d9\u05d0\u05dc","description":"","publisher":{"@id":"https:\/\/damyel.co.il\/#organization"},"potentialAction":[{"@type":"SearchAction","target":{"@type":"EntryPoint","urlTemplate":"https:\/\/damyel.co.il\/?s={search_term_string}"},"query-input":{"@type":"PropertyValueSpecification","valueRequired":true,"valueName":"search_term_string"}}],"inLanguage":"fr-FR"},{"@type":"Organization","@id":"https:\/\/damyel.co.il\/#organization","name":"\u05d3\u05de\u05d9\u05d0\u05dc","url":"https:\/\/damyel.co.il\/","logo":{"@type":"ImageObject","inLanguage":"fr-FR","@id":"https:\/\/damyel.co.il\/#\/schema\/logo\/image\/","url":"https:\/\/damyel.co.il\/wp-content\/uploads\/2025\/07\/logo-1655683224.jpg.png","contentUrl":"https:\/\/damyel.co.il\/wp-content\/uploads\/2025\/07\/logo-1655683224.jpg.png","width":476,"height":70,"caption":"\u05d3\u05de\u05d9\u05d0\u05dc"},"image":{"@id":"https:\/\/damyel.co.il\/#\/schema\/logo\/image\/"},"sameAs":["https:\/\/www.facebook.com\/damyelparis","https:\/\/www.instagram.com\/damyel_paris"]}]}},"_links":{"self":[{"href":"https:\/\/damyel.co.il\/fr\/wp-json\/wp\/v2\/product\/2190","targetHints":{"allow":["GET"]}}],"collection":[{"href":"https:\/\/damyel.co.il\/fr\/wp-json\/wp\/v2\/product"}],"about":[{"href":"https:\/\/damyel.co.il\/fr\/wp-json\/wp\/v2\/types\/product"}],"replies":[{"embeddable":true,"href":"https:\/\/damyel.co.il\/fr\/wp-json\/wp\/v2\/comments?post=2190"}],"wp:featuredmedia":[{"embeddable":true,"href":"https:\/\/damyel.co.il\/fr\/wp-json\/wp\/v2\/media\/1704"}],"wp:attachment":[{"href":"https:\/\/damyel.co.il\/fr\/wp-json\/wp\/v2\/media?parent=2190"}],"wp:term":[{"taxonomy":"product_brand","embeddable":true,"href":"https:\/\/damyel.co.il\/fr\/wp-json\/wp\/v2\/product_brand?post=2190"},{"taxonomy":"product_cat","embeddable":true,"href":"https:\/\/damyel.co.il\/fr\/wp-json\/wp\/v2\/product_cat?post=2190"},{"taxonomy":"product_tag","embeddable":true,"href":"https:\/\/damyel.co.il\/fr\/wp-json\/wp\/v2\/product_tag?post=2190"}],"curies":[{"name":"wp","href":"https:\/\/api.w.org\/{rel}","templated":true}]}}