{"id":2189,"date":"2025-08-07T13:17:56","date_gmt":"2025-08-07T11:17:56","guid":{"rendered":"https:\/\/damyel.co.il\/?post_type=product&#038;p=2189"},"modified":"2026-04-27T17:42:43","modified_gmt":"2026-04-27T15:42:43","slug":"palets-fleur-de-sel","status":"publish","type":"product","link":"https:\/\/damyel.co.il\/fr\/product\/palets-fleur-de-sel\/","title":{"rendered":"Palets Fleur de Sel"},"content":{"rendered":"<p>Imaginez une feuille de chocolat parsem\u00e9e de f\u00e8ves de cacao 62% torr\u00e9fi\u00e9es et agr\u00e9ment\u00e9es d\u2019une pointe de fleur de sel. Vous avez entre les mains notre palet fleur de sel aussi craquant que gourmand !<\/p>\n","protected":false},"excerpt":{"rendered":"<p>Imaginez une feuille de chocolat parsem\u00e9e de f\u00e8ves de cacao 62% torr\u00e9fi\u00e9es et agr\u00e9ment\u00e9es d\u2019une pointe de fleur de sel. Vous avez entre les mains notre palet fleur de sel aussi craquant que gourmand !<\/p>\n","protected":false},"featured_media":5076,"comment_status":"open","ping_status":"closed","template":"","meta":{"_acf_changed":false},"product_brand":[],"product_cat":[71],"product_tag":[],"class_list":{"0":"post-2189","1":"product","2":"type-product","3":"status-publish","4":"has-post-thumbnail","6":"product_cat-specialites","8":"first","9":"instock","10":"taxable","11":"shipping-taxable","12":"purchasable","13":"product-type-simple"},"acf":[],"yoast_head":"<!-- This site is optimized with the Yoast SEO plugin v27.5 - https:\/\/yoast.com\/product\/yoast-seo-wordpress\/ -->\n<title>Palets Fleur de Sel - \u05d3\u05de\u05d9\u05d0\u05dc<\/title>\n<meta name=\"robots\" content=\"noindex, follow, max-snippet:-1, max-image-preview:large, max-video-preview:-1\" \/>\n<meta property=\"og:locale\" content=\"fr_FR\" \/>\n<meta property=\"og:type\" content=\"article\" \/>\n<meta property=\"og:title\" content=\"Palets Fleur de Sel - \u05d3\u05de\u05d9\u05d0\u05dc\" \/>\n<meta property=\"og:description\" content=\"Imaginez une feuille de chocolat parsem\u00e9e de f\u00e8ves de cacao 62% torr\u00e9fi\u00e9es et agr\u00e9ment\u00e9es d\u2019une pointe de fleur de sel. Vous avez entre les mains notre palet fleur de sel aussi craquant que gourmand !\" \/>\n<meta property=\"og:url\" content=\"https:\/\/damyel.co.il\/fr\/product\/palets-fleur-de-sel\/\" \/>\n<meta property=\"og:site_name\" content=\"\u05d3\u05de\u05d9\u05d0\u05dc\" \/>\n<meta property=\"article:modified_time\" content=\"2026-04-27T15:42:43+00:00\" \/>\n<meta property=\"og:image\" content=\"https:\/\/damyel.co.il\/wp-content\/uploads\/2025\/08\/palet-fleur-de-sel-chocolats-vegan.jpg.png\" \/>\n\t<meta property=\"og:image:width\" content=\"695\" \/>\n\t<meta property=\"og:image:height\" content=\"789\" \/>\n\t<meta property=\"og:image:type\" content=\"image\/png\" \/>\n<meta name=\"twitter:card\" content=\"summary_large_image\" \/>\n<script type=\"application\/ld+json\" class=\"yoast-schema-graph\">{\"@context\":\"https:\\\/\\\/schema.org\",\"@graph\":[{\"@type\":\"WebPage\",\"@id\":\"https:\\\/\\\/damyel.co.il\\\/fr\\\/product\\\/palets-fleur-de-sel\\\/\",\"url\":\"https:\\\/\\\/damyel.co.il\\\/fr\\\/product\\\/palets-fleur-de-sel\\\/\",\"name\":\"Palets Fleur de Sel - \u05d3\u05de\u05d9\u05d0\u05dc\",\"isPartOf\":{\"@id\":\"https:\\\/\\\/damyel.co.il\\\/en\\\/#website\"},\"primaryImageOfPage\":{\"@id\":\"https:\\\/\\\/damyel.co.il\\\/fr\\\/product\\\/palets-fleur-de-sel\\\/#primaryimage\"},\"image\":{\"@id\":\"https:\\\/\\\/damyel.co.il\\\/fr\\\/product\\\/palets-fleur-de-sel\\\/#primaryimage\"},\"thumbnailUrl\":\"https:\\\/\\\/damyel.co.il\\\/wp-content\\\/uploads\\\/2025\\\/08\\\/palet-fleur-de-sel-chocolats-vegan.jpg.png\",\"datePublished\":\"2025-08-07T11:17:56+00:00\",\"dateModified\":\"2026-04-27T15:42:43+00:00\",\"breadcrumb\":{\"@id\":\"https:\\\/\\\/damyel.co.il\\\/fr\\\/product\\\/palets-fleur-de-sel\\\/#breadcrumb\"},\"inLanguage\":\"fr-FR\",\"potentialAction\":[{\"@type\":\"ReadAction\",\"target\":[\"https:\\\/\\\/damyel.co.il\\\/fr\\\/product\\\/palets-fleur-de-sel\\\/\"]}]},{\"@type\":\"ImageObject\",\"inLanguage\":\"fr-FR\",\"@id\":\"https:\\\/\\\/damyel.co.il\\\/fr\\\/product\\\/palets-fleur-de-sel\\\/#primaryimage\",\"url\":\"https:\\\/\\\/damyel.co.il\\\/wp-content\\\/uploads\\\/2025\\\/08\\\/palet-fleur-de-sel-chocolats-vegan.jpg.png\",\"contentUrl\":\"https:\\\/\\\/damyel.co.il\\\/wp-content\\\/uploads\\\/2025\\\/08\\\/palet-fleur-de-sel-chocolats-vegan.jpg.png\",\"width\":695,\"height\":789},{\"@type\":\"BreadcrumbList\",\"@id\":\"https:\\\/\\\/damyel.co.il\\\/fr\\\/product\\\/palets-fleur-de-sel\\\/#breadcrumb\",\"itemListElement\":[{\"@type\":\"ListItem\",\"position\":1,\"name\":\"Home\",\"item\":\"https:\\\/\\\/damyel.co.il\\\/fr\\\/\"},{\"@type\":\"ListItem\",\"position\":2,\"name\":\"Products\",\"item\":\"https:\\\/\\\/damyel.co.il\\\/en\\\/shop\\\/\"},{\"@type\":\"ListItem\",\"position\":3,\"name\":\"Palets Fleur de Sel\"}]},{\"@type\":\"WebSite\",\"@id\":\"https:\\\/\\\/damyel.co.il\\\/en\\\/#website\",\"url\":\"https:\\\/\\\/damyel.co.il\\\/en\\\/\",\"name\":\"\u05d3\u05de\u05d9\u05d0\u05dc\",\"description\":\"\",\"publisher\":{\"@id\":\"https:\\\/\\\/damyel.co.il\\\/en\\\/#organization\"},\"potentialAction\":[{\"@type\":\"SearchAction\",\"target\":{\"@type\":\"EntryPoint\",\"urlTemplate\":\"https:\\\/\\\/damyel.co.il\\\/en\\\/?s={search_term_string}\"},\"query-input\":{\"@type\":\"PropertyValueSpecification\",\"valueRequired\":true,\"valueName\":\"search_term_string\"}}],\"inLanguage\":\"fr-FR\"},{\"@type\":\"Organization\",\"@id\":\"https:\\\/\\\/damyel.co.il\\\/en\\\/#organization\",\"name\":\"\u05d3\u05de\u05d9\u05d0\u05dc\",\"url\":\"https:\\\/\\\/damyel.co.il\\\/en\\\/\",\"logo\":{\"@type\":\"ImageObject\",\"inLanguage\":\"fr-FR\",\"@id\":\"https:\\\/\\\/damyel.co.il\\\/en\\\/#\\\/schema\\\/logo\\\/image\\\/\",\"url\":\"https:\\\/\\\/damyel.co.il\\\/wp-content\\\/uploads\\\/2025\\\/07\\\/logo-1655683224.jpg.png\",\"contentUrl\":\"https:\\\/\\\/damyel.co.il\\\/wp-content\\\/uploads\\\/2025\\\/07\\\/logo-1655683224.jpg.png\",\"width\":476,\"height\":70,\"caption\":\"\u05d3\u05de\u05d9\u05d0\u05dc\"},\"image\":{\"@id\":\"https:\\\/\\\/damyel.co.il\\\/en\\\/#\\\/schema\\\/logo\\\/image\\\/\"}}]}<\/script>\n<!-- \/ Yoast SEO plugin. -->","yoast_head_json":{"title":"Palets Fleur de Sel - \u05d3\u05de\u05d9\u05d0\u05dc","robots":{"index":"noindex","follow":"follow","max-snippet":"max-snippet:-1","max-image-preview":"max-image-preview:large","max-video-preview":"max-video-preview:-1"},"og_locale":"fr_FR","og_type":"article","og_title":"Palets Fleur de Sel - \u05d3\u05de\u05d9\u05d0\u05dc","og_description":"Imaginez une feuille de chocolat parsem\u00e9e de f\u00e8ves de cacao 62% torr\u00e9fi\u00e9es et agr\u00e9ment\u00e9es d\u2019une pointe de fleur de sel. Vous avez entre les mains notre palet fleur de sel aussi craquant que gourmand !","og_url":"https:\/\/damyel.co.il\/fr\/product\/palets-fleur-de-sel\/","og_site_name":"\u05d3\u05de\u05d9\u05d0\u05dc","article_modified_time":"2026-04-27T15:42:43+00:00","og_image":[{"width":695,"height":789,"url":"https:\/\/damyel.co.il\/wp-content\/uploads\/2025\/08\/palet-fleur-de-sel-chocolats-vegan.jpg.png","type":"image\/png"}],"twitter_card":"summary_large_image","schema":{"@context":"https:\/\/schema.org","@graph":[{"@type":"WebPage","@id":"https:\/\/damyel.co.il\/fr\/product\/palets-fleur-de-sel\/","url":"https:\/\/damyel.co.il\/fr\/product\/palets-fleur-de-sel\/","name":"Palets Fleur de Sel - \u05d3\u05de\u05d9\u05d0\u05dc","isPartOf":{"@id":"https:\/\/damyel.co.il\/en\/#website"},"primaryImageOfPage":{"@id":"https:\/\/damyel.co.il\/fr\/product\/palets-fleur-de-sel\/#primaryimage"},"image":{"@id":"https:\/\/damyel.co.il\/fr\/product\/palets-fleur-de-sel\/#primaryimage"},"thumbnailUrl":"https:\/\/damyel.co.il\/wp-content\/uploads\/2025\/08\/palet-fleur-de-sel-chocolats-vegan.jpg.png","datePublished":"2025-08-07T11:17:56+00:00","dateModified":"2026-04-27T15:42:43+00:00","breadcrumb":{"@id":"https:\/\/damyel.co.il\/fr\/product\/palets-fleur-de-sel\/#breadcrumb"},"inLanguage":"fr-FR","potentialAction":[{"@type":"ReadAction","target":["https:\/\/damyel.co.il\/fr\/product\/palets-fleur-de-sel\/"]}]},{"@type":"ImageObject","inLanguage":"fr-FR","@id":"https:\/\/damyel.co.il\/fr\/product\/palets-fleur-de-sel\/#primaryimage","url":"https:\/\/damyel.co.il\/wp-content\/uploads\/2025\/08\/palet-fleur-de-sel-chocolats-vegan.jpg.png","contentUrl":"https:\/\/damyel.co.il\/wp-content\/uploads\/2025\/08\/palet-fleur-de-sel-chocolats-vegan.jpg.png","width":695,"height":789},{"@type":"BreadcrumbList","@id":"https:\/\/damyel.co.il\/fr\/product\/palets-fleur-de-sel\/#breadcrumb","itemListElement":[{"@type":"ListItem","position":1,"name":"Home","item":"https:\/\/damyel.co.il\/fr\/"},{"@type":"ListItem","position":2,"name":"Products","item":"https:\/\/damyel.co.il\/en\/shop\/"},{"@type":"ListItem","position":3,"name":"Palets Fleur de Sel"}]},{"@type":"WebSite","@id":"https:\/\/damyel.co.il\/en\/#website","url":"https:\/\/damyel.co.il\/en\/","name":"\u05d3\u05de\u05d9\u05d0\u05dc","description":"","publisher":{"@id":"https:\/\/damyel.co.il\/en\/#organization"},"potentialAction":[{"@type":"SearchAction","target":{"@type":"EntryPoint","urlTemplate":"https:\/\/damyel.co.il\/en\/?s={search_term_string}"},"query-input":{"@type":"PropertyValueSpecification","valueRequired":true,"valueName":"search_term_string"}}],"inLanguage":"fr-FR"},{"@type":"Organization","@id":"https:\/\/damyel.co.il\/en\/#organization","name":"\u05d3\u05de\u05d9\u05d0\u05dc","url":"https:\/\/damyel.co.il\/en\/","logo":{"@type":"ImageObject","inLanguage":"fr-FR","@id":"https:\/\/damyel.co.il\/en\/#\/schema\/logo\/image\/","url":"https:\/\/damyel.co.il\/wp-content\/uploads\/2025\/07\/logo-1655683224.jpg.png","contentUrl":"https:\/\/damyel.co.il\/wp-content\/uploads\/2025\/07\/logo-1655683224.jpg.png","width":476,"height":70,"caption":"\u05d3\u05de\u05d9\u05d0\u05dc"},"image":{"@id":"https:\/\/damyel.co.il\/en\/#\/schema\/logo\/image\/"}}]}},"_links":{"self":[{"href":"https:\/\/damyel.co.il\/fr\/wp-json\/wp\/v2\/product\/2189","targetHints":{"allow":["GET"]}}],"collection":[{"href":"https:\/\/damyel.co.il\/fr\/wp-json\/wp\/v2\/product"}],"about":[{"href":"https:\/\/damyel.co.il\/fr\/wp-json\/wp\/v2\/types\/product"}],"replies":[{"embeddable":true,"href":"https:\/\/damyel.co.il\/fr\/wp-json\/wp\/v2\/comments?post=2189"}],"wp:featuredmedia":[{"embeddable":true,"href":"https:\/\/damyel.co.il\/fr\/wp-json\/wp\/v2\/media\/5076"}],"wp:attachment":[{"href":"https:\/\/damyel.co.il\/fr\/wp-json\/wp\/v2\/media?parent=2189"}],"wp:term":[{"taxonomy":"product_brand","embeddable":true,"href":"https:\/\/damyel.co.il\/fr\/wp-json\/wp\/v2\/product_brand?post=2189"},{"taxonomy":"product_cat","embeddable":true,"href":"https:\/\/damyel.co.il\/fr\/wp-json\/wp\/v2\/product_cat?post=2189"},{"taxonomy":"product_tag","embeddable":true,"href":"https:\/\/damyel.co.il\/fr\/wp-json\/wp\/v2\/product_tag?post=2189"}],"curies":[{"name":"wp","href":"https:\/\/api.w.org\/{rel}","templated":true}]}}