{"id":2182,"date":"2022-08-07T09:59:45","date_gmt":"2022-08-07T07:59:45","guid":{"rendered":"https:\/\/damyel.co.il\/?post_type=product&#038;p=2182"},"modified":"2026-04-27T17:43:37","modified_gmt":"2026-04-27T15:43:37","slug":"ballotin-250g","status":"publish","type":"product","link":"https:\/\/damyel.co.il\/fr\/product\/ballotin-250g\/","title":{"rendered":"Ballotin 250G"},"content":{"rendered":"<p>Coffret assortiment de chocolats pralin\u00e9s, saveur f\u00e9tiche de la maison depuis sa cr\u00e9ation.<\/p>\n<p>Des noisettes s\u00e9lectionn\u00e9es avec la plus grande attention, un sucre caram\u00e9lis\u00e9 avec une rigoureuse pr\u00e9cision, et une pointe de savoir-faire sont les secrets de cette recette.<\/p>\n","protected":false},"excerpt":{"rendered":"<p>Coffret assortiment de chocolats pralin\u00e9s, saveur f\u00e9tiche de la maison depuis sa cr\u00e9ation. Des noisettes s\u00e9lectionn\u00e9es avec la plus grande attention, un sucre caram\u00e9lis\u00e9 avec une rigoureuse pr\u00e9cision, et une pointe de savoir-faire sont les secrets de cette recette.<\/p>\n","protected":false},"featured_media":1829,"comment_status":"open","ping_status":"closed","template":"","meta":{"_acf_changed":false},"product_brand":[],"product_cat":[68],"product_tag":[],"class_list":{"0":"post-2182","1":"product","2":"type-product","3":"status-publish","4":"has-post-thumbnail","6":"product_cat-chocolats","8":"first","9":"instock","10":"taxable","11":"shipping-taxable","12":"purchasable","13":"product-type-simple"},"acf":[],"yoast_head":"<!-- This site is optimized with the Yoast SEO plugin v27.5 - https:\/\/yoast.com\/product\/yoast-seo-wordpress\/ -->\n<title>Ballotin 250G - \u05d3\u05de\u05d9\u05d0\u05dc<\/title>\n<meta name=\"robots\" content=\"index, follow, max-snippet:-1, max-image-preview:large, max-video-preview:-1\" \/>\n<link rel=\"canonical\" href=\"https:\/\/damyel.co.il\/fr\/product\/ballotin-250g\/\" \/>\n<meta property=\"og:locale\" content=\"fr_FR\" \/>\n<meta property=\"og:type\" content=\"article\" \/>\n<meta property=\"og:title\" content=\"Ballotin 250G - \u05d3\u05de\u05d9\u05d0\u05dc\" \/>\n<meta property=\"og:description\" content=\"Coffret assortiment de chocolats pralin\u00e9s, saveur f\u00e9tiche de la maison depuis sa cr\u00e9ation. Des noisettes s\u00e9lectionn\u00e9es avec la plus grande attention, un sucre caram\u00e9lis\u00e9 avec une rigoureuse pr\u00e9cision, et une pointe de savoir-faire sont les secrets de cette recette.\" \/>\n<meta property=\"og:url\" content=\"https:\/\/damyel.co.il\/fr\/product\/ballotin-250g\/\" \/>\n<meta property=\"og:site_name\" content=\"\u05d3\u05de\u05d9\u05d0\u05dc\" \/>\n<meta property=\"article:publisher\" content=\"https:\/\/www.facebook.com\/damyelparis\" \/>\n<meta property=\"article:modified_time\" content=\"2026-04-27T15:43:37+00:00\" \/>\n<meta property=\"og:image\" content=\"https:\/\/damyel.co.il\/wp-content\/uploads\/2025\/08\/ballotin-t1-250g-2.png\" \/>\n\t<meta property=\"og:image:width\" content=\"654\" \/>\n\t<meta property=\"og:image:height\" content=\"709\" \/>\n\t<meta property=\"og:image:type\" content=\"image\/png\" \/>\n<meta name=\"twitter:card\" content=\"summary_large_image\" \/>\n<script type=\"application\/ld+json\" class=\"yoast-schema-graph\">{\"@context\":\"https:\\\/\\\/schema.org\",\"@graph\":[{\"@type\":\"WebPage\",\"@id\":\"https:\\\/\\\/damyel.co.il\\\/fr\\\/product\\\/ballotin-250g\\\/\",\"url\":\"https:\\\/\\\/damyel.co.il\\\/fr\\\/product\\\/ballotin-250g\\\/\",\"name\":\"Ballotin 250G - \u05d3\u05de\u05d9\u05d0\u05dc\",\"isPartOf\":{\"@id\":\"https:\\\/\\\/damyel.co.il\\\/#website\"},\"primaryImageOfPage\":{\"@id\":\"https:\\\/\\\/damyel.co.il\\\/fr\\\/product\\\/ballotin-250g\\\/#primaryimage\"},\"image\":{\"@id\":\"https:\\\/\\\/damyel.co.il\\\/fr\\\/product\\\/ballotin-250g\\\/#primaryimage\"},\"thumbnailUrl\":\"https:\\\/\\\/damyel.co.il\\\/wp-content\\\/uploads\\\/2025\\\/08\\\/ballotin-t1-250g-2.png\",\"datePublished\":\"2022-08-07T07:59:45+00:00\",\"dateModified\":\"2026-04-27T15:43:37+00:00\",\"breadcrumb\":{\"@id\":\"https:\\\/\\\/damyel.co.il\\\/fr\\\/product\\\/ballotin-250g\\\/#breadcrumb\"},\"inLanguage\":\"fr-FR\",\"potentialAction\":[{\"@type\":\"ReadAction\",\"target\":[\"https:\\\/\\\/damyel.co.il\\\/fr\\\/product\\\/ballotin-250g\\\/\"]}]},{\"@type\":\"ImageObject\",\"inLanguage\":\"fr-FR\",\"@id\":\"https:\\\/\\\/damyel.co.il\\\/fr\\\/product\\\/ballotin-250g\\\/#primaryimage\",\"url\":\"https:\\\/\\\/damyel.co.il\\\/wp-content\\\/uploads\\\/2025\\\/08\\\/ballotin-t1-250g-2.png\",\"contentUrl\":\"https:\\\/\\\/damyel.co.il\\\/wp-content\\\/uploads\\\/2025\\\/08\\\/ballotin-t1-250g-2.png\",\"width\":654,\"height\":709},{\"@type\":\"BreadcrumbList\",\"@id\":\"https:\\\/\\\/damyel.co.il\\\/fr\\\/product\\\/ballotin-250g\\\/#breadcrumb\",\"itemListElement\":[{\"@type\":\"ListItem\",\"position\":1,\"name\":\"Home\",\"item\":\"https:\\\/\\\/damyel.co.il\\\/fr\\\/\"},{\"@type\":\"ListItem\",\"position\":2,\"name\":\"Products\",\"item\":\"https:\\\/\\\/damyel.co.il\\\/en\\\/shop\\\/\"},{\"@type\":\"ListItem\",\"position\":3,\"name\":\"Ballotin 250G\"}]},{\"@type\":\"WebSite\",\"@id\":\"https:\\\/\\\/damyel.co.il\\\/#website\",\"url\":\"https:\\\/\\\/damyel.co.il\\\/\",\"name\":\"\u05d3\u05de\u05d9\u05d0\u05dc\",\"description\":\"\",\"publisher\":{\"@id\":\"https:\\\/\\\/damyel.co.il\\\/#organization\"},\"potentialAction\":[{\"@type\":\"SearchAction\",\"target\":{\"@type\":\"EntryPoint\",\"urlTemplate\":\"https:\\\/\\\/damyel.co.il\\\/?s={search_term_string}\"},\"query-input\":{\"@type\":\"PropertyValueSpecification\",\"valueRequired\":true,\"valueName\":\"search_term_string\"}}],\"inLanguage\":\"fr-FR\"},{\"@type\":\"Organization\",\"@id\":\"https:\\\/\\\/damyel.co.il\\\/#organization\",\"name\":\"\u05d3\u05de\u05d9\u05d0\u05dc\",\"url\":\"https:\\\/\\\/damyel.co.il\\\/\",\"logo\":{\"@type\":\"ImageObject\",\"inLanguage\":\"fr-FR\",\"@id\":\"https:\\\/\\\/damyel.co.il\\\/#\\\/schema\\\/logo\\\/image\\\/\",\"url\":\"https:\\\/\\\/damyel.co.il\\\/wp-content\\\/uploads\\\/2025\\\/07\\\/logo-1655683224.jpg.png\",\"contentUrl\":\"https:\\\/\\\/damyel.co.il\\\/wp-content\\\/uploads\\\/2025\\\/07\\\/logo-1655683224.jpg.png\",\"width\":476,\"height\":70,\"caption\":\"\u05d3\u05de\u05d9\u05d0\u05dc\"},\"image\":{\"@id\":\"https:\\\/\\\/damyel.co.il\\\/#\\\/schema\\\/logo\\\/image\\\/\"},\"sameAs\":[\"https:\\\/\\\/www.facebook.com\\\/damyelparis\",\"https:\\\/\\\/www.instagram.com\\\/damyel_paris\"]}]}<\/script>\n<!-- \/ Yoast SEO plugin. -->","yoast_head_json":{"title":"Ballotin 250G - \u05d3\u05de\u05d9\u05d0\u05dc","robots":{"index":"index","follow":"follow","max-snippet":"max-snippet:-1","max-image-preview":"max-image-preview:large","max-video-preview":"max-video-preview:-1"},"canonical":"https:\/\/damyel.co.il\/fr\/product\/ballotin-250g\/","og_locale":"fr_FR","og_type":"article","og_title":"Ballotin 250G - \u05d3\u05de\u05d9\u05d0\u05dc","og_description":"Coffret assortiment de chocolats pralin\u00e9s, saveur f\u00e9tiche de la maison depuis sa cr\u00e9ation. Des noisettes s\u00e9lectionn\u00e9es avec la plus grande attention, un sucre caram\u00e9lis\u00e9 avec une rigoureuse pr\u00e9cision, et une pointe de savoir-faire sont les secrets de cette recette.","og_url":"https:\/\/damyel.co.il\/fr\/product\/ballotin-250g\/","og_site_name":"\u05d3\u05de\u05d9\u05d0\u05dc","article_publisher":"https:\/\/www.facebook.com\/damyelparis","article_modified_time":"2026-04-27T15:43:37+00:00","og_image":[{"width":654,"height":709,"url":"https:\/\/damyel.co.il\/wp-content\/uploads\/2025\/08\/ballotin-t1-250g-2.png","type":"image\/png"}],"twitter_card":"summary_large_image","schema":{"@context":"https:\/\/schema.org","@graph":[{"@type":"WebPage","@id":"https:\/\/damyel.co.il\/fr\/product\/ballotin-250g\/","url":"https:\/\/damyel.co.il\/fr\/product\/ballotin-250g\/","name":"Ballotin 250G - \u05d3\u05de\u05d9\u05d0\u05dc","isPartOf":{"@id":"https:\/\/damyel.co.il\/#website"},"primaryImageOfPage":{"@id":"https:\/\/damyel.co.il\/fr\/product\/ballotin-250g\/#primaryimage"},"image":{"@id":"https:\/\/damyel.co.il\/fr\/product\/ballotin-250g\/#primaryimage"},"thumbnailUrl":"https:\/\/damyel.co.il\/wp-content\/uploads\/2025\/08\/ballotin-t1-250g-2.png","datePublished":"2022-08-07T07:59:45+00:00","dateModified":"2026-04-27T15:43:37+00:00","breadcrumb":{"@id":"https:\/\/damyel.co.il\/fr\/product\/ballotin-250g\/#breadcrumb"},"inLanguage":"fr-FR","potentialAction":[{"@type":"ReadAction","target":["https:\/\/damyel.co.il\/fr\/product\/ballotin-250g\/"]}]},{"@type":"ImageObject","inLanguage":"fr-FR","@id":"https:\/\/damyel.co.il\/fr\/product\/ballotin-250g\/#primaryimage","url":"https:\/\/damyel.co.il\/wp-content\/uploads\/2025\/08\/ballotin-t1-250g-2.png","contentUrl":"https:\/\/damyel.co.il\/wp-content\/uploads\/2025\/08\/ballotin-t1-250g-2.png","width":654,"height":709},{"@type":"BreadcrumbList","@id":"https:\/\/damyel.co.il\/fr\/product\/ballotin-250g\/#breadcrumb","itemListElement":[{"@type":"ListItem","position":1,"name":"Home","item":"https:\/\/damyel.co.il\/fr\/"},{"@type":"ListItem","position":2,"name":"Products","item":"https:\/\/damyel.co.il\/en\/shop\/"},{"@type":"ListItem","position":3,"name":"Ballotin 250G"}]},{"@type":"WebSite","@id":"https:\/\/damyel.co.il\/#website","url":"https:\/\/damyel.co.il\/","name":"\u05d3\u05de\u05d9\u05d0\u05dc","description":"","publisher":{"@id":"https:\/\/damyel.co.il\/#organization"},"potentialAction":[{"@type":"SearchAction","target":{"@type":"EntryPoint","urlTemplate":"https:\/\/damyel.co.il\/?s={search_term_string}"},"query-input":{"@type":"PropertyValueSpecification","valueRequired":true,"valueName":"search_term_string"}}],"inLanguage":"fr-FR"},{"@type":"Organization","@id":"https:\/\/damyel.co.il\/#organization","name":"\u05d3\u05de\u05d9\u05d0\u05dc","url":"https:\/\/damyel.co.il\/","logo":{"@type":"ImageObject","inLanguage":"fr-FR","@id":"https:\/\/damyel.co.il\/#\/schema\/logo\/image\/","url":"https:\/\/damyel.co.il\/wp-content\/uploads\/2025\/07\/logo-1655683224.jpg.png","contentUrl":"https:\/\/damyel.co.il\/wp-content\/uploads\/2025\/07\/logo-1655683224.jpg.png","width":476,"height":70,"caption":"\u05d3\u05de\u05d9\u05d0\u05dc"},"image":{"@id":"https:\/\/damyel.co.il\/#\/schema\/logo\/image\/"},"sameAs":["https:\/\/www.facebook.com\/damyelparis","https:\/\/www.instagram.com\/damyel_paris"]}]}},"_links":{"self":[{"href":"https:\/\/damyel.co.il\/fr\/wp-json\/wp\/v2\/product\/2182","targetHints":{"allow":["GET"]}}],"collection":[{"href":"https:\/\/damyel.co.il\/fr\/wp-json\/wp\/v2\/product"}],"about":[{"href":"https:\/\/damyel.co.il\/fr\/wp-json\/wp\/v2\/types\/product"}],"replies":[{"embeddable":true,"href":"https:\/\/damyel.co.il\/fr\/wp-json\/wp\/v2\/comments?post=2182"}],"wp:featuredmedia":[{"embeddable":true,"href":"https:\/\/damyel.co.il\/fr\/wp-json\/wp\/v2\/media\/1829"}],"wp:attachment":[{"href":"https:\/\/damyel.co.il\/fr\/wp-json\/wp\/v2\/media?parent=2182"}],"wp:term":[{"taxonomy":"product_brand","embeddable":true,"href":"https:\/\/damyel.co.il\/fr\/wp-json\/wp\/v2\/product_brand?post=2182"},{"taxonomy":"product_cat","embeddable":true,"href":"https:\/\/damyel.co.il\/fr\/wp-json\/wp\/v2\/product_cat?post=2182"},{"taxonomy":"product_tag","embeddable":true,"href":"https:\/\/damyel.co.il\/fr\/wp-json\/wp\/v2\/product_tag?post=2182"}],"curies":[{"name":"wp","href":"https:\/\/api.w.org\/{rel}","templated":true}]}}