{"id":2179,"date":"2022-04-10T09:31:44","date_gmt":"2022-04-10T07:31:44","guid":{"rendered":"https:\/\/damyel.co.il\/?post_type=product&#038;p=2179"},"modified":"2026-04-27T17:45:50","modified_gmt":"2026-04-27T15:45:50","slug":"les-saveurs-t3","status":"publish","type":"product","link":"https:\/\/damyel.co.il\/fr\/product\/les-saveurs-t3\/","title":{"rendered":"Les Saveurs T3"},"content":{"rendered":"<p>Comme son nom l\u2019indique retrouvez ici un assortiment savoureux de nos cr\u00e9ations dans un coffret aux couleurs gr\u00e8ges, deuxi\u00e8me teinte de maison faisant \u00e9cho aux valeurs de Damyel (naturalit\u00e9 et design) dans lequel se retrouve un assortiment de sp\u00e9cialit\u00e9s principales de la maison :\u00a0pralin\u00e9s,\u00a0mendiant,\u00a0marrons glac\u00e9s,\u00a0citronettes ou orangettes,\u00a0florentins.<\/p>\n","protected":false},"excerpt":{"rendered":"<p>Comme son nom l\u2019indique retrouvez ici un assortiment savoureux de nos cr\u00e9ations dans un coffret aux couleurs gr\u00e8ges, deuxi\u00e8me teinte de maison faisant \u00e9cho aux valeurs de Damyel (naturalit\u00e9 et design) dans lequel se retrouve un assortiment de sp\u00e9cialit\u00e9s principales de la maison :\u00a0pralin\u00e9s,\u00a0mendiant,\u00a0marrons glac\u00e9s,\u00a0citronettes ou orangettes,\u00a0florentins.<\/p>\n","protected":false},"featured_media":6837,"comment_status":"open","ping_status":"closed","template":"","meta":{"_acf_changed":false},"product_brand":[],"product_cat":[68],"product_tag":[],"class_list":{"0":"post-2179","1":"product","2":"type-product","3":"status-publish","4":"has-post-thumbnail","6":"product_cat-chocolats","8":"first","9":"instock","10":"taxable","11":"shipping-taxable","12":"purchasable","13":"product-type-simple"},"acf":[],"_links":{"self":[{"href":"https:\/\/damyel.co.il\/fr\/wp-json\/wp\/v2\/product\/2179","targetHints":{"allow":["GET"]}}],"collection":[{"href":"https:\/\/damyel.co.il\/fr\/wp-json\/wp\/v2\/product"}],"about":[{"href":"https:\/\/damyel.co.il\/fr\/wp-json\/wp\/v2\/types\/product"}],"replies":[{"embeddable":true,"href":"https:\/\/damyel.co.il\/fr\/wp-json\/wp\/v2\/comments?post=2179"}],"wp:featuredmedia":[{"embeddable":true,"href":"https:\/\/damyel.co.il\/fr\/wp-json\/wp\/v2\/media\/6837"}],"wp:attachment":[{"href":"https:\/\/damyel.co.il\/fr\/wp-json\/wp\/v2\/media?parent=2179"}],"wp:term":[{"taxonomy":"product_brand","embeddable":true,"href":"https:\/\/damyel.co.il\/fr\/wp-json\/wp\/v2\/product_brand?post=2179"},{"taxonomy":"product_cat","embeddable":true,"href":"https:\/\/damyel.co.il\/fr\/wp-json\/wp\/v2\/product_cat?post=2179"},{"taxonomy":"product_tag","embeddable":true,"href":"https:\/\/damyel.co.il\/fr\/wp-json\/wp\/v2\/product_tag?post=2179"}],"curies":[{"name":"wp","href":"https:\/\/api.w.org\/{rel}","templated":true}]}}