{"id":2173,"date":"2022-08-07T09:55:09","date_gmt":"2022-08-07T07:55:09","guid":{"rendered":"https:\/\/damyel.co.il\/?post_type=product&#038;p=2173"},"modified":"2026-04-27T17:47:12","modified_gmt":"2026-04-27T15:47:12","slug":"tout-pralines-t1","status":"publish","type":"product","link":"https:\/\/damyel.co.il\/fr\/product\/tout-pralines-t1\/","title":{"rendered":"TOUT PRALINES T1"},"content":{"rendered":"<p>Notre pralin\u00e9, saveur f\u00e9tiche de la maison\u00a0 depuis sa cr\u00e9ation est le r\u00e9sultat d\u2019un savoir faire de plus de 30 ans. Son gout unique vient en partie des fantastiques noisettes qui le composent. En effet, nos noisettes sont originaires d\u2019Italie et labellis\u00e9es noisette pi\u00e9mont IGP.<\/p>\n<p>Vous retouverez dans cette boite un assortiment de chocolats pralin\u00e9s \u00ab\u00a0f\u00e9tiches\u00a0\u00bb : noix de coco, cr\u00eape dentelle, riz souffl\u00e9, noisettes enti\u00e8res \u2026<\/p>\n<p>A d\u00e9guster sans mod\u00e9ration !<\/p>\n","protected":false},"excerpt":{"rendered":"<p>Notre pralin\u00e9, saveur f\u00e9tiche de la maison\u00a0 depuis sa cr\u00e9ation est le r\u00e9sultat d\u2019un savoir faire de plus de 30 ans. Son gout unique vient en partie des fantastiques noisettes qui le composent. En effet, nos noisettes sont originaires d\u2019Italie et labellis\u00e9es noisette pi\u00e9mont IGP. Vous retouverez dans cette boite un assortiment de chocolats pralin\u00e9s \u00ab\u00a0f\u00e9tiches\u00a0\u00bb : noix de coco, cr\u00eape dentelle, riz souffl\u00e9, noisettes enti\u00e8res \u2026 A d\u00e9guster sans mod\u00e9ration !<\/p>\n","protected":false},"featured_media":6876,"comment_status":"open","ping_status":"closed","template":"","meta":{"_acf_changed":false},"product_brand":[],"product_cat":[68],"product_tag":[],"class_list":{"0":"post-2173","1":"product","2":"type-product","3":"status-publish","4":"has-post-thumbnail","6":"product_cat-chocolats","8":"first","9":"instock","10":"taxable","11":"shipping-taxable","12":"purchasable","13":"product-type-simple"},"acf":[],"yoast_head":"<!-- This site is optimized with the Yoast SEO plugin v27.5 - https:\/\/yoast.com\/product\/yoast-seo-wordpress\/ -->\n<title>TOUT PRALINES T1 - \u05d3\u05de\u05d9\u05d0\u05dc<\/title>\n<meta name=\"robots\" content=\"noindex, follow, max-snippet:-1, max-image-preview:large, max-video-preview:-1\" \/>\n<meta property=\"og:locale\" content=\"fr_FR\" \/>\n<meta property=\"og:type\" content=\"article\" \/>\n<meta property=\"og:title\" content=\"TOUT PRALINES T1 - \u05d3\u05de\u05d9\u05d0\u05dc\" \/>\n<meta property=\"og:description\" content=\"Notre pralin\u00e9, saveur f\u00e9tiche de la maison\u00a0 depuis sa cr\u00e9ation est le r\u00e9sultat d\u2019un savoir faire de plus de 30 ans. Son gout unique vient en partie des fantastiques noisettes qui le composent. En effet, nos noisettes sont originaires d\u2019Italie et labellis\u00e9es noisette pi\u00e9mont IGP. Vous retouverez dans cette boite un assortiment de chocolats pralin\u00e9s \u00ab\u00a0f\u00e9tiches\u00a0\u00bb : noix de coco, cr\u00eape dentelle, riz souffl\u00e9, noisettes enti\u00e8res \u2026 A d\u00e9guster sans mod\u00e9ration !\" \/>\n<meta property=\"og:url\" content=\"https:\/\/damyel.co.il\/fr\/product\/tout-pralines-t1\/\" \/>\n<meta property=\"og:site_name\" content=\"\u05d3\u05de\u05d9\u05d0\u05dc\" \/>\n<meta property=\"article:modified_time\" content=\"2026-04-27T15:47:12+00:00\" \/>\n<meta property=\"og:image\" content=\"https:\/\/damyel.co.il\/wp-content\/uploads\/2026\/01\/Damyel-web-7.jpg\" \/>\n\t<meta property=\"og:image:width\" content=\"1354\" \/>\n\t<meta property=\"og:image:height\" content=\"1418\" \/>\n\t<meta property=\"og:image:type\" content=\"image\/jpeg\" \/>\n<meta name=\"twitter:card\" content=\"summary_large_image\" \/>\n<script type=\"application\/ld+json\" class=\"yoast-schema-graph\">{\"@context\":\"https:\\\/\\\/schema.org\",\"@graph\":[{\"@type\":\"WebPage\",\"@id\":\"https:\\\/\\\/damyel.co.il\\\/fr\\\/product\\\/tout-pralines-t1\\\/\",\"url\":\"https:\\\/\\\/damyel.co.il\\\/fr\\\/product\\\/tout-pralines-t1\\\/\",\"name\":\"TOUT PRALINES T1 - \u05d3\u05de\u05d9\u05d0\u05dc\",\"isPartOf\":{\"@id\":\"https:\\\/\\\/damyel.co.il\\\/en\\\/#website\"},\"primaryImageOfPage\":{\"@id\":\"https:\\\/\\\/damyel.co.il\\\/fr\\\/product\\\/tout-pralines-t1\\\/#primaryimage\"},\"image\":{\"@id\":\"https:\\\/\\\/damyel.co.il\\\/fr\\\/product\\\/tout-pralines-t1\\\/#primaryimage\"},\"thumbnailUrl\":\"https:\\\/\\\/damyel.co.il\\\/wp-content\\\/uploads\\\/2026\\\/01\\\/Damyel-web-7.jpg\",\"datePublished\":\"2022-08-07T07:55:09+00:00\",\"dateModified\":\"2026-04-27T15:47:12+00:00\",\"breadcrumb\":{\"@id\":\"https:\\\/\\\/damyel.co.il\\\/fr\\\/product\\\/tout-pralines-t1\\\/#breadcrumb\"},\"inLanguage\":\"fr-FR\",\"potentialAction\":[{\"@type\":\"ReadAction\",\"target\":[\"https:\\\/\\\/damyel.co.il\\\/fr\\\/product\\\/tout-pralines-t1\\\/\"]}]},{\"@type\":\"ImageObject\",\"inLanguage\":\"fr-FR\",\"@id\":\"https:\\\/\\\/damyel.co.il\\\/fr\\\/product\\\/tout-pralines-t1\\\/#primaryimage\",\"url\":\"https:\\\/\\\/damyel.co.il\\\/wp-content\\\/uploads\\\/2026\\\/01\\\/Damyel-web-7.jpg\",\"contentUrl\":\"https:\\\/\\\/damyel.co.il\\\/wp-content\\\/uploads\\\/2026\\\/01\\\/Damyel-web-7.jpg\",\"width\":1354,\"height\":1418},{\"@type\":\"BreadcrumbList\",\"@id\":\"https:\\\/\\\/damyel.co.il\\\/fr\\\/product\\\/tout-pralines-t1\\\/#breadcrumb\",\"itemListElement\":[{\"@type\":\"ListItem\",\"position\":1,\"name\":\"Home\",\"item\":\"https:\\\/\\\/damyel.co.il\\\/fr\\\/\"},{\"@type\":\"ListItem\",\"position\":2,\"name\":\"Products\",\"item\":\"https:\\\/\\\/damyel.co.il\\\/en\\\/shop\\\/\"},{\"@type\":\"ListItem\",\"position\":3,\"name\":\"TOUT PRALINES T1\"}]},{\"@type\":\"WebSite\",\"@id\":\"https:\\\/\\\/damyel.co.il\\\/en\\\/#website\",\"url\":\"https:\\\/\\\/damyel.co.il\\\/en\\\/\",\"name\":\"\u05d3\u05de\u05d9\u05d0\u05dc\",\"description\":\"\",\"publisher\":{\"@id\":\"https:\\\/\\\/damyel.co.il\\\/en\\\/#organization\"},\"potentialAction\":[{\"@type\":\"SearchAction\",\"target\":{\"@type\":\"EntryPoint\",\"urlTemplate\":\"https:\\\/\\\/damyel.co.il\\\/en\\\/?s={search_term_string}\"},\"query-input\":{\"@type\":\"PropertyValueSpecification\",\"valueRequired\":true,\"valueName\":\"search_term_string\"}}],\"inLanguage\":\"fr-FR\"},{\"@type\":\"Organization\",\"@id\":\"https:\\\/\\\/damyel.co.il\\\/en\\\/#organization\",\"name\":\"\u05d3\u05de\u05d9\u05d0\u05dc\",\"url\":\"https:\\\/\\\/damyel.co.il\\\/en\\\/\",\"logo\":{\"@type\":\"ImageObject\",\"inLanguage\":\"fr-FR\",\"@id\":\"https:\\\/\\\/damyel.co.il\\\/en\\\/#\\\/schema\\\/logo\\\/image\\\/\",\"url\":\"https:\\\/\\\/damyel.co.il\\\/wp-content\\\/uploads\\\/2025\\\/07\\\/logo-1655683224.jpg.png\",\"contentUrl\":\"https:\\\/\\\/damyel.co.il\\\/wp-content\\\/uploads\\\/2025\\\/07\\\/logo-1655683224.jpg.png\",\"width\":476,\"height\":70,\"caption\":\"\u05d3\u05de\u05d9\u05d0\u05dc\"},\"image\":{\"@id\":\"https:\\\/\\\/damyel.co.il\\\/en\\\/#\\\/schema\\\/logo\\\/image\\\/\"}}]}<\/script>\n<!-- \/ Yoast SEO plugin. -->","yoast_head_json":{"title":"TOUT PRALINES T1 - \u05d3\u05de\u05d9\u05d0\u05dc","robots":{"index":"noindex","follow":"follow","max-snippet":"max-snippet:-1","max-image-preview":"max-image-preview:large","max-video-preview":"max-video-preview:-1"},"og_locale":"fr_FR","og_type":"article","og_title":"TOUT PRALINES T1 - \u05d3\u05de\u05d9\u05d0\u05dc","og_description":"Notre pralin\u00e9, saveur f\u00e9tiche de la maison\u00a0 depuis sa cr\u00e9ation est le r\u00e9sultat d\u2019un savoir faire de plus de 30 ans. Son gout unique vient en partie des fantastiques noisettes qui le composent. En effet, nos noisettes sont originaires d\u2019Italie et labellis\u00e9es noisette pi\u00e9mont IGP. Vous retouverez dans cette boite un assortiment de chocolats pralin\u00e9s \u00ab\u00a0f\u00e9tiches\u00a0\u00bb : noix de coco, cr\u00eape dentelle, riz souffl\u00e9, noisettes enti\u00e8res \u2026 A d\u00e9guster sans mod\u00e9ration !","og_url":"https:\/\/damyel.co.il\/fr\/product\/tout-pralines-t1\/","og_site_name":"\u05d3\u05de\u05d9\u05d0\u05dc","article_modified_time":"2026-04-27T15:47:12+00:00","og_image":[{"width":1354,"height":1418,"url":"https:\/\/damyel.co.il\/wp-content\/uploads\/2026\/01\/Damyel-web-7.jpg","type":"image\/jpeg"}],"twitter_card":"summary_large_image","schema":{"@context":"https:\/\/schema.org","@graph":[{"@type":"WebPage","@id":"https:\/\/damyel.co.il\/fr\/product\/tout-pralines-t1\/","url":"https:\/\/damyel.co.il\/fr\/product\/tout-pralines-t1\/","name":"TOUT PRALINES T1 - \u05d3\u05de\u05d9\u05d0\u05dc","isPartOf":{"@id":"https:\/\/damyel.co.il\/en\/#website"},"primaryImageOfPage":{"@id":"https:\/\/damyel.co.il\/fr\/product\/tout-pralines-t1\/#primaryimage"},"image":{"@id":"https:\/\/damyel.co.il\/fr\/product\/tout-pralines-t1\/#primaryimage"},"thumbnailUrl":"https:\/\/damyel.co.il\/wp-content\/uploads\/2026\/01\/Damyel-web-7.jpg","datePublished":"2022-08-07T07:55:09+00:00","dateModified":"2026-04-27T15:47:12+00:00","breadcrumb":{"@id":"https:\/\/damyel.co.il\/fr\/product\/tout-pralines-t1\/#breadcrumb"},"inLanguage":"fr-FR","potentialAction":[{"@type":"ReadAction","target":["https:\/\/damyel.co.il\/fr\/product\/tout-pralines-t1\/"]}]},{"@type":"ImageObject","inLanguage":"fr-FR","@id":"https:\/\/damyel.co.il\/fr\/product\/tout-pralines-t1\/#primaryimage","url":"https:\/\/damyel.co.il\/wp-content\/uploads\/2026\/01\/Damyel-web-7.jpg","contentUrl":"https:\/\/damyel.co.il\/wp-content\/uploads\/2026\/01\/Damyel-web-7.jpg","width":1354,"height":1418},{"@type":"BreadcrumbList","@id":"https:\/\/damyel.co.il\/fr\/product\/tout-pralines-t1\/#breadcrumb","itemListElement":[{"@type":"ListItem","position":1,"name":"Home","item":"https:\/\/damyel.co.il\/fr\/"},{"@type":"ListItem","position":2,"name":"Products","item":"https:\/\/damyel.co.il\/en\/shop\/"},{"@type":"ListItem","position":3,"name":"TOUT PRALINES T1"}]},{"@type":"WebSite","@id":"https:\/\/damyel.co.il\/en\/#website","url":"https:\/\/damyel.co.il\/en\/","name":"\u05d3\u05de\u05d9\u05d0\u05dc","description":"","publisher":{"@id":"https:\/\/damyel.co.il\/en\/#organization"},"potentialAction":[{"@type":"SearchAction","target":{"@type":"EntryPoint","urlTemplate":"https:\/\/damyel.co.il\/en\/?s={search_term_string}"},"query-input":{"@type":"PropertyValueSpecification","valueRequired":true,"valueName":"search_term_string"}}],"inLanguage":"fr-FR"},{"@type":"Organization","@id":"https:\/\/damyel.co.il\/en\/#organization","name":"\u05d3\u05de\u05d9\u05d0\u05dc","url":"https:\/\/damyel.co.il\/en\/","logo":{"@type":"ImageObject","inLanguage":"fr-FR","@id":"https:\/\/damyel.co.il\/en\/#\/schema\/logo\/image\/","url":"https:\/\/damyel.co.il\/wp-content\/uploads\/2025\/07\/logo-1655683224.jpg.png","contentUrl":"https:\/\/damyel.co.il\/wp-content\/uploads\/2025\/07\/logo-1655683224.jpg.png","width":476,"height":70,"caption":"\u05d3\u05de\u05d9\u05d0\u05dc"},"image":{"@id":"https:\/\/damyel.co.il\/en\/#\/schema\/logo\/image\/"}}]}},"_links":{"self":[{"href":"https:\/\/damyel.co.il\/fr\/wp-json\/wp\/v2\/product\/2173","targetHints":{"allow":["GET"]}}],"collection":[{"href":"https:\/\/damyel.co.il\/fr\/wp-json\/wp\/v2\/product"}],"about":[{"href":"https:\/\/damyel.co.il\/fr\/wp-json\/wp\/v2\/types\/product"}],"replies":[{"embeddable":true,"href":"https:\/\/damyel.co.il\/fr\/wp-json\/wp\/v2\/comments?post=2173"}],"wp:featuredmedia":[{"embeddable":true,"href":"https:\/\/damyel.co.il\/fr\/wp-json\/wp\/v2\/media\/6876"}],"wp:attachment":[{"href":"https:\/\/damyel.co.il\/fr\/wp-json\/wp\/v2\/media?parent=2173"}],"wp:term":[{"taxonomy":"product_brand","embeddable":true,"href":"https:\/\/damyel.co.il\/fr\/wp-json\/wp\/v2\/product_brand?post=2173"},{"taxonomy":"product_cat","embeddable":true,"href":"https:\/\/damyel.co.il\/fr\/wp-json\/wp\/v2\/product_cat?post=2173"},{"taxonomy":"product_tag","embeddable":true,"href":"https:\/\/damyel.co.il\/fr\/wp-json\/wp\/v2\/product_tag?post=2173"}],"curies":[{"name":"wp","href":"https:\/\/api.w.org\/{rel}","templated":true}]}}