{"id":2150,"date":"2025-08-07T19:55:19","date_gmt":"2025-08-07T17:55:19","guid":{"rendered":"https:\/\/damyel.co.il\/?post_type=product&#038;p=2150"},"modified":"2026-04-27T17:42:03","modified_gmt":"2026-04-27T15:42:03","slug":"vietnam-75","status":"publish","type":"product","link":"https:\/\/damyel.co.il\/fr\/product\/vietnam-75\/","title":{"rendered":"VIETNAM 75%"},"content":{"rendered":"<div id=\"product-description-short-112\" class=\"product-description\">\n<p>A la d\u00e9gustation, l&rsquo;attaque en bouche est ronde et douce, suivi d&rsquo;une acidit\u00e9 subtile, donnant \u00e0 ce chocolat des notes fruit\u00e9es et acidul\u00e9es.<\/p>\n<p>Le milieu de bouche porte sur des notes plus chaudes de vanille et de r\u00e9glisse. Enfin la fin de bouche laisse sur une grande longueur, soutenue par des notes cacao.<\/p>\n<p>&nbsp;<\/p>\n<\/div>\n<div class=\"product-actions js-product-actions\">\n<div class=\"product-variants js-product-variants\"><\/div>\n<div class=\"product-description\">\n<p>&nbsp;<\/p>\n<\/div>\n<\/div>\n","protected":false},"excerpt":{"rendered":"<p>A la d\u00e9gustation, l&rsquo;attaque en bouche est ronde et douce, suivi d&rsquo;une acidit\u00e9 subtile, donnant \u00e0 ce chocolat des notes fruit\u00e9es et acidul\u00e9es. Le milieu de bouche porte sur des notes plus chaudes de vanille et de r\u00e9glisse. Enfin la fin de bouche laisse sur une grande longueur, soutenue par des notes cacao. &nbsp; &nbsp;<\/p>\n","protected":false},"featured_media":2000,"comment_status":"open","ping_status":"closed","template":"","meta":{"_acf_changed":false},"product_brand":[],"product_cat":[70],"product_tag":[],"class_list":{"0":"post-2150","1":"product","2":"type-product","3":"status-publish","4":"has-post-thumbnail","6":"product_cat-tablettes","8":"first","9":"instock","10":"taxable","11":"shipping-taxable","12":"purchasable","13":"product-type-simple"},"acf":[],"_links":{"self":[{"href":"https:\/\/damyel.co.il\/fr\/wp-json\/wp\/v2\/product\/2150","targetHints":{"allow":["GET"]}}],"collection":[{"href":"https:\/\/damyel.co.il\/fr\/wp-json\/wp\/v2\/product"}],"about":[{"href":"https:\/\/damyel.co.il\/fr\/wp-json\/wp\/v2\/types\/product"}],"replies":[{"embeddable":true,"href":"https:\/\/damyel.co.il\/fr\/wp-json\/wp\/v2\/comments?post=2150"}],"wp:featuredmedia":[{"embeddable":true,"href":"https:\/\/damyel.co.il\/fr\/wp-json\/wp\/v2\/media\/2000"}],"wp:attachment":[{"href":"https:\/\/damyel.co.il\/fr\/wp-json\/wp\/v2\/media?parent=2150"}],"wp:term":[{"taxonomy":"product_brand","embeddable":true,"href":"https:\/\/damyel.co.il\/fr\/wp-json\/wp\/v2\/product_brand?post=2150"},{"taxonomy":"product_cat","embeddable":true,"href":"https:\/\/damyel.co.il\/fr\/wp-json\/wp\/v2\/product_cat?post=2150"},{"taxonomy":"product_tag","embeddable":true,"href":"https:\/\/damyel.co.il\/fr\/wp-json\/wp\/v2\/product_tag?post=2150"}],"curies":[{"name":"wp","href":"https:\/\/api.w.org\/{rel}","templated":true}]}}