{"id":2136,"date":"2025-08-07T14:23:39","date_gmt":"2025-08-07T12:23:39","guid":{"rendered":"https:\/\/damyel.co.il\/?post_type=product&#038;p=2136"},"modified":"2026-04-27T17:42:03","modified_gmt":"2026-04-27T15:42:03","slug":"brun-noisettes-2","status":"publish","type":"product","link":"https:\/\/damyel.co.il\/fr\/product\/brun-noisettes-2\/","title":{"rendered":"BRUN NOISETTES"},"content":{"rendered":"<p>\u00ab\u00a0Brun Noisette\u00a0\u00bb est un chocolat 42% de cacao \u00e9labor\u00e9 exclusivement \u00e0 partir d&rsquo;ingr\u00e9dients d&rsquo;origine v\u00e9g\u00e9tale, s\u00e9lectionn\u00e9s pour leur d\u00e9licatesse.<\/p>\n<p>Dans cette tablette notre \u00ab\u00a0Brun\u00a0\u00bb est associ\u00e9 \u00e0 la noisette du Pi\u00e9mont IGP subtilement caram\u00e9lis\u00e9e.<\/p>\n","protected":false},"excerpt":{"rendered":"<p>\u00ab\u00a0Brun Noisette\u00a0\u00bb est un chocolat 42% de cacao \u00e9labor\u00e9 exclusivement \u00e0 partir d&rsquo;ingr\u00e9dients d&rsquo;origine v\u00e9g\u00e9tale, s\u00e9lectionn\u00e9s pour leur d\u00e9licatesse. Dans cette tablette notre \u00ab\u00a0Brun\u00a0\u00bb est associ\u00e9 \u00e0 la noisette du Pi\u00e9mont IGP subtilement caram\u00e9lis\u00e9e.<\/p>\n","protected":false},"featured_media":1848,"comment_status":"open","ping_status":"closed","template":"","meta":{"_acf_changed":false},"product_brand":[],"product_cat":[70],"product_tag":[],"class_list":{"0":"post-2136","1":"product","2":"type-product","3":"status-publish","4":"has-post-thumbnail","6":"product_cat-tablettes","8":"first","9":"instock","10":"taxable","11":"shipping-taxable","12":"purchasable","13":"product-type-simple"},"acf":[],"_links":{"self":[{"href":"https:\/\/damyel.co.il\/fr\/wp-json\/wp\/v2\/product\/2136","targetHints":{"allow":["GET"]}}],"collection":[{"href":"https:\/\/damyel.co.il\/fr\/wp-json\/wp\/v2\/product"}],"about":[{"href":"https:\/\/damyel.co.il\/fr\/wp-json\/wp\/v2\/types\/product"}],"replies":[{"embeddable":true,"href":"https:\/\/damyel.co.il\/fr\/wp-json\/wp\/v2\/comments?post=2136"}],"wp:featuredmedia":[{"embeddable":true,"href":"https:\/\/damyel.co.il\/fr\/wp-json\/wp\/v2\/media\/1848"}],"wp:attachment":[{"href":"https:\/\/damyel.co.il\/fr\/wp-json\/wp\/v2\/media?parent=2136"}],"wp:term":[{"taxonomy":"product_brand","embeddable":true,"href":"https:\/\/damyel.co.il\/fr\/wp-json\/wp\/v2\/product_brand?post=2136"},{"taxonomy":"product_cat","embeddable":true,"href":"https:\/\/damyel.co.il\/fr\/wp-json\/wp\/v2\/product_cat?post=2136"},{"taxonomy":"product_tag","embeddable":true,"href":"https:\/\/damyel.co.il\/fr\/wp-json\/wp\/v2\/product_tag?post=2136"}],"curies":[{"name":"wp","href":"https:\/\/api.w.org\/{rel}","templated":true}]}}