{"id":2122,"date":"2022-04-10T09:48:40","date_gmt":"2022-04-10T07:48:40","guid":{"rendered":"https:\/\/damyel.co.il\/?post_type=product&#038;p=2122"},"modified":"2026-04-27T17:45:50","modified_gmt":"2026-04-27T15:45:50","slug":"ganaches-et-pralines-t1","status":"publish","type":"product","link":"https:\/\/damyel.co.il\/fr\/product\/ganaches-et-pralines-t1\/","title":{"rendered":"GANACHES ET PRALINES T1"},"content":{"rendered":"<p>Assortiment de ganaches et pralin\u00e9s maison.<\/p>\n<p>Toutes nos sp\u00e9cialit\u00e9s de chocolats sont repr\u00e9sent\u00e9s dans cette boite o\u00f9 se retrouvent les pralin\u00e9s f\u00e9tiches ( pralin\u00e9s noisettes onctueux), les pralin\u00e9s tradition (amande, pistache, cacahu\u00e8te , s\u00e9same) et les ganaches onctueuses ( framboise, citron vert, infusion de menthe, gousses de vanille de madagsar) mais aussi nos p\u00e2tes d\u2019amande (orange et pistache) ainsi que nos sph\u00e8res caramel ( fruit de la passion, fleur de sel).<\/p>\n","protected":false},"excerpt":{"rendered":"<p>Assortiment de ganaches et pralin\u00e9s maison. Toutes nos sp\u00e9cialit\u00e9s de chocolats sont repr\u00e9sent\u00e9s dans cette boite o\u00f9 se retrouvent les pralin\u00e9s f\u00e9tiches ( pralin\u00e9s noisettes onctueux), les pralin\u00e9s tradition (amande, pistache, cacahu\u00e8te , s\u00e9same) et les ganaches onctueuses ( framboise, citron vert, infusion de menthe, gousses de vanille de madagsar) mais aussi nos p\u00e2tes d\u2019amande (orange et pistache) ainsi que nos sph\u00e8res caramel ( fruit de la passion, fleur de sel).<\/p>\n","protected":false},"featured_media":6843,"comment_status":"open","ping_status":"closed","template":"","meta":{"_acf_changed":false},"product_brand":[],"product_cat":[68],"product_tag":[],"class_list":{"0":"post-2122","1":"product","2":"type-product","3":"status-publish","4":"has-post-thumbnail","6":"product_cat-chocolats","8":"first","9":"instock","10":"taxable","11":"shipping-taxable","12":"purchasable","13":"product-type-simple"},"acf":[],"_links":{"self":[{"href":"https:\/\/damyel.co.il\/fr\/wp-json\/wp\/v2\/product\/2122","targetHints":{"allow":["GET"]}}],"collection":[{"href":"https:\/\/damyel.co.il\/fr\/wp-json\/wp\/v2\/product"}],"about":[{"href":"https:\/\/damyel.co.il\/fr\/wp-json\/wp\/v2\/types\/product"}],"replies":[{"embeddable":true,"href":"https:\/\/damyel.co.il\/fr\/wp-json\/wp\/v2\/comments?post=2122"}],"wp:featuredmedia":[{"embeddable":true,"href":"https:\/\/damyel.co.il\/fr\/wp-json\/wp\/v2\/media\/6843"}],"wp:attachment":[{"href":"https:\/\/damyel.co.il\/fr\/wp-json\/wp\/v2\/media?parent=2122"}],"wp:term":[{"taxonomy":"product_brand","embeddable":true,"href":"https:\/\/damyel.co.il\/fr\/wp-json\/wp\/v2\/product_brand?post=2122"},{"taxonomy":"product_cat","embeddable":true,"href":"https:\/\/damyel.co.il\/fr\/wp-json\/wp\/v2\/product_cat?post=2122"},{"taxonomy":"product_tag","embeddable":true,"href":"https:\/\/damyel.co.il\/fr\/wp-json\/wp\/v2\/product_tag?post=2122"}],"curies":[{"name":"wp","href":"https:\/\/api.w.org\/{rel}","templated":true}]}}