{"id":2119,"date":"2025-04-07T13:59:21","date_gmt":"2025-04-07T11:59:21","guid":{"rendered":"https:\/\/damyel.co.il\/?post_type=product&#038;p=2119"},"modified":"2026-04-27T17:42:44","modified_gmt":"2026-04-27T15:42:44","slug":"pave","status":"publish","type":"product","link":"https:\/\/damyel.co.il\/fr\/product\/pave\/","title":{"rendered":"Pav\u00e9"},"content":{"rendered":"<p>La premi\u00e8re sp\u00e9cialit\u00e9s de la maison qui reprend la saveur f\u00e9tiche Damyel \u00e0 savoir l&rsquo;onctuosit\u00e9 du pralin\u00e9 tr\u00e8s lisse et le croquant des noisettes du Pi\u00e9mont (les meilleures). Un concentr\u00e9 de gourmandise brut \u00e0 (d\u00e9)couper le souffle pour surprendre vos invit\u00e9s.<\/p>\n","protected":false},"excerpt":{"rendered":"<p>La premi\u00e8re sp\u00e9cialit\u00e9s de la maison qui reprend la saveur f\u00e9tiche Damyel \u00e0 savoir l&rsquo;onctuosit\u00e9 du pralin\u00e9 tr\u00e8s lisse et le croquant des noisettes du Pi\u00e9mont (les meilleures). Un concentr\u00e9 de gourmandise brut \u00e0 (d\u00e9)couper le souffle pour surprendre vos invit\u00e9s.<\/p>\n","protected":false},"featured_media":6927,"comment_status":"open","ping_status":"closed","template":"","meta":{"_acf_changed":false},"product_brand":[],"product_cat":[71],"product_tag":[],"class_list":{"0":"post-2119","1":"product","2":"type-product","3":"status-publish","4":"has-post-thumbnail","6":"product_cat-specialites","8":"first","9":"instock","10":"taxable","11":"shipping-taxable","12":"purchasable","13":"product-type-simple"},"acf":[],"yoast_head":"<!-- This site is optimized with the Yoast SEO plugin v27.5 - https:\/\/yoast.com\/product\/yoast-seo-wordpress\/ -->\n<title>Pav\u00e9 - \u05d3\u05de\u05d9\u05d0\u05dc<\/title>\n<meta name=\"robots\" content=\"noindex, follow, max-snippet:-1, max-image-preview:large, max-video-preview:-1\" \/>\n<meta property=\"og:locale\" content=\"fr_FR\" \/>\n<meta property=\"og:type\" content=\"article\" \/>\n<meta property=\"og:title\" content=\"Pav\u00e9 - \u05d3\u05de\u05d9\u05d0\u05dc\" \/>\n<meta property=\"og:description\" content=\"La premi\u00e8re sp\u00e9cialit\u00e9s de la maison qui reprend la saveur f\u00e9tiche Damyel \u00e0 savoir l&rsquo;onctuosit\u00e9 du pralin\u00e9 tr\u00e8s lisse et le croquant des noisettes du Pi\u00e9mont (les meilleures). Un concentr\u00e9 de gourmandise brut \u00e0 (d\u00e9)couper le souffle pour surprendre vos invit\u00e9s.\" \/>\n<meta property=\"og:url\" content=\"https:\/\/damyel.co.il\/fr\/product\/pave\/\" \/>\n<meta property=\"og:site_name\" content=\"\u05d3\u05de\u05d9\u05d0\u05dc\" \/>\n<meta property=\"article:modified_time\" content=\"2026-04-27T15:42:44+00:00\" \/>\n<meta property=\"og:image\" content=\"https:\/\/damyel.co.il\/wp-content\/uploads\/2026\/01\/25-978x1024.png\" \/>\n\t<meta property=\"og:image:width\" content=\"978\" \/>\n\t<meta property=\"og:image:height\" content=\"1024\" \/>\n\t<meta property=\"og:image:type\" content=\"image\/png\" \/>\n<meta name=\"twitter:card\" content=\"summary_large_image\" \/>\n<script type=\"application\/ld+json\" class=\"yoast-schema-graph\">{\"@context\":\"https:\\\/\\\/schema.org\",\"@graph\":[{\"@type\":\"WebPage\",\"@id\":\"https:\\\/\\\/damyel.co.il\\\/fr\\\/product\\\/pave\\\/\",\"url\":\"https:\\\/\\\/damyel.co.il\\\/fr\\\/product\\\/pave\\\/\",\"name\":\"Pav\u00e9 - \u05d3\u05de\u05d9\u05d0\u05dc\",\"isPartOf\":{\"@id\":\"https:\\\/\\\/damyel.co.il\\\/en\\\/#website\"},\"primaryImageOfPage\":{\"@id\":\"https:\\\/\\\/damyel.co.il\\\/fr\\\/product\\\/pave\\\/#primaryimage\"},\"image\":{\"@id\":\"https:\\\/\\\/damyel.co.il\\\/fr\\\/product\\\/pave\\\/#primaryimage\"},\"thumbnailUrl\":\"https:\\\/\\\/damyel.co.il\\\/wp-content\\\/uploads\\\/2026\\\/01\\\/25-scaled.png\",\"datePublished\":\"2025-04-07T11:59:21+00:00\",\"dateModified\":\"2026-04-27T15:42:44+00:00\",\"breadcrumb\":{\"@id\":\"https:\\\/\\\/damyel.co.il\\\/fr\\\/product\\\/pave\\\/#breadcrumb\"},\"inLanguage\":\"fr-FR\",\"potentialAction\":[{\"@type\":\"ReadAction\",\"target\":[\"https:\\\/\\\/damyel.co.il\\\/fr\\\/product\\\/pave\\\/\"]}]},{\"@type\":\"ImageObject\",\"inLanguage\":\"fr-FR\",\"@id\":\"https:\\\/\\\/damyel.co.il\\\/fr\\\/product\\\/pave\\\/#primaryimage\",\"url\":\"https:\\\/\\\/damyel.co.il\\\/wp-content\\\/uploads\\\/2026\\\/01\\\/25-scaled.png\",\"contentUrl\":\"https:\\\/\\\/damyel.co.il\\\/wp-content\\\/uploads\\\/2026\\\/01\\\/25-scaled.png\",\"width\":2444,\"height\":2560},{\"@type\":\"BreadcrumbList\",\"@id\":\"https:\\\/\\\/damyel.co.il\\\/fr\\\/product\\\/pave\\\/#breadcrumb\",\"itemListElement\":[{\"@type\":\"ListItem\",\"position\":1,\"name\":\"Home\",\"item\":\"https:\\\/\\\/damyel.co.il\\\/fr\\\/\"},{\"@type\":\"ListItem\",\"position\":2,\"name\":\"Products\",\"item\":\"https:\\\/\\\/damyel.co.il\\\/en\\\/shop\\\/\"},{\"@type\":\"ListItem\",\"position\":3,\"name\":\"Pav\u00e9\"}]},{\"@type\":\"WebSite\",\"@id\":\"https:\\\/\\\/damyel.co.il\\\/en\\\/#website\",\"url\":\"https:\\\/\\\/damyel.co.il\\\/en\\\/\",\"name\":\"\u05d3\u05de\u05d9\u05d0\u05dc\",\"description\":\"\",\"publisher\":{\"@id\":\"https:\\\/\\\/damyel.co.il\\\/en\\\/#organization\"},\"potentialAction\":[{\"@type\":\"SearchAction\",\"target\":{\"@type\":\"EntryPoint\",\"urlTemplate\":\"https:\\\/\\\/damyel.co.il\\\/en\\\/?s={search_term_string}\"},\"query-input\":{\"@type\":\"PropertyValueSpecification\",\"valueRequired\":true,\"valueName\":\"search_term_string\"}}],\"inLanguage\":\"fr-FR\"},{\"@type\":\"Organization\",\"@id\":\"https:\\\/\\\/damyel.co.il\\\/en\\\/#organization\",\"name\":\"\u05d3\u05de\u05d9\u05d0\u05dc\",\"url\":\"https:\\\/\\\/damyel.co.il\\\/en\\\/\",\"logo\":{\"@type\":\"ImageObject\",\"inLanguage\":\"fr-FR\",\"@id\":\"https:\\\/\\\/damyel.co.il\\\/en\\\/#\\\/schema\\\/logo\\\/image\\\/\",\"url\":\"https:\\\/\\\/damyel.co.il\\\/wp-content\\\/uploads\\\/2025\\\/07\\\/logo-1655683224.jpg.png\",\"contentUrl\":\"https:\\\/\\\/damyel.co.il\\\/wp-content\\\/uploads\\\/2025\\\/07\\\/logo-1655683224.jpg.png\",\"width\":476,\"height\":70,\"caption\":\"\u05d3\u05de\u05d9\u05d0\u05dc\"},\"image\":{\"@id\":\"https:\\\/\\\/damyel.co.il\\\/en\\\/#\\\/schema\\\/logo\\\/image\\\/\"}}]}<\/script>\n<!-- \/ Yoast SEO plugin. -->","yoast_head_json":{"title":"Pav\u00e9 - \u05d3\u05de\u05d9\u05d0\u05dc","robots":{"index":"noindex","follow":"follow","max-snippet":"max-snippet:-1","max-image-preview":"max-image-preview:large","max-video-preview":"max-video-preview:-1"},"og_locale":"fr_FR","og_type":"article","og_title":"Pav\u00e9 - \u05d3\u05de\u05d9\u05d0\u05dc","og_description":"La premi\u00e8re sp\u00e9cialit\u00e9s de la maison qui reprend la saveur f\u00e9tiche Damyel \u00e0 savoir l&rsquo;onctuosit\u00e9 du pralin\u00e9 tr\u00e8s lisse et le croquant des noisettes du Pi\u00e9mont (les meilleures). Un concentr\u00e9 de gourmandise brut \u00e0 (d\u00e9)couper le souffle pour surprendre vos invit\u00e9s.","og_url":"https:\/\/damyel.co.il\/fr\/product\/pave\/","og_site_name":"\u05d3\u05de\u05d9\u05d0\u05dc","article_modified_time":"2026-04-27T15:42:44+00:00","og_image":[{"width":978,"height":1024,"url":"https:\/\/damyel.co.il\/wp-content\/uploads\/2026\/01\/25-978x1024.png","type":"image\/png"}],"twitter_card":"summary_large_image","schema":{"@context":"https:\/\/schema.org","@graph":[{"@type":"WebPage","@id":"https:\/\/damyel.co.il\/fr\/product\/pave\/","url":"https:\/\/damyel.co.il\/fr\/product\/pave\/","name":"Pav\u00e9 - \u05d3\u05de\u05d9\u05d0\u05dc","isPartOf":{"@id":"https:\/\/damyel.co.il\/en\/#website"},"primaryImageOfPage":{"@id":"https:\/\/damyel.co.il\/fr\/product\/pave\/#primaryimage"},"image":{"@id":"https:\/\/damyel.co.il\/fr\/product\/pave\/#primaryimage"},"thumbnailUrl":"https:\/\/damyel.co.il\/wp-content\/uploads\/2026\/01\/25-scaled.png","datePublished":"2025-04-07T11:59:21+00:00","dateModified":"2026-04-27T15:42:44+00:00","breadcrumb":{"@id":"https:\/\/damyel.co.il\/fr\/product\/pave\/#breadcrumb"},"inLanguage":"fr-FR","potentialAction":[{"@type":"ReadAction","target":["https:\/\/damyel.co.il\/fr\/product\/pave\/"]}]},{"@type":"ImageObject","inLanguage":"fr-FR","@id":"https:\/\/damyel.co.il\/fr\/product\/pave\/#primaryimage","url":"https:\/\/damyel.co.il\/wp-content\/uploads\/2026\/01\/25-scaled.png","contentUrl":"https:\/\/damyel.co.il\/wp-content\/uploads\/2026\/01\/25-scaled.png","width":2444,"height":2560},{"@type":"BreadcrumbList","@id":"https:\/\/damyel.co.il\/fr\/product\/pave\/#breadcrumb","itemListElement":[{"@type":"ListItem","position":1,"name":"Home","item":"https:\/\/damyel.co.il\/fr\/"},{"@type":"ListItem","position":2,"name":"Products","item":"https:\/\/damyel.co.il\/en\/shop\/"},{"@type":"ListItem","position":3,"name":"Pav\u00e9"}]},{"@type":"WebSite","@id":"https:\/\/damyel.co.il\/en\/#website","url":"https:\/\/damyel.co.il\/en\/","name":"\u05d3\u05de\u05d9\u05d0\u05dc","description":"","publisher":{"@id":"https:\/\/damyel.co.il\/en\/#organization"},"potentialAction":[{"@type":"SearchAction","target":{"@type":"EntryPoint","urlTemplate":"https:\/\/damyel.co.il\/en\/?s={search_term_string}"},"query-input":{"@type":"PropertyValueSpecification","valueRequired":true,"valueName":"search_term_string"}}],"inLanguage":"fr-FR"},{"@type":"Organization","@id":"https:\/\/damyel.co.il\/en\/#organization","name":"\u05d3\u05de\u05d9\u05d0\u05dc","url":"https:\/\/damyel.co.il\/en\/","logo":{"@type":"ImageObject","inLanguage":"fr-FR","@id":"https:\/\/damyel.co.il\/en\/#\/schema\/logo\/image\/","url":"https:\/\/damyel.co.il\/wp-content\/uploads\/2025\/07\/logo-1655683224.jpg.png","contentUrl":"https:\/\/damyel.co.il\/wp-content\/uploads\/2025\/07\/logo-1655683224.jpg.png","width":476,"height":70,"caption":"\u05d3\u05de\u05d9\u05d0\u05dc"},"image":{"@id":"https:\/\/damyel.co.il\/en\/#\/schema\/logo\/image\/"}}]}},"_links":{"self":[{"href":"https:\/\/damyel.co.il\/fr\/wp-json\/wp\/v2\/product\/2119","targetHints":{"allow":["GET"]}}],"collection":[{"href":"https:\/\/damyel.co.il\/fr\/wp-json\/wp\/v2\/product"}],"about":[{"href":"https:\/\/damyel.co.il\/fr\/wp-json\/wp\/v2\/types\/product"}],"replies":[{"embeddable":true,"href":"https:\/\/damyel.co.il\/fr\/wp-json\/wp\/v2\/comments?post=2119"}],"wp:featuredmedia":[{"embeddable":true,"href":"https:\/\/damyel.co.il\/fr\/wp-json\/wp\/v2\/media\/6927"}],"wp:attachment":[{"href":"https:\/\/damyel.co.il\/fr\/wp-json\/wp\/v2\/media?parent=2119"}],"wp:term":[{"taxonomy":"product_brand","embeddable":true,"href":"https:\/\/damyel.co.il\/fr\/wp-json\/wp\/v2\/product_brand?post=2119"},{"taxonomy":"product_cat","embeddable":true,"href":"https:\/\/damyel.co.il\/fr\/wp-json\/wp\/v2\/product_cat?post=2119"},{"taxonomy":"product_tag","embeddable":true,"href":"https:\/\/damyel.co.il\/fr\/wp-json\/wp\/v2\/product_tag?post=2119"}],"curies":[{"name":"wp","href":"https:\/\/api.w.org\/{rel}","templated":true}]}}