{"id":2105,"date":"2025-04-10T09:32:00","date_gmt":"2025-04-10T07:32:00","guid":{"rendered":"https:\/\/damyel.co.il\/?post_type=product&#038;p=2105"},"modified":"2026-04-10T10:02:23","modified_gmt":"2026-04-10T08:02:23","slug":"gingembre","status":"publish","type":"product","link":"https:\/\/damyel.co.il\/fr\/product\/gingembre\/","title":{"rendered":"GINGEMBRE"},"content":{"rendered":"<div id=\"product-description-short-228\" class=\"product-description\">\n<p>Fid\u00e8le compagnon du chocolat, le fruit confit s&rsquo;y marrie naturellement avec.<\/p>\n<p>Retrouvez ici d\u00e9coup\u00e9e \u00e0 la main une lamelle d\u2019\u00e9corce de gingembre, longuement confite pour temp\u00e9rer sa puissance, et doublement enrob\u00e9e de chocolat noir. Cette confiserie devient un v\u00e9ritable voyage doux et \u00e9pic\u00e9 \u00e0 la fois.<\/p>\n<p>Ne craignez pas le piquant succombez au parfum !<\/p>\n<\/div>\n","protected":false},"excerpt":{"rendered":"<p>Fid\u00e8le compagnon du chocolat, le fruit confit s&rsquo;y marrie naturellement avec. Retrouvez ici d\u00e9coup\u00e9e \u00e0 la main une lamelle d\u2019\u00e9corce de gingembre, longuement confite pour temp\u00e9rer sa puissance, et doublement enrob\u00e9e de chocolat noir. Cette confiserie devient un v\u00e9ritable voyage doux et \u00e9pic\u00e9 \u00e0 la fois. Ne craignez pas le piquant succombez au parfum !<\/p>\n","protected":false},"featured_media":1734,"comment_status":"open","ping_status":"closed","template":"","meta":{"_acf_changed":false},"product_brand":[],"product_cat":[71],"product_tag":[],"class_list":{"0":"post-2105","1":"product","2":"type-product","3":"status-publish","4":"has-post-thumbnail","6":"product_cat-specialites","8":"first","9":"outofstock","10":"taxable","11":"shipping-taxable","12":"purchasable","13":"product-type-simple"},"acf":[],"_links":{"self":[{"href":"https:\/\/damyel.co.il\/fr\/wp-json\/wp\/v2\/product\/2105","targetHints":{"allow":["GET"]}}],"collection":[{"href":"https:\/\/damyel.co.il\/fr\/wp-json\/wp\/v2\/product"}],"about":[{"href":"https:\/\/damyel.co.il\/fr\/wp-json\/wp\/v2\/types\/product"}],"replies":[{"embeddable":true,"href":"https:\/\/damyel.co.il\/fr\/wp-json\/wp\/v2\/comments?post=2105"}],"wp:featuredmedia":[{"embeddable":true,"href":"https:\/\/damyel.co.il\/fr\/wp-json\/wp\/v2\/media\/1734"}],"wp:attachment":[{"href":"https:\/\/damyel.co.il\/fr\/wp-json\/wp\/v2\/media?parent=2105"}],"wp:term":[{"taxonomy":"product_brand","embeddable":true,"href":"https:\/\/damyel.co.il\/fr\/wp-json\/wp\/v2\/product_brand?post=2105"},{"taxonomy":"product_cat","embeddable":true,"href":"https:\/\/damyel.co.il\/fr\/wp-json\/wp\/v2\/product_cat?post=2105"},{"taxonomy":"product_tag","embeddable":true,"href":"https:\/\/damyel.co.il\/fr\/wp-json\/wp\/v2\/product_tag?post=2105"}],"curies":[{"name":"wp","href":"https:\/\/api.w.org\/{rel}","templated":true}]}}