{"id":2098,"date":"2025-08-07T13:12:38","date_gmt":"2025-08-07T11:12:38","guid":{"rendered":"https:\/\/damyel.co.il\/?post_type=product&#038;p=2098"},"modified":"2026-04-27T17:42:44","modified_gmt":"2026-04-27T15:42:44","slug":"mendiants","status":"publish","type":"product","link":"https:\/\/damyel.co.il\/fr\/product\/mendiants\/","title":{"rendered":"MENDIANTS"},"content":{"rendered":"<p>Au commencement c\u2019est avant tout un chocolat, un chocolat maison \u00ab\u00a0Utopia\u00a0\u00bb 75% de cacao. Il est le r\u00e9sultat de l\u2019assemblage de f\u00e8ves de Venezuela et du Vietnam. Ce chocolat a \u00e9t\u00e9 pens\u00e9 pour \u00eatre tr\u00e8s fruit\u00e9 et ainsi naturellement s\u2019associer avec les fruits sec tels que la noix de p\u00e9can , l&rsquo;amande,\u00a0 la pistache et le raisin sec.<\/p>\n<p>Nos amandes et nos pistaches proviennent de Sicile, et sont l\u00e9g\u00e8rement caram\u00e9lis\u00e9es pour rajouter encore plus de saveurs<\/p>\n","protected":false},"excerpt":{"rendered":"<p>Au commencement c\u2019est avant tout un chocolat, un chocolat maison \u00ab\u00a0Utopia\u00a0\u00bb 75% de cacao. Il est le r\u00e9sultat de l\u2019assemblage de f\u00e8ves de Venezuela et du Vietnam. Ce chocolat a \u00e9t\u00e9 pens\u00e9 pour \u00eatre tr\u00e8s fruit\u00e9 et ainsi naturellement s\u2019associer avec les fruits sec tels que la noix de p\u00e9can , l&rsquo;amande,\u00a0 la pistache et le raisin sec. Nos amandes et nos pistaches proviennent de Sicile, et sont l\u00e9g\u00e8rement caram\u00e9lis\u00e9es pour rajouter encore plus de saveurs<\/p>\n","protected":false},"featured_media":1700,"comment_status":"open","ping_status":"closed","template":"","meta":{"_acf_changed":false},"product_brand":[],"product_cat":[71],"product_tag":[],"class_list":{"0":"post-2098","1":"product","2":"type-product","3":"status-publish","4":"has-post-thumbnail","6":"product_cat-specialites","8":"first","9":"instock","10":"taxable","11":"shipping-taxable","12":"purchasable","13":"product-type-simple"},"acf":[],"yoast_head":"<!-- This site is optimized with the Yoast SEO plugin v27.5 - https:\/\/yoast.com\/product\/yoast-seo-wordpress\/ -->\n<title>MENDIANTS - \u05d3\u05de\u05d9\u05d0\u05dc<\/title>\n<meta name=\"robots\" content=\"index, follow, max-snippet:-1, max-image-preview:large, max-video-preview:-1\" \/>\n<link rel=\"canonical\" href=\"https:\/\/damyel.co.il\/fr\/product\/mendiants\/\" \/>\n<meta property=\"og:locale\" content=\"fr_FR\" \/>\n<meta property=\"og:type\" content=\"article\" \/>\n<meta property=\"og:title\" content=\"MENDIANTS - \u05d3\u05de\u05d9\u05d0\u05dc\" \/>\n<meta property=\"og:description\" content=\"Au commencement c\u2019est avant tout un chocolat, un chocolat maison \u00ab\u00a0Utopia\u00a0\u00bb 75% de cacao. Il est le r\u00e9sultat de l\u2019assemblage de f\u00e8ves de Venezuela et du Vietnam. Ce chocolat a \u00e9t\u00e9 pens\u00e9 pour \u00eatre tr\u00e8s fruit\u00e9 et ainsi naturellement s\u2019associer avec les fruits sec tels que la noix de p\u00e9can , l&rsquo;amande,\u00a0 la pistache et le raisin sec. Nos amandes et nos pistaches proviennent de Sicile, et sont l\u00e9g\u00e8rement caram\u00e9lis\u00e9es pour rajouter encore plus de saveurs\" \/>\n<meta property=\"og:url\" content=\"https:\/\/damyel.co.il\/fr\/product\/mendiants\/\" \/>\n<meta property=\"og:site_name\" content=\"\u05d3\u05de\u05d9\u05d0\u05dc\" \/>\n<meta property=\"article:publisher\" content=\"https:\/\/www.facebook.com\/damyelparis\" \/>\n<meta property=\"article:modified_time\" content=\"2026-04-27T15:42:44+00:00\" \/>\n<meta property=\"og:image\" content=\"https:\/\/damyel.co.il\/wp-content\/uploads\/2025\/08\/mendiants-chocolats-vegan-2.png\" \/>\n\t<meta property=\"og:image:width\" content=\"677\" \/>\n\t<meta property=\"og:image:height\" content=\"709\" \/>\n\t<meta property=\"og:image:type\" content=\"image\/png\" \/>\n<meta name=\"twitter:card\" content=\"summary_large_image\" \/>\n<script type=\"application\/ld+json\" class=\"yoast-schema-graph\">{\"@context\":\"https:\\\/\\\/schema.org\",\"@graph\":[{\"@type\":\"WebPage\",\"@id\":\"https:\\\/\\\/damyel.co.il\\\/fr\\\/product\\\/mendiants\\\/\",\"url\":\"https:\\\/\\\/damyel.co.il\\\/fr\\\/product\\\/mendiants\\\/\",\"name\":\"MENDIANTS - \u05d3\u05de\u05d9\u05d0\u05dc\",\"isPartOf\":{\"@id\":\"https:\\\/\\\/damyel.co.il\\\/#website\"},\"primaryImageOfPage\":{\"@id\":\"https:\\\/\\\/damyel.co.il\\\/fr\\\/product\\\/mendiants\\\/#primaryimage\"},\"image\":{\"@id\":\"https:\\\/\\\/damyel.co.il\\\/fr\\\/product\\\/mendiants\\\/#primaryimage\"},\"thumbnailUrl\":\"https:\\\/\\\/damyel.co.il\\\/wp-content\\\/uploads\\\/2025\\\/08\\\/mendiants-chocolats-vegan-2.png\",\"datePublished\":\"2025-08-07T11:12:38+00:00\",\"dateModified\":\"2026-04-27T15:42:44+00:00\",\"breadcrumb\":{\"@id\":\"https:\\\/\\\/damyel.co.il\\\/fr\\\/product\\\/mendiants\\\/#breadcrumb\"},\"inLanguage\":\"fr-FR\",\"potentialAction\":[{\"@type\":\"ReadAction\",\"target\":[\"https:\\\/\\\/damyel.co.il\\\/fr\\\/product\\\/mendiants\\\/\"]}]},{\"@type\":\"ImageObject\",\"inLanguage\":\"fr-FR\",\"@id\":\"https:\\\/\\\/damyel.co.il\\\/fr\\\/product\\\/mendiants\\\/#primaryimage\",\"url\":\"https:\\\/\\\/damyel.co.il\\\/wp-content\\\/uploads\\\/2025\\\/08\\\/mendiants-chocolats-vegan-2.png\",\"contentUrl\":\"https:\\\/\\\/damyel.co.il\\\/wp-content\\\/uploads\\\/2025\\\/08\\\/mendiants-chocolats-vegan-2.png\",\"width\":677,\"height\":709},{\"@type\":\"BreadcrumbList\",\"@id\":\"https:\\\/\\\/damyel.co.il\\\/fr\\\/product\\\/mendiants\\\/#breadcrumb\",\"itemListElement\":[{\"@type\":\"ListItem\",\"position\":1,\"name\":\"Home\",\"item\":\"https:\\\/\\\/damyel.co.il\\\/fr\\\/\"},{\"@type\":\"ListItem\",\"position\":2,\"name\":\"Products\",\"item\":\"https:\\\/\\\/damyel.co.il\\\/en\\\/shop\\\/\"},{\"@type\":\"ListItem\",\"position\":3,\"name\":\"MENDIANTS\"}]},{\"@type\":\"WebSite\",\"@id\":\"https:\\\/\\\/damyel.co.il\\\/#website\",\"url\":\"https:\\\/\\\/damyel.co.il\\\/\",\"name\":\"\u05d3\u05de\u05d9\u05d0\u05dc\",\"description\":\"\",\"publisher\":{\"@id\":\"https:\\\/\\\/damyel.co.il\\\/#organization\"},\"potentialAction\":[{\"@type\":\"SearchAction\",\"target\":{\"@type\":\"EntryPoint\",\"urlTemplate\":\"https:\\\/\\\/damyel.co.il\\\/?s={search_term_string}\"},\"query-input\":{\"@type\":\"PropertyValueSpecification\",\"valueRequired\":true,\"valueName\":\"search_term_string\"}}],\"inLanguage\":\"fr-FR\"},{\"@type\":\"Organization\",\"@id\":\"https:\\\/\\\/damyel.co.il\\\/#organization\",\"name\":\"\u05d3\u05de\u05d9\u05d0\u05dc\",\"url\":\"https:\\\/\\\/damyel.co.il\\\/\",\"logo\":{\"@type\":\"ImageObject\",\"inLanguage\":\"fr-FR\",\"@id\":\"https:\\\/\\\/damyel.co.il\\\/#\\\/schema\\\/logo\\\/image\\\/\",\"url\":\"https:\\\/\\\/damyel.co.il\\\/wp-content\\\/uploads\\\/2025\\\/07\\\/logo-1655683224.jpg.png\",\"contentUrl\":\"https:\\\/\\\/damyel.co.il\\\/wp-content\\\/uploads\\\/2025\\\/07\\\/logo-1655683224.jpg.png\",\"width\":476,\"height\":70,\"caption\":\"\u05d3\u05de\u05d9\u05d0\u05dc\"},\"image\":{\"@id\":\"https:\\\/\\\/damyel.co.il\\\/#\\\/schema\\\/logo\\\/image\\\/\"},\"sameAs\":[\"https:\\\/\\\/www.facebook.com\\\/damyelparis\",\"https:\\\/\\\/www.instagram.com\\\/damyel_paris\"]}]}<\/script>\n<!-- \/ Yoast SEO plugin. -->","yoast_head_json":{"title":"MENDIANTS - \u05d3\u05de\u05d9\u05d0\u05dc","robots":{"index":"index","follow":"follow","max-snippet":"max-snippet:-1","max-image-preview":"max-image-preview:large","max-video-preview":"max-video-preview:-1"},"canonical":"https:\/\/damyel.co.il\/fr\/product\/mendiants\/","og_locale":"fr_FR","og_type":"article","og_title":"MENDIANTS - \u05d3\u05de\u05d9\u05d0\u05dc","og_description":"Au commencement c\u2019est avant tout un chocolat, un chocolat maison \u00ab\u00a0Utopia\u00a0\u00bb 75% de cacao. Il est le r\u00e9sultat de l\u2019assemblage de f\u00e8ves de Venezuela et du Vietnam. Ce chocolat a \u00e9t\u00e9 pens\u00e9 pour \u00eatre tr\u00e8s fruit\u00e9 et ainsi naturellement s\u2019associer avec les fruits sec tels que la noix de p\u00e9can , l&rsquo;amande,\u00a0 la pistache et le raisin sec. Nos amandes et nos pistaches proviennent de Sicile, et sont l\u00e9g\u00e8rement caram\u00e9lis\u00e9es pour rajouter encore plus de saveurs","og_url":"https:\/\/damyel.co.il\/fr\/product\/mendiants\/","og_site_name":"\u05d3\u05de\u05d9\u05d0\u05dc","article_publisher":"https:\/\/www.facebook.com\/damyelparis","article_modified_time":"2026-04-27T15:42:44+00:00","og_image":[{"width":677,"height":709,"url":"https:\/\/damyel.co.il\/wp-content\/uploads\/2025\/08\/mendiants-chocolats-vegan-2.png","type":"image\/png"}],"twitter_card":"summary_large_image","schema":{"@context":"https:\/\/schema.org","@graph":[{"@type":"WebPage","@id":"https:\/\/damyel.co.il\/fr\/product\/mendiants\/","url":"https:\/\/damyel.co.il\/fr\/product\/mendiants\/","name":"MENDIANTS - \u05d3\u05de\u05d9\u05d0\u05dc","isPartOf":{"@id":"https:\/\/damyel.co.il\/#website"},"primaryImageOfPage":{"@id":"https:\/\/damyel.co.il\/fr\/product\/mendiants\/#primaryimage"},"image":{"@id":"https:\/\/damyel.co.il\/fr\/product\/mendiants\/#primaryimage"},"thumbnailUrl":"https:\/\/damyel.co.il\/wp-content\/uploads\/2025\/08\/mendiants-chocolats-vegan-2.png","datePublished":"2025-08-07T11:12:38+00:00","dateModified":"2026-04-27T15:42:44+00:00","breadcrumb":{"@id":"https:\/\/damyel.co.il\/fr\/product\/mendiants\/#breadcrumb"},"inLanguage":"fr-FR","potentialAction":[{"@type":"ReadAction","target":["https:\/\/damyel.co.il\/fr\/product\/mendiants\/"]}]},{"@type":"ImageObject","inLanguage":"fr-FR","@id":"https:\/\/damyel.co.il\/fr\/product\/mendiants\/#primaryimage","url":"https:\/\/damyel.co.il\/wp-content\/uploads\/2025\/08\/mendiants-chocolats-vegan-2.png","contentUrl":"https:\/\/damyel.co.il\/wp-content\/uploads\/2025\/08\/mendiants-chocolats-vegan-2.png","width":677,"height":709},{"@type":"BreadcrumbList","@id":"https:\/\/damyel.co.il\/fr\/product\/mendiants\/#breadcrumb","itemListElement":[{"@type":"ListItem","position":1,"name":"Home","item":"https:\/\/damyel.co.il\/fr\/"},{"@type":"ListItem","position":2,"name":"Products","item":"https:\/\/damyel.co.il\/en\/shop\/"},{"@type":"ListItem","position":3,"name":"MENDIANTS"}]},{"@type":"WebSite","@id":"https:\/\/damyel.co.il\/#website","url":"https:\/\/damyel.co.il\/","name":"\u05d3\u05de\u05d9\u05d0\u05dc","description":"","publisher":{"@id":"https:\/\/damyel.co.il\/#organization"},"potentialAction":[{"@type":"SearchAction","target":{"@type":"EntryPoint","urlTemplate":"https:\/\/damyel.co.il\/?s={search_term_string}"},"query-input":{"@type":"PropertyValueSpecification","valueRequired":true,"valueName":"search_term_string"}}],"inLanguage":"fr-FR"},{"@type":"Organization","@id":"https:\/\/damyel.co.il\/#organization","name":"\u05d3\u05de\u05d9\u05d0\u05dc","url":"https:\/\/damyel.co.il\/","logo":{"@type":"ImageObject","inLanguage":"fr-FR","@id":"https:\/\/damyel.co.il\/#\/schema\/logo\/image\/","url":"https:\/\/damyel.co.il\/wp-content\/uploads\/2025\/07\/logo-1655683224.jpg.png","contentUrl":"https:\/\/damyel.co.il\/wp-content\/uploads\/2025\/07\/logo-1655683224.jpg.png","width":476,"height":70,"caption":"\u05d3\u05de\u05d9\u05d0\u05dc"},"image":{"@id":"https:\/\/damyel.co.il\/#\/schema\/logo\/image\/"},"sameAs":["https:\/\/www.facebook.com\/damyelparis","https:\/\/www.instagram.com\/damyel_paris"]}]}},"_links":{"self":[{"href":"https:\/\/damyel.co.il\/fr\/wp-json\/wp\/v2\/product\/2098","targetHints":{"allow":["GET"]}}],"collection":[{"href":"https:\/\/damyel.co.il\/fr\/wp-json\/wp\/v2\/product"}],"about":[{"href":"https:\/\/damyel.co.il\/fr\/wp-json\/wp\/v2\/types\/product"}],"replies":[{"embeddable":true,"href":"https:\/\/damyel.co.il\/fr\/wp-json\/wp\/v2\/comments?post=2098"}],"wp:featuredmedia":[{"embeddable":true,"href":"https:\/\/damyel.co.il\/fr\/wp-json\/wp\/v2\/media\/1700"}],"wp:attachment":[{"href":"https:\/\/damyel.co.il\/fr\/wp-json\/wp\/v2\/media?parent=2098"}],"wp:term":[{"taxonomy":"product_brand","embeddable":true,"href":"https:\/\/damyel.co.il\/fr\/wp-json\/wp\/v2\/product_brand?post=2098"},{"taxonomy":"product_cat","embeddable":true,"href":"https:\/\/damyel.co.il\/fr\/wp-json\/wp\/v2\/product_cat?post=2098"},{"taxonomy":"product_tag","embeddable":true,"href":"https:\/\/damyel.co.il\/fr\/wp-json\/wp\/v2\/product_tag?post=2098"}],"curies":[{"name":"wp","href":"https:\/\/api.w.org\/{rel}","templated":true}]}}