{"id":1310,"date":"2022-04-10T09:25:12","date_gmt":"2022-04-10T07:25:12","guid":{"rendered":"https:\/\/damyel.co.il\/?post_type=product&#038;p=1310"},"modified":"2026-04-27T17:45:50","modified_gmt":"2026-04-27T15:45:50","slug":"box-maison-7","status":"publish","type":"product","link":"https:\/\/damyel.co.il\/fr\/product\/box-maison-7\/","title":{"rendered":"BOX MAISON 7"},"content":{"rendered":"<p>Coffret embl\u00e9matique qui r\u00e9unit tout le savoir faire de maison dans une bo\u00eete aux lignes et \u00e9pur\u00e9e.<\/p>\n<p>Format maxi ou mini, les \u00e9l\u00e9ments se modulent au gr\u00e8s de vos envies et peuvent ainsi se conserver au frais s\u00e9par\u00e9ment.<\/p>\n<p>N\u2019h\u00e9sitez plus : offrez une exp\u00e9rience culinaire et visuelle savoureuse.<\/p>\n","protected":false},"excerpt":{"rendered":"<p>Coffret embl\u00e9matique qui r\u00e9unit tout le savoir faire de maison dans une bo\u00eete aux lignes et \u00e9pur\u00e9e. Format maxi ou mini, les \u00e9l\u00e9ments se modulent au gr\u00e8s de vos envies et peuvent ainsi se conserver au frais s\u00e9par\u00e9ment. N\u2019h\u00e9sitez plus : offrez une exp\u00e9rience culinaire et visuelle savoureuse.<\/p>\n","protected":false},"featured_media":6873,"comment_status":"open","ping_status":"closed","template":"","meta":{"_acf_changed":false},"product_brand":[],"product_cat":[67],"product_tag":[],"class_list":{"0":"post-1310","1":"product","2":"type-product","3":"status-publish","4":"has-post-thumbnail","6":"product_cat-coffrets","8":"first","9":"instock","10":"taxable","11":"shipping-taxable","12":"purchasable","13":"product-type-simple"},"acf":[],"_links":{"self":[{"href":"https:\/\/damyel.co.il\/fr\/wp-json\/wp\/v2\/product\/1310","targetHints":{"allow":["GET"]}}],"collection":[{"href":"https:\/\/damyel.co.il\/fr\/wp-json\/wp\/v2\/product"}],"about":[{"href":"https:\/\/damyel.co.il\/fr\/wp-json\/wp\/v2\/types\/product"}],"replies":[{"embeddable":true,"href":"https:\/\/damyel.co.il\/fr\/wp-json\/wp\/v2\/comments?post=1310"}],"wp:featuredmedia":[{"embeddable":true,"href":"https:\/\/damyel.co.il\/fr\/wp-json\/wp\/v2\/media\/6873"}],"wp:attachment":[{"href":"https:\/\/damyel.co.il\/fr\/wp-json\/wp\/v2\/media?parent=1310"}],"wp:term":[{"taxonomy":"product_brand","embeddable":true,"href":"https:\/\/damyel.co.il\/fr\/wp-json\/wp\/v2\/product_brand?post=1310"},{"taxonomy":"product_cat","embeddable":true,"href":"https:\/\/damyel.co.il\/fr\/wp-json\/wp\/v2\/product_cat?post=1310"},{"taxonomy":"product_tag","embeddable":true,"href":"https:\/\/damyel.co.il\/fr\/wp-json\/wp\/v2\/product_tag?post=1310"}],"curies":[{"name":"wp","href":"https:\/\/api.w.org\/{rel}","templated":true}]}}