{"id":5525,"date":"2025-08-24T13:00:36","date_gmt":"2025-08-24T11:00:36","guid":{"rendered":"https:\/\/damyel.co.il\/?page_id=5525"},"modified":"2025-08-24T13:05:09","modified_gmt":"2025-08-24T11:05:09","slug":"livraison","status":"publish","type":"page","link":"https:\/\/damyel.co.il\/fr\/livraison\/","title":{"rendered":"LIVRAISON"},"content":{"rendered":"\t\t<div data-elementor-type=\"wp-page\" data-elementor-id=\"5525\" class=\"elementor elementor-5525\" data-elementor-post-type=\"page\">\n\t\t\t\t<div class=\"elementor-element elementor-element-07f2f76 e-flex e-con-boxed wpr-particle-no wpr-jarallax-no wpr-parallax-no wpr-sticky-section-no e-con e-parent\" data-id=\"07f2f76\" data-element_type=\"container\" data-e-type=\"container\">\n\t\t\t\t\t<div class=\"e-con-inner\">\n\t\t\t\t<div class=\"elementor-element elementor-element-6806070 elementor-widget elementor-widget-text-editor\" data-id=\"6806070\" data-element_type=\"widget\" data-e-type=\"widget\" data-widget_type=\"text-editor.default\">\n\t\t\t\t\t\t\t\t\t<h1>LIVRAISON<\/h1>\t\t\t\t\t\t\t\t<\/div>\n\t\t\t\t\t<\/div>\n\t\t\t\t<\/div>\n\t\t<div class=\"elementor-element elementor-element-ce3b28b e-flex e-con-boxed wpr-particle-no wpr-jarallax-no wpr-parallax-no wpr-sticky-section-no e-con e-parent\" data-id=\"ce3b28b\" data-element_type=\"container\" data-e-type=\"container\">\n\t\t\t\t\t<div class=\"e-con-inner\">\n\t\t\t\t<div class=\"elementor-element elementor-element-85d1890 elementor-widget elementor-widget-text-editor\" data-id=\"85d1890\" data-element_type=\"widget\" data-e-type=\"widget\" data-widget_type=\"text-editor.default\">\n\t\t\t\t\t\t\t\t\t<p><b>Nous proposons la livraison dans la plupart des pays d\u2019Europe (sauf en Suisse),\u00a0 aux USA et au Canada sous certaines conditions.<\/b><\/p><p>Nous pouvons livrer \u00e0 n&rsquo;importe quelle adresse (domicile, travail, &#8230;), pour autant que celle-ci soit compl\u00e8te et pr\u00e9cise.<\/p><p>Vous trouverez ci-dessous les d\u00e9tails selon la destination :<\/p><p>Livraison possible du lundi au vendredi en France (24H ) : 20\u20ac en chronofresh\u00a0<\/p><p>Livraison possible du lundi au vendredi \u00e0 Monaco livr\u00e9 en (24H) : 20\u20ac en chronofresh\u00a0<\/p><p>Livraison possible du lundi au vendredi dans toute l\u2019Europe,\u00a0 Belgique et\u00a0Luxembourg inclus sauf Suisse (48H ou 72H) : 40.00\u20ac<\/p><p>Livraison possible du lundi au vendredi dans tous les USA ( 1 semaine) : 120\u20ac<\/p><p>Livraison en Israel du dimanche au vendredi uniquement par t\u00e9l\u00e9phone pour les villes suivantes (24\/48H) : TLV, Jerusalem, Netanya, Bnei Brak, Herztlya, Raanana :\u00a0 60 Shekels<\/p><p>Le montant sur le site est le montant d\u00e9finitif que vous payez.\u00a0Il n&rsquo;y a pas de frais de douane.<\/p><p>Point d\u2019attention\u202f: aux USA des contr\u00f4les douaniers al\u00e9atoires peuvent retarder la livraison de votre commande jusqu\u2019\u00e0 96h.\u00a0<\/p><p><b>Veuillez noter que nous ne livrons pas vers la Suisse, ni le UK. Les commandes pass\u00e9es sur le site \u00e0 ces destinations seront automatiquement annul\u00e9es.<\/b><\/p>\t\t\t\t\t\t\t\t<\/div>\n\t\t\t\t\t<\/div>\n\t\t\t\t<\/div>\n\t\t\t\t<\/div>\n\t\t","protected":false},"excerpt":{"rendered":"<p>LIVRAISON Nous proposons la livraison dans la plupart des pays d\u2019Europe (sauf en Suisse),\u00a0 aux USA et au Canada sous certaines conditions. Nous pouvons livrer \u00e0 n&rsquo;importe quelle adresse (domicile, travail, &#8230;), pour autant que celle-ci soit compl\u00e8te et pr\u00e9cise. Vous trouverez ci-dessous les d\u00e9tails selon la destination : Livraison possible du lundi au vendredi en France (24H ) : 20\u20ac en chronofresh\u00a0 Livraison possible du lundi au vendredi \u00e0 Monaco livr\u00e9 en (24H) : 20\u20ac en chronofresh\u00a0 Livraison possible du lundi au vendredi dans toute l\u2019Europe,\u00a0 Belgique et\u00a0Luxembourg inclus sauf Suisse (48H ou 72H) : 40.00\u20ac Livraison possible du lundi au vendredi dans tous les USA ( 1 semaine) : 120\u20ac Livraison en Israel du dimanche au vendredi uniquement par t\u00e9l\u00e9phone pour les villes suivantes (24\/48H) : TLV, Jerusalem, Netanya, Bnei Brak, Herztlya, Raanana :\u00a0 60 Shekels Le montant sur le site est le montant d\u00e9finitif que vous payez.\u00a0Il n&rsquo;y a pas de frais de douane. Point d\u2019attention\u202f: aux USA des contr\u00f4les douaniers al\u00e9atoires peuvent retarder la livraison de votre commande jusqu\u2019\u00e0 96h.\u00a0 Veuillez noter que nous ne livrons pas vers la Suisse, ni le UK. Les commandes pass\u00e9es sur le site \u00e0 ces destinations seront automatiquement annul\u00e9es.<\/p>\n","protected":false},"author":1,"featured_media":0,"parent":0,"menu_order":0,"comment_status":"closed","ping_status":"closed","template":"","meta":{"_acf_changed":false,"footnotes":""},"class_list":["post-5525","page","type-page","status-publish","hentry"],"acf":[],"yoast_head":"<!-- This site is optimized with the Yoast SEO plugin v27.5 - https:\/\/yoast.com\/product\/yoast-seo-wordpress\/ -->\n<title>LIVRAISON - \u05d3\u05de\u05d9\u05d0\u05dc<\/title>\n<meta name=\"robots\" content=\"index, follow, max-snippet:-1, max-image-preview:large, max-video-preview:-1\" \/>\n<link rel=\"canonical\" href=\"https:\/\/damyel.co.il\/fr\/livraison\/\" \/>\n<meta property=\"og:locale\" content=\"fr_FR\" \/>\n<meta property=\"og:type\" content=\"article\" \/>\n<meta property=\"og:title\" content=\"LIVRAISON - \u05d3\u05de\u05d9\u05d0\u05dc\" \/>\n<meta property=\"og:description\" content=\"LIVRAISON Nous proposons la livraison dans la plupart des pays d\u2019Europe (sauf en Suisse),\u00a0 aux USA et au Canada sous certaines conditions. Nous pouvons livrer \u00e0 n&rsquo;importe quelle adresse (domicile, travail, &#8230;), pour autant que celle-ci soit compl\u00e8te et pr\u00e9cise. Vous trouverez ci-dessous les d\u00e9tails selon la destination : Livraison possible du lundi au vendredi en France (24H ) : 20\u20ac en chronofresh\u00a0 Livraison possible du lundi au vendredi \u00e0 Monaco livr\u00e9 en (24H) : 20\u20ac en chronofresh\u00a0 Livraison possible du lundi au vendredi dans toute l\u2019Europe,\u00a0 Belgique et\u00a0Luxembourg inclus sauf Suisse (48H ou 72H) : 40.00\u20ac Livraison possible du lundi au vendredi dans tous les USA ( 1 semaine) : 120\u20ac Livraison en Israel du dimanche au vendredi uniquement par t\u00e9l\u00e9phone pour les villes suivantes (24\/48H) : TLV, Jerusalem, Netanya, Bnei Brak, Herztlya, Raanana :\u00a0 60 Shekels Le montant sur le site est le montant d\u00e9finitif que vous payez.\u00a0Il n&rsquo;y a pas de frais de douane. Point d\u2019attention\u202f: aux USA des contr\u00f4les douaniers al\u00e9atoires peuvent retarder la livraison de votre commande jusqu\u2019\u00e0 96h.\u00a0 Veuillez noter que nous ne livrons pas vers la Suisse, ni le UK. Les commandes pass\u00e9es sur le site \u00e0 ces destinations seront automatiquement annul\u00e9es.\" \/>\n<meta property=\"og:url\" content=\"https:\/\/damyel.co.il\/fr\/livraison\/\" \/>\n<meta property=\"og:site_name\" content=\"\u05d3\u05de\u05d9\u05d0\u05dc\" \/>\n<meta property=\"article:publisher\" content=\"https:\/\/www.facebook.com\/damyelparis\" \/>\n<meta property=\"article:modified_time\" content=\"2025-08-24T11:05:09+00:00\" \/>\n<meta name=\"twitter:card\" content=\"summary_large_image\" \/>\n<meta name=\"twitter:label1\" content=\"Dur\u00e9e de lecture estim\u00e9e\" \/>\n\t<meta name=\"twitter:data1\" content=\"1 minute\" \/>\n<script type=\"application\/ld+json\" class=\"yoast-schema-graph\">{\"@context\":\"https:\\\/\\\/schema.org\",\"@graph\":[{\"@type\":\"WebPage\",\"@id\":\"https:\\\/\\\/damyel.co.il\\\/fr\\\/livraison\\\/\",\"url\":\"https:\\\/\\\/damyel.co.il\\\/fr\\\/livraison\\\/\",\"name\":\"LIVRAISON - \u05d3\u05de\u05d9\u05d0\u05dc\",\"isPartOf\":{\"@id\":\"https:\\\/\\\/damyel.co.il\\\/#website\"},\"datePublished\":\"2025-08-24T11:00:36+00:00\",\"dateModified\":\"2025-08-24T11:05:09+00:00\",\"breadcrumb\":{\"@id\":\"https:\\\/\\\/damyel.co.il\\\/fr\\\/livraison\\\/#breadcrumb\"},\"inLanguage\":\"fr-FR\",\"potentialAction\":[{\"@type\":\"ReadAction\",\"target\":[\"https:\\\/\\\/damyel.co.il\\\/fr\\\/livraison\\\/\"]}]},{\"@type\":\"BreadcrumbList\",\"@id\":\"https:\\\/\\\/damyel.co.il\\\/fr\\\/livraison\\\/#breadcrumb\",\"itemListElement\":[{\"@type\":\"ListItem\",\"position\":1,\"name\":\"Home\",\"item\":\"https:\\\/\\\/damyel.co.il\\\/fr\\\/\"},{\"@type\":\"ListItem\",\"position\":2,\"name\":\"LIVRAISON\"}]},{\"@type\":\"WebSite\",\"@id\":\"https:\\\/\\\/damyel.co.il\\\/#website\",\"url\":\"https:\\\/\\\/damyel.co.il\\\/\",\"name\":\"\u05d3\u05de\u05d9\u05d0\u05dc\",\"description\":\"\",\"publisher\":{\"@id\":\"https:\\\/\\\/damyel.co.il\\\/#organization\"},\"potentialAction\":[{\"@type\":\"SearchAction\",\"target\":{\"@type\":\"EntryPoint\",\"urlTemplate\":\"https:\\\/\\\/damyel.co.il\\\/?s={search_term_string}\"},\"query-input\":{\"@type\":\"PropertyValueSpecification\",\"valueRequired\":true,\"valueName\":\"search_term_string\"}}],\"inLanguage\":\"fr-FR\"},{\"@type\":\"Organization\",\"@id\":\"https:\\\/\\\/damyel.co.il\\\/#organization\",\"name\":\"\u05d3\u05de\u05d9\u05d0\u05dc\",\"url\":\"https:\\\/\\\/damyel.co.il\\\/\",\"logo\":{\"@type\":\"ImageObject\",\"inLanguage\":\"fr-FR\",\"@id\":\"https:\\\/\\\/damyel.co.il\\\/#\\\/schema\\\/logo\\\/image\\\/\",\"url\":\"https:\\\/\\\/damyel.co.il\\\/wp-content\\\/uploads\\\/2025\\\/07\\\/logo-1655683224.jpg.png\",\"contentUrl\":\"https:\\\/\\\/damyel.co.il\\\/wp-content\\\/uploads\\\/2025\\\/07\\\/logo-1655683224.jpg.png\",\"width\":476,\"height\":70,\"caption\":\"\u05d3\u05de\u05d9\u05d0\u05dc\"},\"image\":{\"@id\":\"https:\\\/\\\/damyel.co.il\\\/#\\\/schema\\\/logo\\\/image\\\/\"},\"sameAs\":[\"https:\\\/\\\/www.facebook.com\\\/damyelparis\",\"https:\\\/\\\/www.instagram.com\\\/damyel_paris\"]}]}<\/script>\n<!-- \/ Yoast SEO plugin. -->","yoast_head_json":{"title":"LIVRAISON - \u05d3\u05de\u05d9\u05d0\u05dc","robots":{"index":"index","follow":"follow","max-snippet":"max-snippet:-1","max-image-preview":"max-image-preview:large","max-video-preview":"max-video-preview:-1"},"canonical":"https:\/\/damyel.co.il\/fr\/livraison\/","og_locale":"fr_FR","og_type":"article","og_title":"LIVRAISON - \u05d3\u05de\u05d9\u05d0\u05dc","og_description":"LIVRAISON Nous proposons la livraison dans la plupart des pays d\u2019Europe (sauf en Suisse),\u00a0 aux USA et au Canada sous certaines conditions. Nous pouvons livrer \u00e0 n&rsquo;importe quelle adresse (domicile, travail, &#8230;), pour autant que celle-ci soit compl\u00e8te et pr\u00e9cise. Vous trouverez ci-dessous les d\u00e9tails selon la destination : Livraison possible du lundi au vendredi en France (24H ) : 20\u20ac en chronofresh\u00a0 Livraison possible du lundi au vendredi \u00e0 Monaco livr\u00e9 en (24H) : 20\u20ac en chronofresh\u00a0 Livraison possible du lundi au vendredi dans toute l\u2019Europe,\u00a0 Belgique et\u00a0Luxembourg inclus sauf Suisse (48H ou 72H) : 40.00\u20ac Livraison possible du lundi au vendredi dans tous les USA ( 1 semaine) : 120\u20ac Livraison en Israel du dimanche au vendredi uniquement par t\u00e9l\u00e9phone pour les villes suivantes (24\/48H) : TLV, Jerusalem, Netanya, Bnei Brak, Herztlya, Raanana :\u00a0 60 Shekels Le montant sur le site est le montant d\u00e9finitif que vous payez.\u00a0Il n&rsquo;y a pas de frais de douane. Point d\u2019attention\u202f: aux USA des contr\u00f4les douaniers al\u00e9atoires peuvent retarder la livraison de votre commande jusqu\u2019\u00e0 96h.\u00a0 Veuillez noter que nous ne livrons pas vers la Suisse, ni le UK. Les commandes pass\u00e9es sur le site \u00e0 ces destinations seront automatiquement annul\u00e9es.","og_url":"https:\/\/damyel.co.il\/fr\/livraison\/","og_site_name":"\u05d3\u05de\u05d9\u05d0\u05dc","article_publisher":"https:\/\/www.facebook.com\/damyelparis","article_modified_time":"2025-08-24T11:05:09+00:00","twitter_card":"summary_large_image","twitter_misc":{"Dur\u00e9e de lecture estim\u00e9e":"1 minute"},"schema":{"@context":"https:\/\/schema.org","@graph":[{"@type":"WebPage","@id":"https:\/\/damyel.co.il\/fr\/livraison\/","url":"https:\/\/damyel.co.il\/fr\/livraison\/","name":"LIVRAISON - \u05d3\u05de\u05d9\u05d0\u05dc","isPartOf":{"@id":"https:\/\/damyel.co.il\/#website"},"datePublished":"2025-08-24T11:00:36+00:00","dateModified":"2025-08-24T11:05:09+00:00","breadcrumb":{"@id":"https:\/\/damyel.co.il\/fr\/livraison\/#breadcrumb"},"inLanguage":"fr-FR","potentialAction":[{"@type":"ReadAction","target":["https:\/\/damyel.co.il\/fr\/livraison\/"]}]},{"@type":"BreadcrumbList","@id":"https:\/\/damyel.co.il\/fr\/livraison\/#breadcrumb","itemListElement":[{"@type":"ListItem","position":1,"name":"Home","item":"https:\/\/damyel.co.il\/fr\/"},{"@type":"ListItem","position":2,"name":"LIVRAISON"}]},{"@type":"WebSite","@id":"https:\/\/damyel.co.il\/#website","url":"https:\/\/damyel.co.il\/","name":"\u05d3\u05de\u05d9\u05d0\u05dc","description":"","publisher":{"@id":"https:\/\/damyel.co.il\/#organization"},"potentialAction":[{"@type":"SearchAction","target":{"@type":"EntryPoint","urlTemplate":"https:\/\/damyel.co.il\/?s={search_term_string}"},"query-input":{"@type":"PropertyValueSpecification","valueRequired":true,"valueName":"search_term_string"}}],"inLanguage":"fr-FR"},{"@type":"Organization","@id":"https:\/\/damyel.co.il\/#organization","name":"\u05d3\u05de\u05d9\u05d0\u05dc","url":"https:\/\/damyel.co.il\/","logo":{"@type":"ImageObject","inLanguage":"fr-FR","@id":"https:\/\/damyel.co.il\/#\/schema\/logo\/image\/","url":"https:\/\/damyel.co.il\/wp-content\/uploads\/2025\/07\/logo-1655683224.jpg.png","contentUrl":"https:\/\/damyel.co.il\/wp-content\/uploads\/2025\/07\/logo-1655683224.jpg.png","width":476,"height":70,"caption":"\u05d3\u05de\u05d9\u05d0\u05dc"},"image":{"@id":"https:\/\/damyel.co.il\/#\/schema\/logo\/image\/"},"sameAs":["https:\/\/www.facebook.com\/damyelparis","https:\/\/www.instagram.com\/damyel_paris"]}]}},"_links":{"self":[{"href":"https:\/\/damyel.co.il\/fr\/wp-json\/wp\/v2\/pages\/5525","targetHints":{"allow":["GET"]}}],"collection":[{"href":"https:\/\/damyel.co.il\/fr\/wp-json\/wp\/v2\/pages"}],"about":[{"href":"https:\/\/damyel.co.il\/fr\/wp-json\/wp\/v2\/types\/page"}],"author":[{"embeddable":true,"href":"https:\/\/damyel.co.il\/fr\/wp-json\/wp\/v2\/users\/1"}],"replies":[{"embeddable":true,"href":"https:\/\/damyel.co.il\/fr\/wp-json\/wp\/v2\/comments?post=5525"}],"version-history":[{"count":1,"href":"https:\/\/damyel.co.il\/fr\/wp-json\/wp\/v2\/pages\/5525\/revisions"}],"predecessor-version":[{"id":5526,"href":"https:\/\/damyel.co.il\/fr\/wp-json\/wp\/v2\/pages\/5525\/revisions\/5526"}],"wp:attachment":[{"href":"https:\/\/damyel.co.il\/fr\/wp-json\/wp\/v2\/media?parent=5525"}],"curies":[{"name":"wp","href":"https:\/\/api.w.org\/{rel}","templated":true}]}}