{"id":5280,"date":"2025-08-15T23:53:56","date_gmt":"2025-08-15T21:53:56","guid":{"rendered":"https:\/\/damyel.co.il\/mon-compte\/"},"modified":"2025-10-03T13:30:24","modified_gmt":"2025-10-03T11:30:24","slug":"mon-compte","status":"publish","type":"page","link":"https:\/\/damyel.co.il\/fr\/mon-compte\/","title":{"rendered":"Mon compte"},"content":{"rendered":"\t\t<div data-elementor-type=\"wp-page\" data-elementor-id=\"5280\" class=\"elementor elementor-5280 elementor-3994\" data-elementor-post-type=\"page\">\n\t\t\t\t<div class=\"elementor-element elementor-element-850d058 e-con-full e-flex wpr-particle-no wpr-jarallax-no wpr-parallax-no wpr-sticky-section-no e-con e-parent\" data-id=\"850d058\" data-element_type=\"container\" data-e-type=\"container\">\n\t\t\t\t<div class=\"elementor-element elementor-element-f1fc417 afb-heading elementor-widget elementor-widget-heading\" data-id=\"f1fc417\" data-element_type=\"widget\" data-e-type=\"widget\" data-widget_type=\"heading.default\">\n\t\t\t\t\t<h2 class=\"elementor-heading-title elementor-size-default\">Votre compte<\/h2>\t\t\t\t<\/div>\n\t\t\t\t<div class=\"elementor-element elementor-element-d252a46 e-my-account-tabs-horizontal elementor-widget elementor-widget-woocommerce-my-account\" data-id=\"d252a46\" data-element_type=\"widget\" data-e-type=\"widget\" data-widget_type=\"woocommerce-my-account.default\">\n\t\t\t\t\t<script>console.log(\"OPIGM DEBUG [HPOS filter CALLED]: \", {\"name\":\"\",\"parent\":\"\",\"parent_exclude\":\"\",\"exclude\":\"\",\"limit\":1,\"page\":1,\"offset\":\"\",\"paginate\":false,\"order\":\"DESC\",\"orderby\":\"date\",\"return\":\"objects\",\"status\":[\"wc-pending\",\"wc-processing\",\"wc-on-hold\",\"wc-completed\",\"wc-cancelled\",\"wc-refunded\",\"wc-failed\",\"wc-checkout-draft\"],\"type\":[\"shop_order\",\"shop_order_refund\"],\"currency\":\"\",\"version\":\"\",\"prices_include_tax\":\"\",\"date_created\":\"\",\"date_modified\":\"\",\"date_completed\":\"\",\"date_paid\":\"\",\"discount_total\":\"\",\"discount_tax\":\"\",\"shipping_total\":\"\",\"shipping_tax\":\"\",\"cart_tax\":\"\",\"total\":\"\",\"total_tax\":\"\",\"customer\":\"\",\"customer_id\":\"\",\"order_key\":\"\",\"billing_first_name\":\"\",\"billing_last_name\":\"\",\"billing_company\":\"\",\"billing_address_1\":\"\",\"billing_address_2\":\"\",\"billing_city\":\"\",\"billing_state\":\"\",\"billing_postcode\":\"\",\"billing_country\":\"\",\"billing_email\":\"\",\"billing_phone\":\"\",\"shipping_first_name\":\"\",\"shipping_last_name\":\"\",\"shipping_company\":\"\",\"shipping_address_1\":\"\",\"shipping_address_2\":\"\",\"shipping_city\":\"\",\"shipping_state\":\"\",\"shipping_postcode\":\"\",\"shipping_country\":\"\",\"shipping_phone\":\"\",\"payment_method\":\"\",\"payment_method_title\":\"\",\"transaction_id\":\"\",\"customer_ip_address\":\"\",\"customer_user_agent\":\"\",\"created_via\":\"\",\"customer_note\":\"\"});<\/script><div class=\"e-my-account-tab e-my-account-tab__ \">\t\t\t<div class=\"woocommerce\"><\/div>\t\t<\/div>\n\t\t\t\t\t\t<\/div>\n\t\t\t\t<div class=\"elementor-element elementor-element-79308b3 elementor-icon-list--layout-inline elementor-list-item-link-full_width elementor-widget elementor-widget-icon-list\" data-id=\"79308b3\" data-element_type=\"widget\" data-e-type=\"widget\" data-widget_type=\"icon-list.default\">\n\t\t\t\t\t\t\t<ul class=\"elementor-icon-list-items elementor-inline-items\">\n\t\t\t\t\t\t\t<li class=\"elementor-icon-list-item elementor-inline-item\">\n\t\t\t\t\t\t\t\t\t\t\t<a href=\"\/user-dashboard\">\n\n\t\t\t\t\t\t\t\t\t\t\t\t<span class=\"elementor-icon-list-icon\">\n\t\t\t\t\t\t\t<svg aria-hidden=\"true\" class=\"e-font-icon-svg e-fas-chevron-left\" viewBox=\"0 0 320 512\" xmlns=\"http:\/\/www.w3.org\/2000\/svg\"><path d=\"M34.52 239.03L228.87 44.69c9.37-9.37 24.57-9.37 33.94 0l22.67 22.67c9.36 9.36 9.37 24.52.04 33.9L131.49 256l154.02 154.75c9.34 9.38 9.32 24.54-.04 33.9l-22.67 22.67c-9.37 9.37-24.57 9.37-33.94 0L34.52 272.97c-9.37-9.37-9.37-24.57 0-33.94z\"><\/path><\/svg>\t\t\t\t\t\t<\/span>\n\t\t\t\t\t\t\t\t\t\t<span class=\"elementor-icon-list-text\">Retour \u00e0 votre compte <\/span>\n\t\t\t\t\t\t\t\t\t\t\t<\/a>\n\t\t\t\t\t\t\t\t\t<\/li>\n\t\t\t\t\t\t\t\t<li class=\"elementor-icon-list-item elementor-inline-item\">\n\t\t\t\t\t\t\t\t\t\t\t<a href=\"\/\">\n\n\t\t\t\t\t\t\t\t\t\t\t\t<span class=\"elementor-icon-list-icon\">\n\t\t\t\t\t\t\t<svg aria-hidden=\"true\" class=\"e-font-icon-svg e-fas-home\" viewBox=\"0 0 576 512\" xmlns=\"http:\/\/www.w3.org\/2000\/svg\"><path d=\"M280.37 148.26L96 300.11V464a16 16 0 0 0 16 16l112.06-.29a16 16 0 0 0 15.92-16V368a16 16 0 0 1 16-16h64a16 16 0 0 1 16 16v95.64a16 16 0 0 0 16 16.05L464 480a16 16 0 0 0 16-16V300L295.67 148.26a12.19 12.19 0 0 0-15.3 0zM571.6 251.47L488 182.56V44.05a12 12 0 0 0-12-12h-56a12 12 0 0 0-12 12v72.61L318.47 43a48 48 0 0 0-61 0L4.34 251.47a12 12 0 0 0-1.6 16.9l25.5 31A12 12 0 0 0 45.15 301l235.22-193.74a12.19 12.19 0 0 1 15.3 0L530.9 301a12 12 0 0 0 16.9-1.6l25.5-31a12 12 0 0 0-1.7-16.93z\"><\/path><\/svg>\t\t\t\t\t\t<\/span>\n\t\t\t\t\t\t\t\t\t\t<span class=\"elementor-icon-list-text\">  Accueil<\/span>\n\t\t\t\t\t\t\t\t\t\t\t<\/a>\n\t\t\t\t\t\t\t\t\t<\/li>\n\t\t\t\t\t\t<\/ul>\n\t\t\t\t\t\t<\/div>\n\t\t\t\t<div class=\"elementor-element elementor-element-1d11e86 elementor-widget elementor-widget-html\" data-id=\"1d11e86\" data-element_type=\"widget\" data-e-type=\"widget\" data-widget_type=\"html.default\">\n\t\t\t\t\t<link rel=\"stylesheet\" href=\"https:\/\/cdnjs.cloudflare.com\/ajax\/libs\/font-awesome\/7.0.0\/css\/solid.min.css\" integrity=\"sha512-SRwBRtvmT+LZLST1GBrRec8GROqtjKU1NK23RKSpdL6IRzn2xPeOfBYSeIlc\/9iXYagKB5IX6MyKZF1nq4a1fw==\" crossorigin=\"anonymous\" referrerpolicy=\"no-referrer\" \/>\n\n\n<style>\n    \n    .fa, .far, .fas {\n        font-family: \"Font Awesome 5 Free\" !important;\n    }\n\n<\/style>\n\n\n<script>\ndocument.addEventListener('DOMContentLoaded', function() {\n    const nav = document.querySelector('.woocommerce-MyAccount-navigation ul');\n    if (!nav) return;\n\n    const dashboard = nav.querySelector('.woocommerce-MyAccount-navigation-link--dashboard');\n    const account   = nav.querySelector('.woocommerce-MyAccount-navigation-link--edit-account');\n    const addresses = nav.querySelector('.woocommerce-MyAccount-navigation-link--edit-address');\n    const orders    = nav.querySelector('.woocommerce-MyAccount-navigation-link--orders');\n\n    \/\/ Collect all items so we can find the \"rest\"\n    const allItems = Array.from(nav.children);\n    const ordered = [dashboard, account, addresses, orders].filter(Boolean);\n\n    \/\/ Append the \"rest\" of the items after our ordered ones\n    const rest = allItems.filter(item => !ordered.includes(item));\n\n    \/\/ Clear and re-append\n    [...ordered, ...rest].forEach(item => {\n        if (item) nav.appendChild(item);\n    });\n\n    \/\/ Add icons (Font Awesome example)\n    const icons = {\n        'woocommerce-MyAccount-navigation-link--dashboard': '<i class=\"fas fa-home\"><\/i> ',\n        'woocommerce-MyAccount-navigation-link--edit-account': '<i class=\"fas fa-user\"><\/i> ',\n        'woocommerce-MyAccount-navigation-link--edit-address': '<i class=\"fas fa-map-marker-alt\"><\/i> ',\n        'woocommerce-MyAccount-navigation-link--orders': '<i class=\"fas fa-shopping-bag\"><\/i> ',\n        'woocommerce-MyAccount-navigation-link--downloads': '<i class=\"fas fa-download\"><\/i> ',\n        'woocommerce-MyAccount-navigation-link--customer-logout': '<i class=\"fas fa-sign-out-alt\"><\/i> '\n    };\n\n    Object.entries(icons).forEach(([className, iconHTML]) => {\n        const link = nav.querySelector(`.${className} a`);\n        if (link && !link.innerHTML.includes('<i')) {\n            link.innerHTML = iconHTML + link.innerHTML;\n        }\n    });\n});\n\n    \n\n\ndocument.addEventListener('DOMContentLoaded', function() {\n    const nav = document.querySelector('.woocommerce-MyAccount-navigation');\n    const afbHeading= document.querySelector(\".afb-heading\")\n    \n    \n    if (!nav) return;\n\n    const path = window.location.pathname.replace(\/\\\/+$\/, '');  \n    const dashboardIndex = path.indexOf('\/user-dashboard');\n\n    if (dashboardIndex !== -1) {\n      \n        const afterDashboard = path.substring(dashboardIndex + '\/user-dashboard'.length);\n        \n        \n        if (afterDashboard && afterDashboard !== '\/') {\n            nav.style.display = 'none';\n            \n            if(afbHeading){\n                afbHeading.style.display = 'none';\n            }\n        }\n    }\n});\n\n\ndocument.addEventListener('DOMContentLoaded', function() {\n    if (window.location.href.includes('edit-account')) {\n        const content = document.querySelector('.woocommerce-MyAccount-content');\n        if (content) {\n            const heading = document.createElement('h2');\n            heading.className = 'elementor-heading-title elementor-size-default';\n            heading.textContent = 'Your personal information';\n            content.prepend(heading);\n        }\n    }\n});\n\n\n<\/script>\t\t\t\t<\/div>\n\t\t\t\t<\/div>\n\t\t\t\t<\/div>\n\t\t","protected":false},"excerpt":{"rendered":"<p>Votre compte Tableau de bord Mes commandes T\u00e9l\u00e9chargements Mes adresses D\u00e9tails du compte D\u00e9connexion Tableau de bord Mes commandes T\u00e9l\u00e9chargements Mes adresses D\u00e9tails du compte D\u00e9connexion Hello dev2652 (not dev2652? Log out) From your account dashboard you can view your recent orders, manage your shipping and billing addresses, and edit your password and account details. Retour \u00e0 votre compte Accueil<\/p>\n","protected":false},"author":7,"featured_media":0,"parent":0,"menu_order":0,"comment_status":"closed","ping_status":"closed","template":"","meta":{"_acf_changed":false,"footnotes":""},"class_list":["post-5280","page","type-page","status-publish","hentry"],"acf":[],"_links":{"self":[{"href":"https:\/\/damyel.co.il\/fr\/wp-json\/wp\/v2\/pages\/5280","targetHints":{"allow":["GET"]}}],"collection":[{"href":"https:\/\/damyel.co.il\/fr\/wp-json\/wp\/v2\/pages"}],"about":[{"href":"https:\/\/damyel.co.il\/fr\/wp-json\/wp\/v2\/types\/page"}],"author":[{"embeddable":true,"href":"https:\/\/damyel.co.il\/fr\/wp-json\/wp\/v2\/users\/7"}],"replies":[{"embeddable":true,"href":"https:\/\/damyel.co.il\/fr\/wp-json\/wp\/v2\/comments?post=5280"}],"version-history":[{"count":7,"href":"https:\/\/damyel.co.il\/fr\/wp-json\/wp\/v2\/pages\/5280\/revisions"}],"predecessor-version":[{"id":6064,"href":"https:\/\/damyel.co.il\/fr\/wp-json\/wp\/v2\/pages\/5280\/revisions\/6064"}],"wp:attachment":[{"href":"https:\/\/damyel.co.il\/fr\/wp-json\/wp\/v2\/media?parent=5280"}],"curies":[{"name":"wp","href":"https:\/\/api.w.org\/{rel}","templated":true}]}}