{"id":3799,"date":"2025-08-11T11:47:59","date_gmt":"2025-08-11T09:47:59","guid":{"rendered":"https:\/\/damyel.co.il\/casher-vegetalien\/"},"modified":"2025-08-24T13:16:06","modified_gmt":"2025-08-24T11:16:06","slug":"kosher-vegan","status":"publish","type":"page","link":"https:\/\/damyel.co.il\/fr\/kosher-vegan\/","title":{"rendered":"KOSHER VEGAN"},"content":{"rendered":"\t\t<div data-elementor-type=\"wp-page\" data-elementor-id=\"3799\" class=\"elementor elementor-3799\" data-elementor-post-type=\"page\">\n\t\t\t\t<div class=\"elementor-element elementor-element-07f2f76 e-flex e-con-boxed wpr-particle-no wpr-jarallax-no wpr-parallax-no wpr-sticky-section-no e-con e-parent\" data-id=\"07f2f76\" data-element_type=\"container\" data-e-type=\"container\">\n\t\t\t\t\t<div class=\"e-con-inner\">\n\t\t\t\t<div class=\"elementor-element elementor-element-6806070 elementor-widget elementor-widget-text-editor\" data-id=\"6806070\" data-element_type=\"widget\" data-e-type=\"widget\" data-widget_type=\"text-editor.default\">\n\t\t\t\t\t\t\t\t\t<p>CASHER &#8211; V\u00c9G\u00c9TALIEN<\/p>\t\t\t\t\t\t\t\t<\/div>\n\t\t\t\t\t<\/div>\n\t\t\t\t<\/div>\n\t\t<div class=\"elementor-element elementor-element-ce3b28b e-flex e-con-boxed wpr-particle-no wpr-jarallax-no wpr-parallax-no wpr-sticky-section-no e-con e-parent\" data-id=\"ce3b28b\" data-element_type=\"container\" data-e-type=\"container\">\n\t\t\t\t\t<div class=\"e-con-inner\">\n\t\t\t\t<div class=\"elementor-element elementor-element-85d1890 elementor-widget elementor-widget-text-editor\" data-id=\"85d1890\" data-element_type=\"widget\" data-e-type=\"widget\" data-widget_type=\"text-editor.default\">\n\t\t\t\t\t\t\t\t\t<p>Avant-gardiste dans son ADN, Damyel a fait du v\u00e9g\u00e9talien sa force. <\/p><p class=\"p1\">Chez Damyel, chaque bouch\u00e9e est une promesse : celle d&rsquo;un plaisir pur, sans compromis. Nos cr\u00e9ations sont 100 % v\u00e9g\u00e9taliennes, sans lactose ni gluten, pour une gourmandise qui allie modernit\u00e9 et savoir-faire. <\/p><p class=\"p1\">Pr\u00e9curseurs dans l&rsquo;\u00e2me, nous avons fait du v\u00e9g\u00e9talien bien plus qu&rsquo;une alternative : c&rsquo;est notre signature. Un parti pris audacieux qui sublime le go\u00fbt authentique, sans artifice. <\/p><p class=\"p1\">Et parce que l&rsquo;excellence ne se limite pas aux saveurs, tous nos produits sont certifi\u00e9s Casher Parve sous la supervision du Rav Rottenberg, Grand Rabbinat Orthodoxe de Paris.<\/p>\t\t\t\t\t\t\t\t<\/div>\n\t\t<div class=\"elementor-element elementor-element-55e9789 e-grid e-con-boxed wpr-particle-no wpr-jarallax-no wpr-parallax-no wpr-sticky-section-no e-con e-child\" data-id=\"55e9789\" data-element_type=\"container\" data-e-type=\"container\">\n\t\t\t\t\t<div class=\"e-con-inner\">\n\t\t\t\t<div class=\"elementor-element elementor-element-2830f17 elementor-widget elementor-widget-image\" data-id=\"2830f17\" data-element_type=\"widget\" data-e-type=\"widget\" data-widget_type=\"image.default\">\n\t\t\t\t\t\t\t\t\t\t\t\t\t\t\t<img decoding=\"async\" width=\"150\" height=\"150\" src=\"https:\/\/damyel.co.il\/wp-content\/uploads\/2025\/08\/logo-3-150x150.png\" class=\"attachment-thumbnail size-thumbnail wp-image-3800\" alt=\"\" srcset=\"https:\/\/damyel.co.il\/wp-content\/uploads\/2025\/08\/logo-3-150x150.png 150w, https:\/\/damyel.co.il\/wp-content\/uploads\/2025\/08\/logo-3-100x100.png 100w, https:\/\/damyel.co.il\/wp-content\/uploads\/2025\/08\/logo-3.png 225w\" sizes=\"(max-width: 150px) 100vw, 150px\" \/>\t\t\t\t\t\t\t\t\t\t\t\t\t\t\t<\/div>\n\t\t\t\t<div class=\"elementor-element elementor-element-1fc0d2d elementor-hidden-tablet elementor-hidden-mobile elementor-widget elementor-widget-spacer\" data-id=\"1fc0d2d\" data-element_type=\"widget\" data-e-type=\"widget\" data-widget_type=\"spacer.default\">\n\t\t\t\t\t\t\t<div class=\"elementor-spacer\">\n\t\t\t<div class=\"elementor-spacer-inner\"><\/div>\n\t\t<\/div>\n\t\t\t\t\t\t<\/div>\n\t\t\t\t<div class=\"elementor-element elementor-element-aa92669 elementor-widget elementor-widget-image\" data-id=\"aa92669\" data-element_type=\"widget\" data-e-type=\"widget\" data-widget_type=\"image.default\">\n\t\t\t\t\t\t\t\t\t\t\t\t\t\t\t<img decoding=\"async\" width=\"150\" height=\"150\" src=\"https:\/\/damyel.co.il\/wp-content\/uploads\/2025\/08\/Vegan_Trademark_logo-150x150.png\" class=\"attachment-thumbnail size-thumbnail wp-image-3801\" alt=\"\" srcset=\"https:\/\/damyel.co.il\/wp-content\/uploads\/2025\/08\/Vegan_Trademark_logo-150x150.png 150w, https:\/\/damyel.co.il\/wp-content\/uploads\/2025\/08\/Vegan_Trademark_logo-300x300.png 300w, https:\/\/damyel.co.il\/wp-content\/uploads\/2025\/08\/Vegan_Trademark_logo-100x100.png 100w\" sizes=\"(max-width: 150px) 100vw, 150px\" \/>\t\t\t\t\t\t\t\t\t\t\t\t\t\t\t<\/div>\n\t\t\t\t\t<\/div>\n\t\t\t\t<\/div>\n\t\t\t\t\t<\/div>\n\t\t\t\t<\/div>\n\t\t\t\t<\/div>\n\t\t","protected":false},"excerpt":{"rendered":"<p>CASHER &#8211; V\u00c9G\u00c9TALIEN Avant-gardiste dans son ADN, Damyel a fait du v\u00e9g\u00e9talien sa force. Chez Damyel, chaque bouch\u00e9e est une promesse : celle d&rsquo;un plaisir pur, sans compromis. Nos cr\u00e9ations sont 100 % v\u00e9g\u00e9taliennes, sans lactose ni gluten, pour une gourmandise qui allie modernit\u00e9 et savoir-faire. Pr\u00e9curseurs dans l&rsquo;\u00e2me, nous avons fait du v\u00e9g\u00e9talien bien plus qu&rsquo;une alternative : c&rsquo;est notre signature. Un parti pris audacieux qui sublime le go\u00fbt authentique, sans artifice. Et parce que l&rsquo;excellence ne se limite pas aux saveurs, tous nos produits sont certifi\u00e9s Casher Parve sous la supervision du Rav Rottenberg, Grand Rabbinat Orthodoxe de Paris.<\/p>\n","protected":false},"author":1,"featured_media":0,"parent":0,"menu_order":0,"comment_status":"closed","ping_status":"closed","template":"","meta":{"_acf_changed":false,"footnotes":""},"class_list":["post-3799","page","type-page","status-publish","hentry"],"acf":[],"_links":{"self":[{"href":"https:\/\/damyel.co.il\/fr\/wp-json\/wp\/v2\/pages\/3799","targetHints":{"allow":["GET"]}}],"collection":[{"href":"https:\/\/damyel.co.il\/fr\/wp-json\/wp\/v2\/pages"}],"about":[{"href":"https:\/\/damyel.co.il\/fr\/wp-json\/wp\/v2\/types\/page"}],"author":[{"embeddable":true,"href":"https:\/\/damyel.co.il\/fr\/wp-json\/wp\/v2\/users\/1"}],"replies":[{"embeddable":true,"href":"https:\/\/damyel.co.il\/fr\/wp-json\/wp\/v2\/comments?post=3799"}],"version-history":[{"count":2,"href":"https:\/\/damyel.co.il\/fr\/wp-json\/wp\/v2\/pages\/3799\/revisions"}],"predecessor-version":[{"id":3851,"href":"https:\/\/damyel.co.il\/fr\/wp-json\/wp\/v2\/pages\/3799\/revisions\/3851"}],"wp:attachment":[{"href":"https:\/\/damyel.co.il\/fr\/wp-json\/wp\/v2\/media?parent=3799"}],"curies":[{"name":"wp","href":"https:\/\/api.w.org\/{rel}","templated":true}]}}